{"id":1043,"date":"2021-08-22T14:31:09","date_gmt":"2021-08-22T14:31:09","guid":{"rendered":"https:\/\/juedisches-wiesbaden.juedische-geschichte-wiesbaden.de\/premiere-memoire-de-la-shoah\/"},"modified":"2022-04-09T13:52:55","modified_gmt":"2022-04-09T13:52:55","slug":"premiere-memoire-de-la-shoah","status":"publish","type":"page","link":"https:\/\/juedisches-wiesbaden.de\/fr\/premiere-memoire-de-la-shoah\/","title":{"rendered":"PREMI\u00c8RES COMM\u00c9MORATIONS"},"content":{"rendered":"<section class=\"l-section wpb_row height_auto\"><div class=\"l-section-h i-cf\"><div class=\"g-cols vc_row via_flex valign_top type_default reversed\" style=\"--additional-gap:10px;\"><div class=\"vc_col-sm-4 wpb_column vc_column_container\"><div class=\"vc_column-inner\"><div class=\"wpb_wrapper\"><div class=\"w-grid type_grid layout_2790 valign_center\" id=\"us_grid_1\" data-filterable=\"true\"><style>#us_grid_1 .w-grid-item:not(:last-child){margin-bottom:1.5rem}#us_grid_1 .g-loadmore{margin-top:1.5rem}.layout_2790 .w-grid-item-h{}.layout_2790 .usg_post_image_1{margin-bottom:0.5rem!important}.layout_2790 .usg_post_title_1{font-style:italic!important;font-size:1rem!important}<\/style><div class=\"w-grid-list\">\t<article class=\"w-grid-item post-528 attachment type-attachment status-inherit hentry\" data-id=\"528\">\r\n\t\t<div class=\"w-grid-item-h\">\r\n\t\t\t\t\t\t\t<a class=\"w-grid-item-anchor\" href=\"https:\/\/juedisches-wiesbaden.de\/wp-content\/uploads\/2021\/08\/Dalin_2-1.jpg\" ref=\"magnificPopupGrid\" title=\"Les rabbins Bernstein (\u00e0 gauche) et William Z. Dalin devant la plaque comm\u00e9morative dans la synagogue en 1946. Collection Ralph Dalin\"><\/a>\r\n\t\t\t\t\t\t<div class=\"w-post-elm post_image usg_post_image_1 stretched\"><a href=\"https:\/\/juedisches-wiesbaden.de\/fr\/envira\/fruehe-erinnerung\/attachment\/dalin_2-2-2\/\" aria-label=\"Les rabbins Bernstein (\u00e0 gauche) et William Z. Dalin devant la plaque comm\u00e9morative dans la synagogue en 1946. Collection Ralph Dalin\"><img loading=\"lazy\" decoding=\"async\" width=\"462\" height=\"600\" src=\"https:\/\/juedisches-wiesbaden.de\/wp-content\/uploads\/2021\/08\/Dalin_2-1.jpg\" class=\"attachment-us_600_600_crop size-us_600_600_crop\" alt=\"Les rabbins Bernstein (\u00e0 gauche) et William Z. Dalin devant la plaque comm\u00e9morative dans la synagogue en 1946. Collection Ralph Dalin\" srcset=\"https:\/\/juedisches-wiesbaden.de\/wp-content\/uploads\/2021\/08\/Dalin_2-1.jpg 571w, https:\/\/juedisches-wiesbaden.de\/wp-content\/uploads\/2021\/08\/Dalin_2-1-231x300.jpg 231w\" sizes=\"auto, (max-width: 462px) 100vw, 462px\" \/><\/a><\/div><h2 class=\"w-post-elm post_title usg_post_title_1 entry-title color_link_inherit\"><a href=\"https:\/\/juedisches-wiesbaden.de\/fr\/envira\/fruehe-erinnerung\/attachment\/dalin_2-2-2\/\">Les rabbins Bernstein (\u00e0 gauche) et William Z. Dalin devant la plaque comm\u00e9morative dans la synagogue en 1946. Collection Ralph Dalin<\/a><\/h2>\t\t<\/div>\r\n\t<\/article>\r\n<\/div><div class=\"w-grid-preloader\"><div class=\"g-preloader type_1\">\r\n\t<div><\/div>\r\n<\/div>\r\n<\/div>\t<div class=\"w-grid-json hidden\" onclick='return {&quot;action&quot;:&quot;us_ajax_grid&quot;,&quot;ajax_url&quot;:&quot;https:\\\/\\\/juedisches-wiesbaden.de\\\/wp-admin\\\/admin-ajax.php&quot;,&quot;infinite_scroll&quot;:0,&quot;max_num_pages&quot;:1,&quot;pagination&quot;:&quot;none&quot;,&quot;permalink_url&quot;:&quot;https:\\\/\\\/juedisches-wiesbaden.de\\\/fr\\\/wp-json\\\/wp\\\/v2\\\/pages\\\/1043\\\/&quot;,&quot;template_vars&quot;:{&quot;columns&quot;:&quot;1&quot;,&quot;exclude_items&quot;:&quot;none&quot;,&quot;img_size&quot;:&quot;default&quot;,&quot;ignore_items_size&quot;:false,&quot;items_layout&quot;:&quot;2790&quot;,&quot;items_offset&quot;:&quot;1&quot;,&quot;load_animation&quot;:&quot;none&quot;,&quot;overriding_link&quot;:&quot;popup_post_image&quot;,&quot;post_id&quot;:1043,&quot;query_args&quot;:{&quot;post_type&quot;:[&quot;attachment&quot;],&quot;post__in&quot;:[&quot;526&quot;],&quot;post_status&quot;:&quot;inherit&quot;,&quot;post_mime_type&quot;:&quot;image&quot;,&quot;posts_per_page&quot;:&quot;1&quot;},&quot;orderby_query_args&quot;:{&quot;orderby&quot;:{&quot;date&quot;:&quot;DESC&quot;}},&quot;type&quot;:&quot;grid&quot;,&quot;us_grid_ajax_index&quot;:1,&quot;us_grid_filter_params&quot;:null,&quot;us_grid_index&quot;:1,&quot;_us_grid_post_type&quot;:&quot;attachment&quot;,&quot;lang&quot;:&quot;fr&quot;}}'><\/div>\r\n\t<\/div><\/div><\/div><\/div><div class=\"vc_col-sm-8 wpb_column vc_column_container\"><div class=\"vc_column-inner\"><div class=\"wpb_wrapper\"><div class=\"wpb_text_column\"><div class=\"wpb_wrapper\"><h2>Les premi\u00e8res comm\u00e9morations de la Shoah \u2013 la st\u00e8le de la Heinrich-Heine-Anlage<\/h2>\n<h3>En 1953, les victimes de la Shoah ont \u00e9t\u00e9 comm\u00e9mor\u00e9es publiquement pour la premi\u00e8re fois avec l&rsquo;\u00e9dification d&rsquo;une st\u00e8le comm\u00e9morative et l&rsquo;apposition d&rsquo;une plaque dans la Heinrich-Heine-Anlage. Depuis 1954, la communaut\u00e9 juive de Wiesbaden, la soci\u00e9t\u00e9 de coop\u00e9ration jud\u00e9o-chr\u00e9tienne et Wiesbaden, capitale de l\u2019\u00e9tat de Hesse, organisent chaque ann\u00e9e un \u00e9v\u00e9nement comm\u00e9moratif commun en souvenir des pogroms de novembre, qui ont marqu\u00e9 le d\u00e9but de la Shoah.<\/h3>\n<p>Le plus ancien rappel aux victimes de la Shoah est une plaque comm\u00e9morative install\u00e9e avec le soutien de l&rsquo;arm\u00e9e am\u00e9ricaine en 1946, lors de la cons\u00e9cration de la synagogue de la rue Friedrich. Elle \u00e9tait situ\u00e9e \u00e0 l&rsquo;int\u00e9rieur de la synagogue. En 1953, les victimes ont \u00e9t\u00e9 comm\u00e9mor\u00e9es pour la premi\u00e8re fois publiquement et donc de fa\u00e7on visible pour l\u2019ensemble de la soci\u00e9t\u00e9, gr\u00e2ce l&rsquo;\u00e9dification d&rsquo;une st\u00e8le et l&rsquo;apposition d&rsquo;une plaque comm\u00e9morative dans la Heinrich-Heine-Anlage. L\u2019am\u00e9nagement du petit jardin public situ\u00e9 \u00e0 l&#8217;emplacement de l&rsquo;ancienne synagogue d\u00e9truite en 1938 a \u00e9t\u00e9 d\u00e9cid\u00e9 par le conseil municipal en janvier 1947, \u00e0 la demande du groupe parlementaire de la CDU. Il devait rester jusqu&rsquo;\u00e0 la reconstruction de la synagogue \u00e0 Michelsberg. Le plan de reconstruction de la synagogue d\u00e9truite avait d\u00e9j\u00e0 \u00e9t\u00e9 approuv\u00e9 par le gouvernement militaire. Cela ne s&rsquo;est pas concr\u00e9tis\u00e9.<\/p>\n<\/div><\/div><\/div><\/div><\/div><\/div><\/div><\/section><section class=\"l-section wpb_row height_small\"><div class=\"l-section-h i-cf\"><div class=\"g-cols vc_row via_flex valign_top type_default reversed\" style=\"--additional-gap:10px;\"><div class=\"vc_col-sm-4 wpb_column vc_column_container\"><div class=\"vc_column-inner\"><div class=\"wpb_wrapper\"><div class=\"w-grid type_grid layout_2790 valign_center\" id=\"us_grid_2\"><style>#us_grid_2 .w-grid-item:not(:last-child){margin-bottom:1.5rem}#us_grid_2 .g-loadmore{margin-top:1.5rem}<\/style><div class=\"w-grid-list\">\t<article class=\"w-grid-item post-536 attachment type-attachment status-inherit hentry\" data-id=\"536\">\r\n\t\t<div class=\"w-grid-item-h\">\r\n\t\t\t\t\t\t\t<a class=\"w-grid-item-anchor\" href=\"https:\/\/juedisches-wiesbaden.de\/wp-content\/uploads\/2021\/08\/Stele-Einweihung-1953_Sammlung.JGW_.jpg\" ref=\"magnificPopupGrid\" title=\"Derri\u00e8re \u00e0 droite : Naftali Rottenberg lors du d\u00e9voilement de la st\u00e8le comm\u00e9morative en 1953 \u00e0 Michelsberg, Wiesbaden. Collection de la communaut\u00e9 juive de Wiesbaden\"><\/a>\r\n\t\t\t\t\t\t<div class=\"w-post-elm post_image usg_post_image_1 stretched\"><a href=\"https:\/\/juedisches-wiesbaden.de\/fr\/envira\/fruehe-erinnerung\/attachment\/stele-einweihung-1953_sammlung-jgw-2\/\" aria-label=\"Derri\u00e8re \u00e0 droite : Naftali Rottenberg lors du d\u00e9voilement de la st\u00e8le comm\u00e9morative en 1953 \u00e0 Michelsberg, Wiesbaden. Collection de la communaut\u00e9 juive de Wiesbaden\"><img loading=\"lazy\" decoding=\"async\" width=\"391\" height=\"600\" src=\"https:\/\/juedisches-wiesbaden.de\/wp-content\/uploads\/2021\/08\/Stele-Einweihung-1953_Sammlung.JGW_.jpg\" class=\"attachment-us_600_600_crop size-us_600_600_crop\" alt=\"Derri\u00e8re \u00e0 droite : Naftali Rottenberg lors du d\u00e9voilement de la st\u00e8le comm\u00e9morative en 1953 \u00e0 Michelsberg, Wiesbaden. Collection de la communaut\u00e9 juive de Wiesbaden\" srcset=\"https:\/\/juedisches-wiesbaden.de\/wp-content\/uploads\/2021\/08\/Stele-Einweihung-1953_Sammlung.JGW_.jpg 1428w, https:\/\/juedisches-wiesbaden.de\/wp-content\/uploads\/2021\/08\/Stele-Einweihung-1953_Sammlung.JGW_-195x300.jpg 195w, https:\/\/juedisches-wiesbaden.de\/wp-content\/uploads\/2021\/08\/Stele-Einweihung-1953_Sammlung.JGW_-667x1024.jpg 667w\" sizes=\"auto, (max-width: 391px) 100vw, 391px\" \/><\/a><\/div><h2 class=\"w-post-elm post_title usg_post_title_1 entry-title color_link_inherit\"><a href=\"https:\/\/juedisches-wiesbaden.de\/fr\/envira\/fruehe-erinnerung\/attachment\/stele-einweihung-1953_sammlung-jgw-2\/\">Derri\u00e8re \u00e0 droite : Naftali Rottenberg lors du d\u00e9voilement de la st\u00e8le comm\u00e9morative en 1953 \u00e0 Michelsberg, Wiesbaden. Collection de la communaut\u00e9 juive de Wiesbaden<\/a><\/h2>\t\t<\/div>\r\n\t<\/article>\r\n<\/div><div class=\"w-grid-preloader\"><div class=\"g-preloader type_1\">\r\n\t<div><\/div>\r\n<\/div>\r\n<\/div>\t<div class=\"w-grid-json hidden\" onclick='return {&quot;action&quot;:&quot;us_ajax_grid&quot;,&quot;ajax_url&quot;:&quot;https:\\\/\\\/juedisches-wiesbaden.de\\\/wp-admin\\\/admin-ajax.php&quot;,&quot;infinite_scroll&quot;:0,&quot;max_num_pages&quot;:1,&quot;pagination&quot;:&quot;none&quot;,&quot;permalink_url&quot;:&quot;https:\\\/\\\/juedisches-wiesbaden.de\\\/fr\\\/wp-json\\\/wp\\\/v2\\\/pages\\\/1043\\\/&quot;,&quot;template_vars&quot;:{&quot;columns&quot;:&quot;1&quot;,&quot;exclude_items&quot;:&quot;none&quot;,&quot;img_size&quot;:&quot;default&quot;,&quot;ignore_items_size&quot;:false,&quot;items_layout&quot;:&quot;2790&quot;,&quot;items_offset&quot;:&quot;1&quot;,&quot;load_animation&quot;:&quot;none&quot;,&quot;overriding_link&quot;:&quot;popup_post_image&quot;,&quot;post_id&quot;:528,&quot;query_args&quot;:{&quot;post_type&quot;:[&quot;attachment&quot;],&quot;post__in&quot;:[&quot;534&quot;],&quot;post_status&quot;:&quot;inherit&quot;,&quot;post_mime_type&quot;:&quot;image&quot;,&quot;posts_per_page&quot;:&quot;1&quot;},&quot;orderby_query_args&quot;:{&quot;orderby&quot;:{&quot;date&quot;:&quot;DESC&quot;}},&quot;type&quot;:&quot;grid&quot;,&quot;us_grid_ajax_index&quot;:1,&quot;us_grid_filter_params&quot;:null,&quot;us_grid_index&quot;:2,&quot;_us_grid_post_type&quot;:&quot;attachment&quot;,&quot;lang&quot;:&quot;fr&quot;}}'><\/div>\r\n\t<\/div><div class=\"w-separator size_custom\" style=\"height:40px\"><\/div><div class=\"w-grid type_grid layout_2790 valign_center\" id=\"us_grid_3\"><style>#us_grid_3 .w-grid-item:not(:last-child){margin-bottom:1.5rem}#us_grid_3 .g-loadmore{margin-top:1.5rem}<\/style><div class=\"w-grid-list\">\t<article class=\"w-grid-item post-532 attachment type-attachment status-inherit hentry\" data-id=\"532\">\r\n\t\t<div class=\"w-grid-item-h\">\r\n\t\t\t\t\t\t\t<a class=\"w-grid-item-anchor\" href=\"https:\/\/juedisches-wiesbaden.de\/wp-content\/uploads\/2021\/08\/Die-Gedenkstaette-Abbildung-Juedische-Gemeinde-Wiesbaden-Fotograf-Igor-Eisenschtat-scaled-e1648843727791.jpg\" ref=\"magnificPopupGrid\" title=\"Le m\u00e9morial pour les juifs assassin\u00e9s de Wiesbaden en 2020. Photographe : Igor Eisenschtat. Collection de la communaut\u00e9 juive de Wiesbaden\"><\/a>\r\n\t\t\t\t\t\t<div class=\"w-post-elm post_image usg_post_image_1 stretched\"><a href=\"https:\/\/juedisches-wiesbaden.de\/fr\/envira\/fruehe-erinnerung\/attachment\/die-gedenkstaette-abbildung-juedische-gemeinde-wiesbaden-fotograf-igor-eisenschtat-2\/\" aria-label=\"Le m\u00e9morial pour les juifs assassin\u00e9s de Wiesbaden en 2020. Photographe : Igor Eisenschtat. Collection de la communaut\u00e9 juive de Wiesbaden\"><img loading=\"lazy\" decoding=\"async\" width=\"600\" height=\"352\" src=\"https:\/\/juedisches-wiesbaden.de\/wp-content\/uploads\/2021\/08\/Die-Gedenkstaette-Abbildung-Juedische-Gemeinde-Wiesbaden-Fotograf-Igor-Eisenschtat-scaled-e1648843727791.jpg\" class=\"attachment-us_600_600_crop size-us_600_600_crop\" alt=\"Le m\u00e9morial pour les juifs assassin\u00e9s de Wiesbaden en 2020. Photographe : Igor Eisenschtat. Collection de la communaut\u00e9 juive de Wiesbaden\" \/><\/a><\/div><h2 class=\"w-post-elm post_title usg_post_title_1 entry-title color_link_inherit\"><a href=\"https:\/\/juedisches-wiesbaden.de\/fr\/envira\/fruehe-erinnerung\/attachment\/die-gedenkstaette-abbildung-juedische-gemeinde-wiesbaden-fotograf-igor-eisenschtat-2\/\">Le m\u00e9morial pour les juifs assassin\u00e9s de Wiesbaden en 2020. Photographe : Igor Eisenschtat. Collection de la communaut\u00e9 juive de Wiesbaden<\/a><\/h2>\t\t<\/div>\r\n\t<\/article>\r\n<\/div><div class=\"w-grid-preloader\"><div class=\"g-preloader type_1\">\r\n\t<div><\/div>\r\n<\/div>\r\n<\/div>\t<div class=\"w-grid-json hidden\" onclick='return {&quot;action&quot;:&quot;us_ajax_grid&quot;,&quot;ajax_url&quot;:&quot;https:\\\/\\\/juedisches-wiesbaden.de\\\/wp-admin\\\/admin-ajax.php&quot;,&quot;infinite_scroll&quot;:0,&quot;max_num_pages&quot;:1,&quot;pagination&quot;:&quot;none&quot;,&quot;permalink_url&quot;:&quot;https:\\\/\\\/juedisches-wiesbaden.de\\\/fr\\\/wp-json\\\/wp\\\/v2\\\/pages\\\/1043\\\/&quot;,&quot;template_vars&quot;:{&quot;columns&quot;:&quot;1&quot;,&quot;exclude_items&quot;:&quot;none&quot;,&quot;img_size&quot;:&quot;default&quot;,&quot;ignore_items_size&quot;:false,&quot;items_layout&quot;:&quot;2790&quot;,&quot;items_offset&quot;:&quot;1&quot;,&quot;load_animation&quot;:&quot;none&quot;,&quot;overriding_link&quot;:&quot;popup_post_image&quot;,&quot;post_id&quot;:536,&quot;query_args&quot;:{&quot;post_type&quot;:[&quot;attachment&quot;],&quot;post__in&quot;:[&quot;530&quot;],&quot;post_status&quot;:&quot;inherit&quot;,&quot;post_mime_type&quot;:&quot;image&quot;,&quot;posts_per_page&quot;:&quot;1&quot;},&quot;orderby_query_args&quot;:{&quot;orderby&quot;:{&quot;date&quot;:&quot;DESC&quot;}},&quot;type&quot;:&quot;grid&quot;,&quot;us_grid_ajax_index&quot;:1,&quot;us_grid_filter_params&quot;:null,&quot;us_grid_index&quot;:3,&quot;_us_grid_post_type&quot;:&quot;attachment&quot;,&quot;lang&quot;:&quot;fr&quot;}}'><\/div>\r\n\t<\/div><\/div><\/div><\/div><div class=\"vc_col-sm-8 wpb_column vc_column_container\"><div class=\"vc_column-inner\"><div class=\"wpb_wrapper\"><div class=\"wpb_text_column\"><div class=\"wpb_wrapper\"><p>Le 23 avril 1953, le conseil municipal a d\u00e9cid\u00e9 d&rsquo;\u00e9riger une st\u00e8le dans la zone alors appel\u00e9e Schlichter&rsquo;scher Garten. Le sculpteur Egon Altdorf a \u00e9t\u00e9 charg\u00e9 de concevoir la st\u00e8le. Celle-ci mesurait trois m\u00e8tres de haut et pesait une tonne. Apr\u00e8s avoir \u00e9t\u00e9 lib\u00e9r\u00e9 de la captivit\u00e9 am\u00e9ricaine, Altdorf, qui est n\u00e9 en Pom\u00e9ranie, est venu \u00e0 Wiesbaden en 1946. De 1947 \u00e0 1949, il fr\u00e9quente la Werkkunstschule de Wiesbaden (\u00e9cole d&rsquo;arts appliqu\u00e9s de Wiesbaden), o\u00f9 il \u00e9tudie avec le sculpteur Friedrich Roland Watzka. En 1949\/50, Altdorf a fr\u00e9quent\u00e9 la Wiesbadener Freie Kunstschule (l&rsquo;\u00e9cole ind\u00e9pendante d&rsquo;art de Wiesbaden) et, de 1949 \u00e0 1952, la Staatliche Bau- und Kunstschule de Mayence (l\u2019\u00e9cole nationale de construction et d&rsquo;art). Un autre projet a permis la coop\u00e9ration entre Altdorf et la communaut\u00e9 juive de Wiesbaden: il a \u00e9t\u00e9 charg\u00e9 de concevoir l&rsquo;int\u00e9rieur de la nouvelle synagogue de la rue Friedrich. Les fen\u00eatres et certaines parties de l&rsquo;int\u00e9rieur constituent encore aujourd&rsquo;hui sa plus grande \u0153uvre d&rsquo;art.<\/p>\n<h3>Des repr\u00e9sentants de la municipalit\u00e9 prennent la parole lors de la c\u00e9r\u00e9monie de comm\u00e9moration<\/h3>\n<p>L&rsquo;inauguration de la st\u00e8le comm\u00e9morative dans ce qui est maintenant connu comme le parc Heinrich Heine a eu lieu le 23 ao\u00fbt 1953. La c\u00e9r\u00e9monie pr\u00e9voyait d&rsquo;abord un discours du maire de Wiesbaden, M. Kluge, puis la prise de parole d\u2019un repr\u00e9sentant du conseil d&rsquo;administration de la communaut\u00e9 juive. L&rsquo;avocat Dr. Goldberg a parl\u00e9 au nom du conseil. \u00c9taient \u00e9galement pr\u00e9sents Naftali Rottenberg, Ludwig Fries et Roman Mandelbaum. Outre des repr\u00e9sentants du conseil municipal et du magistrat, Claire Guthmann, Heinrich Mannweiler et le Dr. Josef Massenkeil repr\u00e9sentaient la Soci\u00e9t\u00e9 pour la coop\u00e9ration jud\u00e9o-chr\u00e9tienne. L&rsquo;arm\u00e9e am\u00e9ricaine \u00e9tait \u00e9galement repr\u00e9sent\u00e9e \u00e0 l&rsquo;\u00e9v\u00e9nement.\u00a0<\/p>\n<p>Dans la Heinrich-Heine-Anlage, l\u2019ancien site de la synagogue, les manifestations comm\u00e9moratives annuelles en souvenir des pogroms de novembre 1938 ont eu lieu apr\u00e8s l&rsquo;\u00e9dification de la st\u00e8le comm\u00e9morative. Depuis 2011, le m\u00e9morial pour les Juifs assassin\u00e9s de Wiesbaden se trouve sur le site.<\/p>\n<\/div><\/div><\/div><\/div><\/div><\/div><\/div><\/section>","protected":false},"excerpt":{"rendered":"","protected":false},"author":5,"featured_media":518,"parent":0,"menu_order":0,"comment_status":"closed","ping_status":"closed","template":"","meta":{"inline_featured_image":false,"footnotes":""},"class_list":["post-1043","page","type-page","status-publish","has-post-thumbnail","hentry"],"_links":{"self":[{"href":"https:\/\/juedisches-wiesbaden.de\/fr\/wp-json\/wp\/v2\/pages\/1043","targetHints":{"allow":["GET"]}}],"collection":[{"href":"https:\/\/juedisches-wiesbaden.de\/fr\/wp-json\/wp\/v2\/pages"}],"about":[{"href":"https:\/\/juedisches-wiesbaden.de\/fr\/wp-json\/wp\/v2\/types\/page"}],"author":[{"embeddable":true,"href":"https:\/\/juedisches-wiesbaden.de\/fr\/wp-json\/wp\/v2\/users\/5"}],"replies":[{"embeddable":true,"href":"https:\/\/juedisches-wiesbaden.de\/fr\/wp-json\/wp\/v2\/comments?post=1043"}],"version-history":[{"count":12,"href":"https:\/\/juedisches-wiesbaden.de\/fr\/wp-json\/wp\/v2\/pages\/1043\/revisions"}],"predecessor-version":[{"id":3497,"href":"https:\/\/juedisches-wiesbaden.de\/fr\/wp-json\/wp\/v2\/pages\/1043\/revisions\/3497"}],"wp:featuredmedia":[{"embeddable":true,"href":"https:\/\/juedisches-wiesbaden.de\/fr\/wp-json\/wp\/v2\/media\/518"}],"wp:attachment":[{"href":"https:\/\/juedisches-wiesbaden.de\/fr\/wp-json\/wp\/v2\/media?parent=1043"}],"curies":[{"name":"wp","href":"https:\/\/api.w.org\/{rel}","templated":true}]}}