{"id":1054,"date":"2021-08-22T14:51:46","date_gmt":"2021-08-22T14:51:46","guid":{"rendered":"https:\/\/juedisches-wiesbaden.juedische-geschichte-wiesbaden.de\/memorial-annuel\/"},"modified":"2022-04-09T14:03:43","modified_gmt":"2022-04-09T14:03:43","slug":"memorial-annuel","status":"publish","type":"page","link":"https:\/\/juedisches-wiesbaden.de\/fr\/memorial-annuel\/","title":{"rendered":"COMM\u00c9MORATION ANNUELL"},"content":{"rendered":"<section class=\"l-section wpb_row height_auto\"><div class=\"l-section-h i-cf\"><div class=\"g-cols vc_row via_flex valign_top type_default reversed\" style=\"--additional-gap:10px;\"><div class=\"vc_col-sm-4 wpb_column vc_column_container\"><div class=\"vc_column-inner\"><div class=\"wpb_wrapper\"><div class=\"w-grid type_grid layout_2697 valign_center\" id=\"us_grid_1\" data-filterable=\"true\"><style>#us_grid_1 .w-grid-item:not(:last-child){margin-bottom:0.2rem}#us_grid_1 .g-loadmore{margin-top:0.2rem}.layout_2697 .w-grid-item-h{}<\/style><div class=\"w-grid-list\">\t<article class=\"w-grid-item post-818 attachment type-attachment status-inherit hentry\" data-id=\"818\">\r\n\t\t<div class=\"w-grid-item-h\">\r\n\t\t\t\t\t\t\t<a class=\"w-grid-item-anchor\" href=\"https:\/\/juedisches-wiesbaden.de\/wp-content\/uploads\/2021\/08\/000491.jpg\" ref=\"magnificPopupGrid\" title=\"Comm\u00e9moration des pogroms de novembre 1938 le 10 novembre 1963 dans la Heinrich-Heine-Anlage. Photographe : Joachim B. Weber. StadtA WI, F000-491\"><\/a>\r\n\t\t\t\t\t\t<div class=\"w-post-elm post_image usg_post_image_1 stretched\"><a href=\"https:\/\/juedisches-wiesbaden.de\/fr\/envira\/jaehrliches-gedenken\/attachment\/000491-2\/\" aria-label=\"Comm\u00e9moration des pogroms de novembre 1938 le 10 novembre 1963 dans la Heinrich-Heine-Anlage. Photographe : Joachim B. Weber. StadtA WI, F000-491\"><img loading=\"lazy\" decoding=\"async\" width=\"2147\" height=\"1683\" src=\"https:\/\/juedisches-wiesbaden.de\/wp-content\/uploads\/2021\/08\/000491.jpg\" class=\"attachment-full size-full\" alt=\"Comm\u00e9moration des pogroms de novembre 1938 le 10 novembre 1963 dans la Heinrich-Heine-Anlage. Photographe : Joachim B. Weber. StadtA WI, F000-491\" srcset=\"https:\/\/juedisches-wiesbaden.de\/wp-content\/uploads\/2021\/08\/000491.jpg 2147w, https:\/\/juedisches-wiesbaden.de\/wp-content\/uploads\/2021\/08\/000491-300x235.jpg 300w, https:\/\/juedisches-wiesbaden.de\/wp-content\/uploads\/2021\/08\/000491-1024x803.jpg 1024w\" sizes=\"auto, (max-width: 2147px) 100vw, 2147px\" \/><\/a><\/div>\t\t<\/div>\r\n\t<\/article>\r\n\t<article class=\"w-grid-item post-814 attachment type-attachment status-inherit hentry\" data-id=\"814\">\r\n\t\t<div class=\"w-grid-item-h\">\r\n\t\t\t\t\t\t\t<a class=\"w-grid-item-anchor\" href=\"https:\/\/juedisches-wiesbaden.de\/wp-content\/uploads\/2021\/08\/000490.jpg\" ref=\"magnificPopupGrid\" title=\"Le maire Georg Buch prend la parole lors de la c\u00e9r\u00e9monie comm\u00e9morative du 10 novembre 1963. Photographe : Joachim B. Weber. StadtA WI, F000-490\"><\/a>\r\n\t\t\t\t\t\t<div class=\"w-post-elm post_image usg_post_image_1 stretched\"><a href=\"https:\/\/juedisches-wiesbaden.de\/fr\/envira\/jaehrliches-gedenken\/attachment\/000490-2\/\" aria-label=\"Le maire Georg Buch prend la parole lors de la c\u00e9r\u00e9monie comm\u00e9morative du 10 novembre 1963. Photographe : Joachim B. Weber. StadtA WI, F000-490\"><img loading=\"lazy\" decoding=\"async\" width=\"2063\" height=\"1881\" src=\"https:\/\/juedisches-wiesbaden.de\/wp-content\/uploads\/2021\/08\/000490.jpg\" class=\"attachment-full size-full\" alt=\"Le maire Georg Buch prend la parole lors de la c\u00e9r\u00e9monie comm\u00e9morative du 10 novembre 1963. Photographe : Joachim B. Weber. StadtA WI, F000-490\" srcset=\"https:\/\/juedisches-wiesbaden.de\/wp-content\/uploads\/2021\/08\/000490.jpg 2063w, https:\/\/juedisches-wiesbaden.de\/wp-content\/uploads\/2021\/08\/000490-300x274.jpg 300w, https:\/\/juedisches-wiesbaden.de\/wp-content\/uploads\/2021\/08\/000490-1024x934.jpg 1024w\" sizes=\"auto, (max-width: 2063px) 100vw, 2063px\" \/><\/a><\/div>\t\t<\/div>\r\n\t<\/article>\r\n\t<article class=\"w-grid-item post-809 attachment type-attachment status-inherit hentry\" data-id=\"809\">\r\n\t\t<div class=\"w-grid-item-h\">\r\n\t\t\t\t\t\t\t<a class=\"w-grid-item-anchor\" href=\"https:\/\/juedisches-wiesbaden.de\/wp-content\/uploads\/2021\/08\/Beitragsbild-Gedenken-000682.jpg\" ref=\"magnificPopupGrid\" title=\"Comm\u00e9moration des pogroms de novembre 1938 le 10 novembre 1963 dans la Heinrich-Heine-Anlage. Photo : Joachim B. Weber. StadtA WI, F000-682\"><\/a>\r\n\t\t\t\t\t\t<div class=\"w-post-elm post_image usg_post_image_1 stretched\"><a href=\"https:\/\/juedisches-wiesbaden.de\/fr\/memorial-annuel\/attachment\/beitragsbild-gedenken-000682-2\/\" aria-label=\"Comm\u00e9moration des pogroms de novembre 1938 le 10 novembre 1963 dans la Heinrich-Heine-Anlage. Photo : Joachim B. Weber. StadtA WI, F000-682\"><img loading=\"lazy\" decoding=\"async\" width=\"1140\" height=\"760\" src=\"https:\/\/juedisches-wiesbaden.de\/wp-content\/uploads\/2021\/08\/Beitragsbild-Gedenken-000682.jpg\" class=\"attachment-full size-full\" alt=\"Comm\u00e9moration des pogroms de novembre 1938 le 10 novembre 1963 dans la Heinrich-Heine-Anlage. Photo : Joachim B. Weber. StadtA WI, F000-682\" srcset=\"https:\/\/juedisches-wiesbaden.de\/wp-content\/uploads\/2021\/08\/Beitragsbild-Gedenken-000682.jpg 1140w, https:\/\/juedisches-wiesbaden.de\/wp-content\/uploads\/2021\/08\/Beitragsbild-Gedenken-000682-300x200.jpg 300w, https:\/\/juedisches-wiesbaden.de\/wp-content\/uploads\/2021\/08\/Beitragsbild-Gedenken-000682-1024x683.jpg 1024w\" sizes=\"auto, (max-width: 1140px) 100vw, 1140px\" \/><\/a><\/div>\t\t<\/div>\r\n\t<\/article>\r\n<\/div><div class=\"w-grid-preloader\"><div class=\"g-preloader type_1\">\r\n\t<div><\/div>\r\n<\/div>\r\n<\/div>\t<div class=\"w-grid-json hidden\" onclick='return {&quot;action&quot;:&quot;us_ajax_grid&quot;,&quot;ajax_url&quot;:&quot;https:\\\/\\\/juedisches-wiesbaden.de\\\/wp-admin\\\/admin-ajax.php&quot;,&quot;infinite_scroll&quot;:0,&quot;max_num_pages&quot;:1,&quot;pagination&quot;:&quot;none&quot;,&quot;permalink_url&quot;:&quot;https:\\\/\\\/juedisches-wiesbaden.de\\\/fr\\\/wp-json\\\/wp\\\/v2\\\/pages\\\/1054\\\/&quot;,&quot;template_vars&quot;:{&quot;columns&quot;:&quot;1&quot;,&quot;exclude_items&quot;:&quot;none&quot;,&quot;img_size&quot;:&quot;default&quot;,&quot;ignore_items_size&quot;:false,&quot;items_layout&quot;:&quot;2697&quot;,&quot;items_offset&quot;:&quot;1&quot;,&quot;load_animation&quot;:&quot;none&quot;,&quot;overriding_link&quot;:&quot;popup_post_image&quot;,&quot;post_id&quot;:1054,&quot;query_args&quot;:{&quot;post_type&quot;:[&quot;attachment&quot;],&quot;post__in&quot;:[&quot;816&quot;,&quot;812&quot;,&quot;807&quot;],&quot;post_status&quot;:&quot;inherit&quot;,&quot;post_mime_type&quot;:&quot;image&quot;,&quot;posts_per_page&quot;:&quot;5&quot;},&quot;orderby_query_args&quot;:{&quot;orderby&quot;:{&quot;date&quot;:&quot;DESC&quot;}},&quot;type&quot;:&quot;grid&quot;,&quot;us_grid_ajax_index&quot;:1,&quot;us_grid_filter_params&quot;:null,&quot;us_grid_index&quot;:1,&quot;_us_grid_post_type&quot;:&quot;attachment&quot;,&quot;lang&quot;:&quot;fr&quot;}}'><\/div>\r\n\t<\/div><\/div><\/div><\/div><div class=\"vc_col-sm-8 wpb_column vc_column_container\"><div class=\"vc_column-inner\"><div class=\"wpb_wrapper\"><div class=\"wpb_text_column\"><div class=\"wpb_wrapper\"><h2>Comm\u00e9moration des pogroms de novembre<\/h2>\n<h3>En 1954, la communaut\u00e9 juive de Wiesbaden et la soci\u00e9t\u00e9 de coop\u00e9ration jud\u00e9o-chr\u00e9tienne ont commenc\u00e9 \u00e0 comm\u00e9morer publiquement les pogroms de novembre. Depuis 1989, la capitale du Land, Wiesbaden, co-organise la comm\u00e9moration annuelle.<\/h3>\n<p>L&rsquo;ancien site de la synagogue de Michelsberg est le lieu de comm\u00e9moration des pogroms de novembre 1938. Depuis 1954, la Soci\u00e9t\u00e9 de coop\u00e9ration jud\u00e9o-chr\u00e9tienne de Wiesbaden (GCJZ) et la communaut\u00e9 juive de Wiesbaden comm\u00e9morent lors d\u2019un \u00e9v\u00e9nement commun la destruction des synagogues de Wiesbaden en novembre 1938. Cette destruction constitua la premi\u00e8re escalade de la violence contre les Juifs. Les pogroms ont marqu\u00e9 le d\u00e9but de la Shoah.<\/p>\n<p>Depuis l\u2019\u00e9dification de la st\u00e8le en 1953 et \u00e0 quelques exceptions pr\u00e8s, les comm\u00e9morations ont eu lieu \u00e0 la Heinrich-Heine-Anlage. Aujourd&rsquo;hui, le m\u00e9morial pour les Juifs assassin\u00e9s de Wiesbaden se dresse sur le site. Jusqu&rsquo;en 1988, la GCJZ (soci\u00e9t\u00e9 de coop\u00e9ration jud\u00e9o-chr\u00e9tienne) et la Communaut\u00e9 juive \u00e9taient les organisateurs. En 1989, pour la premi\u00e8re fois, la capitale du Land, Wiesbaden, et la communaut\u00e9 juive comm\u00e9morent ensemble les victimes de la Shoah. Depuis 1992, la GCJZ (soci\u00e9t\u00e9 de coop\u00e9ration jud\u00e9o-chr\u00e9tienne) co-organise \u00e0 nouveau l\u2019\u00e9v\u00e9nement. Depuis la premi\u00e8re comm\u00e9moration, des repr\u00e9sentants de la capitale du Land, Wiesbaden, ont particip\u00e9 en tant qu&rsquo;orateurs et ont contribu\u00e9 \u00e0 fa\u00e7onner l&rsquo;\u00e9v\u00e9nement. Depuis 2001, des \u00e9l\u00e8ves d&rsquo;une \u00e9cole de Wiesbaden qui \u00e9tudient la Shoah, ainsi des jeunes de la communaut\u00e9 juive de Wiesbaden, participent \u00e0 l\u2019\u00e9laboration du programme.<\/p>\n<\/div><\/div><\/div><\/div><\/div><\/div><\/div><\/section><section class=\"l-section wpb_row height_medium\"><div class=\"l-section-h i-cf\"><div class=\"g-cols vc_row via_flex valign_top type_default\"><div class=\"vc_col-sm-4 wpb_column vc_column_container\"><div class=\"vc_column-inner\"><div class=\"wpb_wrapper\"><div class=\"w-grid type_grid layout_2697 valign_center\" id=\"us_grid_2\"><style>#us_grid_2 .w-grid-item:not(:last-child){margin-bottom:0.2rem}#us_grid_2 .g-loadmore{margin-top:0.2rem}<\/style><div class=\"w-grid-list\">\t<article class=\"w-grid-item post-834 attachment type-attachment status-inherit hentry\" data-id=\"834\">\r\n\t\t<div class=\"w-grid-item-h\">\r\n\t\t\t\t\t\t\t<a class=\"w-grid-item-anchor\" href=\"https:\/\/juedisches-wiesbaden.de\/wp-content\/uploads\/2021\/08\/DSC_8333-e1648807141246.jpg\" ref=\"magnificPopupGrid\" title=\"Comm\u00e9moration des pogroms de novembre au m\u00e9morial pour les juifs assassin\u00e9s de Wiesbaden. Photographe : Igor Eisenschtat. Collection de la communaut\u00e9 juive de Wiesbaden\"><\/a>\r\n\t\t\t\t\t\t<div class=\"w-post-elm post_image usg_post_image_1 stretched\"><a href=\"https:\/\/juedisches-wiesbaden.de\/fr\/envira\/jaehrliches-gedenken\/attachment\/dsc_8333-2\/\" aria-label=\"Comm\u00e9moration des pogroms de novembre au m\u00e9morial pour les juifs assassin\u00e9s de Wiesbaden. Photographe : Igor Eisenschtat. Collection de la communaut\u00e9 juive de Wiesbaden\"><img loading=\"lazy\" decoding=\"async\" width=\"4028\" height=\"1946\" src=\"https:\/\/juedisches-wiesbaden.de\/wp-content\/uploads\/2021\/08\/DSC_8333-e1648807141246.jpg\" class=\"attachment-full size-full\" alt=\"Comm\u00e9moration des pogroms de novembre au m\u00e9morial pour les juifs assassin\u00e9s de Wiesbaden. Photographe : Igor Eisenschtat. Collection de la communaut\u00e9 juive de Wiesbaden\" \/><\/a><\/div>\t\t<\/div>\r\n\t<\/article>\r\n\t<article class=\"w-grid-item post-830 attachment type-attachment status-inherit hentry\" data-id=\"830\">\r\n\t\t<div class=\"w-grid-item-h\">\r\n\t\t\t\t\t\t\t<a class=\"w-grid-item-anchor\" href=\"https:\/\/juedisches-wiesbaden.de\/wp-content\/uploads\/2021\/08\/DSC_2020-scaled.jpg\" ref=\"magnificPopupGrid\" title=\"Comm\u00e9moration des pogroms de novembre au m\u00e9morial pour les juifs assassin\u00e9s de Wiesbaden. Photographe : Igor Eisenschtat. Collection de la communaut\u00e9 juive de Wiesbaden\"><\/a>\r\n\t\t\t\t\t\t<div class=\"w-post-elm post_image usg_post_image_1 stretched\"><a href=\"https:\/\/juedisches-wiesbaden.de\/fr\/envira\/jaehrliches-gedenken\/attachment\/dsc_2020-2\/\" aria-label=\"Comm\u00e9moration des pogroms de novembre au m\u00e9morial pour les juifs assassin\u00e9s de Wiesbaden. Photographe : Igor Eisenschtat. Collection de la communaut\u00e9 juive de Wiesbaden\"><img loading=\"lazy\" decoding=\"async\" width=\"2560\" height=\"1455\" src=\"https:\/\/juedisches-wiesbaden.de\/wp-content\/uploads\/2021\/08\/DSC_2020-scaled.jpg\" class=\"attachment-full size-full\" alt=\"Comm\u00e9moration des pogroms de novembre au m\u00e9morial pour les juifs assassin\u00e9s de Wiesbaden. Photographe : Igor Eisenschtat. Collection de la communaut\u00e9 juive de Wiesbaden\" srcset=\"https:\/\/juedisches-wiesbaden.de\/wp-content\/uploads\/2021\/08\/DSC_2020-scaled.jpg 2560w, https:\/\/juedisches-wiesbaden.de\/wp-content\/uploads\/2021\/08\/DSC_2020-scaled-300x171.jpg 300w, https:\/\/juedisches-wiesbaden.de\/wp-content\/uploads\/2021\/08\/DSC_2020-scaled-1024x582.jpg 1024w\" sizes=\"auto, (max-width: 2560px) 100vw, 2560px\" \/><\/a><\/div>\t\t<\/div>\r\n\t<\/article>\r\n\t<article class=\"w-grid-item post-826 attachment type-attachment status-inherit hentry\" data-id=\"826\">\r\n\t\t<div class=\"w-grid-item-h\">\r\n\t\t\t\t\t\t\t<a class=\"w-grid-item-anchor\" href=\"https:\/\/juedisches-wiesbaden.de\/wp-content\/uploads\/2021\/08\/DSC_0893-scaled.jpg\" ref=\"magnificPopupGrid\" title=\"Comm\u00e9moration des pogroms de novembre au m\u00e9morial pour les juifs assassin\u00e9s de Wiesbaden. Photographe : Igor Eisenschtat. Collection de la communaut\u00e9 juive de Wiesbaden\"><\/a>\r\n\t\t\t\t\t\t<div class=\"w-post-elm post_image usg_post_image_1 stretched\"><a href=\"https:\/\/juedisches-wiesbaden.de\/fr\/envira\/jaehrliches-gedenken\/attachment\/dsc_0893-2\/\" aria-label=\"Comm\u00e9moration des pogroms de novembre au m\u00e9morial pour les juifs assassin\u00e9s de Wiesbaden. Photographe : Igor Eisenschtat. Collection de la communaut\u00e9 juive de Wiesbaden\"><img loading=\"lazy\" decoding=\"async\" width=\"2560\" height=\"1703\" src=\"https:\/\/juedisches-wiesbaden.de\/wp-content\/uploads\/2021\/08\/DSC_0893-scaled.jpg\" class=\"attachment-full size-full\" alt=\"Comm\u00e9moration des pogroms de novembre au m\u00e9morial pour les juifs assassin\u00e9s de Wiesbaden. Photographe : Igor Eisenschtat. Collection de la communaut\u00e9 juive de Wiesbaden\" srcset=\"https:\/\/juedisches-wiesbaden.de\/wp-content\/uploads\/2021\/08\/DSC_0893-scaled.jpg 2560w, https:\/\/juedisches-wiesbaden.de\/wp-content\/uploads\/2021\/08\/DSC_0893-scaled-300x200.jpg 300w, https:\/\/juedisches-wiesbaden.de\/wp-content\/uploads\/2021\/08\/DSC_0893-scaled-1024x681.jpg 1024w\" sizes=\"auto, (max-width: 2560px) 100vw, 2560px\" \/><\/a><\/div>\t\t<\/div>\r\n\t<\/article>\r\n<\/div><div class=\"w-grid-preloader\"><div class=\"g-preloader type_1\">\r\n\t<div><\/div>\r\n<\/div>\r\n<\/div>\t<div class=\"w-grid-json hidden\" onclick='return {&quot;action&quot;:&quot;us_ajax_grid&quot;,&quot;ajax_url&quot;:&quot;https:\\\/\\\/juedisches-wiesbaden.de\\\/wp-admin\\\/admin-ajax.php&quot;,&quot;infinite_scroll&quot;:0,&quot;max_num_pages&quot;:1,&quot;pagination&quot;:&quot;none&quot;,&quot;permalink_url&quot;:&quot;https:\\\/\\\/juedisches-wiesbaden.de\\\/fr\\\/wp-json\\\/wp\\\/v2\\\/pages\\\/1054\\\/&quot;,&quot;template_vars&quot;:{&quot;columns&quot;:&quot;1&quot;,&quot;exclude_items&quot;:&quot;none&quot;,&quot;img_size&quot;:&quot;default&quot;,&quot;ignore_items_size&quot;:&quot;1&quot;,&quot;items_layout&quot;:&quot;2697&quot;,&quot;items_offset&quot;:&quot;1&quot;,&quot;load_animation&quot;:&quot;none&quot;,&quot;overriding_link&quot;:&quot;popup_post_image&quot;,&quot;post_id&quot;:809,&quot;query_args&quot;:{&quot;post_type&quot;:[&quot;attachment&quot;],&quot;post__in&quot;:[&quot;824&quot;,&quot;828&quot;,&quot;832&quot;],&quot;post_status&quot;:&quot;inherit&quot;,&quot;post_mime_type&quot;:&quot;image&quot;,&quot;posts_per_page&quot;:&quot;3&quot;},&quot;orderby_query_args&quot;:{&quot;orderby&quot;:{&quot;date&quot;:&quot;DESC&quot;}},&quot;type&quot;:&quot;grid&quot;,&quot;us_grid_ajax_index&quot;:1,&quot;us_grid_filter_params&quot;:null,&quot;us_grid_index&quot;:2,&quot;_us_grid_post_type&quot;:&quot;attachment&quot;,&quot;lang&quot;:&quot;fr&quot;}}'><\/div>\r\n\t<\/div><\/div><\/div><\/div><div class=\"vc_col-sm-8 wpb_column vc_column_container\"><div class=\"vc_column-inner\"><div class=\"wpb_wrapper\"><div class=\"wpb_text_column\"><div class=\"wpb_wrapper\"><h2>La comm\u00e9moration est perturb\u00e9e en 1973<\/h2>\n<p>Entre 1970 et 1973, la comm\u00e9moration des pogroms de novembre ne se d\u00e9roula pas dans la Heinrich-Heine-Anlage, mais dans la synagogue. En 1973, la comm\u00e9moration a \u00e9t\u00e9 perturb\u00e9e par un groupe qui a vocif\u00e9r\u00e9 devant la synagogue et a tent\u00e9 de p\u00e9n\u00e9trer dans le b\u00e2timent. La police a d\u00fb intervenir. La veille au soir, le m\u00eame groupe avait d\u00e9j\u00e0 perturb\u00e9 une conf\u00e9rence organis\u00e9e par la Soci\u00e9t\u00e9 germano-isra\u00e9lienne de Wiesbaden et la Volkshochschule de Wiesbaden (universit\u00e9 populaire de Wiesbaden) en distribuant des tracts antis\u00e9mites et en harcelant les visiteurs.<\/p>\n<\/div><\/div><\/div><\/div><\/div><\/div><\/div><\/section>","protected":false},"excerpt":{"rendered":"","protected":false},"author":5,"featured_media":809,"parent":0,"menu_order":0,"comment_status":"closed","ping_status":"closed","template":"","meta":{"inline_featured_image":false,"footnotes":""},"class_list":["post-1054","page","type-page","status-publish","has-post-thumbnail","hentry"],"_links":{"self":[{"href":"https:\/\/juedisches-wiesbaden.de\/fr\/wp-json\/wp\/v2\/pages\/1054","targetHints":{"allow":["GET"]}}],"collection":[{"href":"https:\/\/juedisches-wiesbaden.de\/fr\/wp-json\/wp\/v2\/pages"}],"about":[{"href":"https:\/\/juedisches-wiesbaden.de\/fr\/wp-json\/wp\/v2\/types\/page"}],"author":[{"embeddable":true,"href":"https:\/\/juedisches-wiesbaden.de\/fr\/wp-json\/wp\/v2\/users\/5"}],"replies":[{"embeddable":true,"href":"https:\/\/juedisches-wiesbaden.de\/fr\/wp-json\/wp\/v2\/comments?post=1054"}],"version-history":[{"count":11,"href":"https:\/\/juedisches-wiesbaden.de\/fr\/wp-json\/wp\/v2\/pages\/1054\/revisions"}],"predecessor-version":[{"id":3505,"href":"https:\/\/juedisches-wiesbaden.de\/fr\/wp-json\/wp\/v2\/pages\/1054\/revisions\/3505"}],"wp:featuredmedia":[{"embeddable":true,"href":"https:\/\/juedisches-wiesbaden.de\/fr\/wp-json\/wp\/v2\/media\/809"}],"wp:attachment":[{"href":"https:\/\/juedisches-wiesbaden.de\/fr\/wp-json\/wp\/v2\/media?parent=1054"}],"curies":[{"name":"wp","href":"https:\/\/api.w.org\/{rel}","templated":true}]}}