{"id":1060,"date":"2021-08-22T14:57:27","date_gmt":"2021-08-22T14:57:27","guid":{"rendered":"https:\/\/juedisches-wiesbaden.juedische-geschichte-wiesbaden.de\/developpement-de-la-communaute\/"},"modified":"2022-04-09T14:05:34","modified_gmt":"2022-04-09T14:05:34","slug":"developpement-de-la-communaute","status":"publish","type":"page","link":"https:\/\/juedisches-wiesbaden.de\/fr\/developpement-de-la-communaute\/","title":{"rendered":"STRUCTURES COMMUNAUTAIRES"},"content":{"rendered":"<section class=\"l-section wpb_row height_auto\"><div class=\"l-section-h i-cf\"><div class=\"g-cols vc_row via_flex valign_top type_default reversed\" style=\"--additional-gap:10px;\"><div class=\"vc_col-sm-12 wpb_column vc_column_container\"><div class=\"vc_column-inner\"><div class=\"wpb_wrapper\"><div class=\"wpb_text_column\"><div class=\"wpb_wrapper\"><h2>Evolution des structures communautaires<\/h2>\n<h3>La communaut\u00e9 juive de Wiesbaden se d\u00e9clare, cr\u00e9e des structures et devient K.d.\u00f6.R. (organisme de droit public)<\/h3>\n<p>La premi\u00e8re \u00e9lection officielle d&rsquo;un conseil d&rsquo;administration de la communaut\u00e9 juive de Wiesbaden a eu lieu en janvier 1946. Le 11 janvier, le quotidien Frankfurter Rundschau rapporte qu&rsquo;un conseil d\u2019administration a \u00e9t\u00e9 \u00e9lu lors de la premi\u00e8re assembl\u00e9e g\u00e9n\u00e9rale. Les membres suivants en ont fait partie pendant un moins de deux ans : Dr Leon Frim (pr\u00e9sident), Jakob Matzner (secr\u00e9taire), Martin Hornung et Dr Baruch Laufer, Rabbin Chajim Hecht (directeurs), MM. Sax, Isaaksohn et Lehrhaft. Le poste pour lequel Claire Guthmann avait \u00e9t\u00e9 d\u00e9sign\u00e9e est rest\u00e9 vacant. A Dr Leon Frim, au poste de pr\u00e9sident du conseil d\u2019administration, ont succ\u00e9d\u00e9 Naftali Rottenberg, le Dr Friedrich Reichmann, Kurt Margoniner et le Dr Arie Schmetterling. Aujourd&rsquo;hui, le conseil est compos\u00e9 d\u2019au plus cinq membres de la communaut\u00e9, tous \u00e9gaux en droits. La communaut\u00e9 est le point de contact pour tous les Juifs vivant \u00e0 Wiesbaden et dans les environs. Elle les soutient dans tous les domaines de la vie. La communaut\u00e9 est \u00e9galement responsable du service d&rsquo;inhumation. Elle entretient les sept cimeti\u00e8res juifs de la ville de Wiesbaden.<\/p>\n<p>La Communaut\u00e9 juive de Wiesbaden est un organisme de droit public depuis 1950.<\/p>\n<\/div><\/div><div class=\"w-grid type_grid layout_2790 cols_2 valign_center\" id=\"us_grid_1\" data-filterable=\"true\"><style>#us_grid_1 .w-grid-item{padding:1.5rem}#us_grid_1 .w-grid-list{margin:-1.5rem}.w-grid + #us_grid_1 .w-grid-list,.w-grid-none + #us_grid_1 .w-grid-list{margin-top:1.5rem}@media (max-width:599px){#us_grid_1 .w-grid-list{margin:0}#us_grid_1 .w-grid-item{width:100%;padding:0;margin-bottom:1.5rem}}.layout_2790 .w-grid-item-h{}.layout_2790 .usg_post_image_1{margin-bottom:0.5rem!important}.layout_2790 .usg_post_title_1{font-style:italic!important;font-size:1rem!important}<\/style><div class=\"w-grid-list\">\t<article class=\"w-grid-item post-942 attachment type-attachment status-inherit hentry\" data-id=\"942\">\r\n\t\t<div class=\"w-grid-item-h\">\r\n\t\t\t\t\t\t\t<a class=\"w-grid-item-anchor\" href=\"https:\/\/juedisches-wiesbaden.de\/wp-content\/uploads\/2021\/08\/Veranstaltung_Gemeinde3-scaled.jpg\" ref=\"magnificPopupGrid\" title=\"default\"><\/a>\r\n\t\t\t\t\t\t<div class=\"w-post-elm post_image usg_post_image_1 stretched\"><a href=\"https:\/\/juedisches-wiesbaden.de\/fr\/envira\/entwicklung-der-gemeinde\/attachment\/veranstaltung_gemeinde3-2\/\" aria-label=\"Dr. Friedrich Reichmann (au centre), directeur de la communaut\u00e9 juive de Wiesbaden, avec Wilhelm Freund (\u00e0 gauche), directeur de la Gesellschaft f\u00fcr Christlich-J\u00fcdische Zusammenarbeit, lors d&rsquo;une manifestation de la communaut\u00e9 vers 1963. Collection de la communaut\u00e9 juive de Wiesbaden\"><img loading=\"lazy\" decoding=\"async\" width=\"600\" height=\"426\" src=\"https:\/\/juedisches-wiesbaden.de\/wp-content\/uploads\/2021\/08\/Veranstaltung_Gemeinde3-scaled.jpg\" class=\"attachment-us_600_600_crop size-us_600_600_crop\" alt=\"Dr. Friedrich Reichmann (au centre), directeur de la communaut\u00e9 juive de Wiesbaden, avec Wilhelm Freund (\u00e0 gauche), directeur de la Gesellschaft f\u00fcr Christlich-J\u00fcdische Zusammenarbeit, lors d&#039;une manifestation de la communaut\u00e9 vers 1963. Collection de la communaut\u00e9 juive de Wiesbaden\" srcset=\"https:\/\/juedisches-wiesbaden.de\/wp-content\/uploads\/2021\/08\/Veranstaltung_Gemeinde3-scaled.jpg 2560w, https:\/\/juedisches-wiesbaden.de\/wp-content\/uploads\/2021\/08\/Veranstaltung_Gemeinde3-scaled-300x213.jpg 300w, https:\/\/juedisches-wiesbaden.de\/wp-content\/uploads\/2021\/08\/Veranstaltung_Gemeinde3-scaled-1024x727.jpg 1024w\" sizes=\"auto, (max-width: 600px) 100vw, 600px\" \/><\/a><\/div><h2 class=\"w-post-elm post_title usg_post_title_1 entry-title color_link_inherit\"><a href=\"https:\/\/juedisches-wiesbaden.de\/fr\/envira\/entwicklung-der-gemeinde\/attachment\/veranstaltung_gemeinde3-2\/\">Dr. Friedrich Reichmann (au centre), directeur de la communaut\u00e9 juive de Wiesbaden, avec Wilhelm Freund (\u00e0 gauche), directeur de la Gesellschaft f\u00fcr Christlich-J\u00fcdische Zusammenarbeit, lors d&rsquo;une manifestation de la communaut\u00e9 vers 1963. Collection de la communaut\u00e9 juive de Wiesbaden<\/a><\/h2>\t\t<\/div>\r\n\t<\/article>\r\n\t<article class=\"w-grid-item post-938 attachment type-attachment status-inherit hentry\" data-id=\"938\">\r\n\t\t<div class=\"w-grid-item-h\">\r\n\t\t\t\t\t\t\t<a class=\"w-grid-item-anchor\" href=\"https:\/\/juedisches-wiesbaden.de\/wp-content\/uploads\/2021\/08\/Tafel-im-Eingangsberich-der-Synagoge-c-I.-Eisenshtat.jpg\" ref=\"magnificPopupGrid\" title=\"Panneau comm\u00e9morant la r\u00e9inauguration de la synagogue en 1946. Photographe : Igor Eisenschtat. Collection de la communaut\u00e9 juive de Wiesbaden\"><\/a>\r\n\t\t\t\t\t\t<div class=\"w-post-elm post_image usg_post_image_1 stretched\"><a href=\"https:\/\/juedisches-wiesbaden.de\/fr\/envira\/entwicklung-der-gemeinde\/attachment\/tafel-im-eingangsberich-der-synagoge-c-i-eisenshtat-2\/\" aria-label=\"Panneau comm\u00e9morant la r\u00e9inauguration de la synagogue en 1946. Photographe : Igor Eisenschtat. Collection de la communaut\u00e9 juive de Wiesbaden\"><img loading=\"lazy\" decoding=\"async\" width=\"587\" height=\"600\" src=\"https:\/\/juedisches-wiesbaden.de\/wp-content\/uploads\/2021\/08\/Tafel-im-Eingangsberich-der-Synagoge-c-I.-Eisenshtat.jpg\" class=\"attachment-us_600_600_crop size-us_600_600_crop\" alt=\"Panneau comm\u00e9morant la r\u00e9inauguration de la synagogue en 1946. Photographe : Igor Eisenschtat. Collection de la communaut\u00e9 juive de Wiesbaden\" srcset=\"https:\/\/juedisches-wiesbaden.de\/wp-content\/uploads\/2021\/08\/Tafel-im-Eingangsberich-der-Synagoge-c-I.-Eisenshtat.jpg 780w, https:\/\/juedisches-wiesbaden.de\/wp-content\/uploads\/2021\/08\/Tafel-im-Eingangsberich-der-Synagoge-c-I.-Eisenshtat-294x300.jpg 294w\" sizes=\"auto, (max-width: 587px) 100vw, 587px\" \/><\/a><\/div><h2 class=\"w-post-elm post_title usg_post_title_1 entry-title color_link_inherit\"><a href=\"https:\/\/juedisches-wiesbaden.de\/fr\/envira\/entwicklung-der-gemeinde\/attachment\/tafel-im-eingangsberich-der-synagoge-c-i-eisenshtat-2\/\">Panneau comm\u00e9morant la r\u00e9inauguration de la synagogue en 1946. Photographe : Igor Eisenschtat. Collection de la communaut\u00e9 juive de Wiesbaden<\/a><\/h2>\t\t<\/div>\r\n\t<\/article>\r\n\t<article class=\"w-grid-item post-934 attachment type-attachment status-inherit hentry\" data-id=\"934\">\r\n\t\t<div class=\"w-grid-item-h\">\r\n\t\t\t\t\t\t\t<a class=\"w-grid-item-anchor\" href=\"https:\/\/juedisches-wiesbaden.de\/wp-content\/uploads\/2021\/08\/P1290307-scaled.jpg\" ref=\"magnificPopupGrid\" title=\"Vote lors d&#039;une assembl\u00e9e g\u00e9n\u00e9rale de la communaut\u00e9 juive de Wiesbaden. Photographe : Igor Eisenschtat. Collection de la communaut\u00e9 juive de Wiesbaden\"><\/a>\r\n\t\t\t\t\t\t<div class=\"w-post-elm post_image usg_post_image_1 stretched\"><a href=\"https:\/\/juedisches-wiesbaden.de\/fr\/envira\/entwicklung-der-gemeinde\/attachment\/p1290307-2\/\" aria-label=\"Vote lors d&rsquo;une assembl\u00e9e g\u00e9n\u00e9rale de la communaut\u00e9 juive de Wiesbaden. Photographe : Igor Eisenschtat. Collection de la communaut\u00e9 juive de Wiesbaden\"><img loading=\"lazy\" decoding=\"async\" width=\"600\" height=\"221\" src=\"https:\/\/juedisches-wiesbaden.de\/wp-content\/uploads\/2021\/08\/P1290307-scaled.jpg\" class=\"attachment-us_600_600_crop size-us_600_600_crop\" alt=\"Vote lors d&#039;une assembl\u00e9e g\u00e9n\u00e9rale de la communaut\u00e9 juive de Wiesbaden. Photographe : Igor Eisenschtat. Collection de la communaut\u00e9 juive de Wiesbaden\" srcset=\"https:\/\/juedisches-wiesbaden.de\/wp-content\/uploads\/2021\/08\/P1290307-scaled.jpg 2560w, https:\/\/juedisches-wiesbaden.de\/wp-content\/uploads\/2021\/08\/P1290307-scaled-300x111.jpg 300w, https:\/\/juedisches-wiesbaden.de\/wp-content\/uploads\/2021\/08\/P1290307-scaled-1024x377.jpg 1024w\" sizes=\"auto, (max-width: 600px) 100vw, 600px\" \/><\/a><\/div><h2 class=\"w-post-elm post_title usg_post_title_1 entry-title color_link_inherit\"><a href=\"https:\/\/juedisches-wiesbaden.de\/fr\/envira\/entwicklung-der-gemeinde\/attachment\/p1290307-2\/\">Vote lors d&rsquo;une assembl\u00e9e g\u00e9n\u00e9rale de la communaut\u00e9 juive de Wiesbaden. Photographe : Igor Eisenschtat. Collection de la communaut\u00e9 juive de Wiesbaden<\/a><\/h2>\t\t<\/div>\r\n\t<\/article>\r\n\t<article class=\"w-grid-item post-929 attachment type-attachment status-inherit hentry\" data-id=\"929\">\r\n\t\t<div class=\"w-grid-item-h\">\r\n\t\t\t\t\t\t\t<a class=\"w-grid-item-anchor\" href=\"https:\/\/juedisches-wiesbaden.de\/wp-content\/uploads\/2021\/08\/Beitragsbild-K.d.oe_.R.jpg\" ref=\"magnificPopupGrid\" title=\"En-t\u00eate de lettre avec nouveau cachet apr\u00e8s 1950. HHStAW Abt. 503 Nr. 7394\"><\/a>\r\n\t\t\t\t\t\t<div class=\"w-post-elm post_image usg_post_image_1 stretched\"><a href=\"https:\/\/juedisches-wiesbaden.de\/fr\/beitragsbild-k-d-oe-r-2\/\" aria-label=\"En-t\u00eate de lettre avec nouveau cachet apr\u00e8s 1950. HHStAW Abt. 503 Nr. 7394\"><img loading=\"lazy\" decoding=\"async\" width=\"600\" height=\"400\" src=\"https:\/\/juedisches-wiesbaden.de\/wp-content\/uploads\/2021\/08\/Beitragsbild-K.d.oe_.R.jpg\" class=\"attachment-us_600_600_crop size-us_600_600_crop\" alt=\"En-t\u00eate de lettre avec nouveau cachet apr\u00e8s 1950. HHStAW Abt. 503 Nr. 7394\" srcset=\"https:\/\/juedisches-wiesbaden.de\/wp-content\/uploads\/2021\/08\/Beitragsbild-K.d.oe_.R.jpg 1140w, https:\/\/juedisches-wiesbaden.de\/wp-content\/uploads\/2021\/08\/Beitragsbild-K.d.oe_.R-300x200.jpg 300w, https:\/\/juedisches-wiesbaden.de\/wp-content\/uploads\/2021\/08\/Beitragsbild-K.d.oe_.R-1024x683.jpg 1024w\" sizes=\"auto, (max-width: 600px) 100vw, 600px\" \/><\/a><\/div><h2 class=\"w-post-elm post_title usg_post_title_1 entry-title color_link_inherit\"><a href=\"https:\/\/juedisches-wiesbaden.de\/fr\/beitragsbild-k-d-oe-r-2\/\">En-t\u00eate de lettre avec nouveau cachet apr\u00e8s 1950. HHStAW Abt. 503 Nr. 7394<\/a><\/h2>\t\t<\/div>\r\n\t<\/article>\r\n<\/div><div class=\"w-grid-preloader\"><div class=\"g-preloader type_1\">\r\n\t<div><\/div>\r\n<\/div>\r\n<\/div>\t<div class=\"w-grid-json hidden\" onclick='return {&quot;action&quot;:&quot;us_ajax_grid&quot;,&quot;ajax_url&quot;:&quot;https:\\\/\\\/juedisches-wiesbaden.de\\\/wp-admin\\\/admin-ajax.php&quot;,&quot;infinite_scroll&quot;:0,&quot;max_num_pages&quot;:1,&quot;pagination&quot;:&quot;none&quot;,&quot;permalink_url&quot;:&quot;https:\\\/\\\/juedisches-wiesbaden.de\\\/fr\\\/wp-json\\\/wp\\\/v2\\\/pages\\\/1060\\\/&quot;,&quot;template_vars&quot;:{&quot;columns&quot;:&quot;2&quot;,&quot;exclude_items&quot;:&quot;none&quot;,&quot;img_size&quot;:&quot;default&quot;,&quot;ignore_items_size&quot;:false,&quot;items_layout&quot;:&quot;2790&quot;,&quot;items_offset&quot;:&quot;1&quot;,&quot;load_animation&quot;:&quot;none&quot;,&quot;overriding_link&quot;:&quot;popup_post_image&quot;,&quot;post_id&quot;:1060,&quot;query_args&quot;:{&quot;post_type&quot;:[&quot;attachment&quot;],&quot;post__in&quot;:[&quot;936&quot;,&quot;940&quot;,&quot;932&quot;,&quot;927&quot;],&quot;post_status&quot;:&quot;inherit&quot;,&quot;post_mime_type&quot;:&quot;image&quot;,&quot;posts_per_page&quot;:&quot;22&quot;},&quot;orderby_query_args&quot;:{&quot;orderby&quot;:{&quot;date&quot;:&quot;DESC&quot;}},&quot;type&quot;:&quot;grid&quot;,&quot;us_grid_ajax_index&quot;:1,&quot;us_grid_filter_params&quot;:null,&quot;us_grid_index&quot;:1,&quot;_us_grid_post_type&quot;:&quot;attachment&quot;,&quot;lang&quot;:&quot;fr&quot;}}'><\/div>\r\n\t<\/div><\/div><\/div><\/div><\/div><\/div><\/section>","protected":false},"excerpt":{"rendered":"","protected":false},"author":5,"featured_media":929,"parent":0,"menu_order":0,"comment_status":"closed","ping_status":"closed","template":"","meta":{"inline_featured_image":false,"footnotes":""},"class_list":["post-1060","page","type-page","status-publish","has-post-thumbnail","hentry"],"_links":{"self":[{"href":"https:\/\/juedisches-wiesbaden.de\/fr\/wp-json\/wp\/v2\/pages\/1060","targetHints":{"allow":["GET"]}}],"collection":[{"href":"https:\/\/juedisches-wiesbaden.de\/fr\/wp-json\/wp\/v2\/pages"}],"about":[{"href":"https:\/\/juedisches-wiesbaden.de\/fr\/wp-json\/wp\/v2\/types\/page"}],"author":[{"embeddable":true,"href":"https:\/\/juedisches-wiesbaden.de\/fr\/wp-json\/wp\/v2\/users\/5"}],"replies":[{"embeddable":true,"href":"https:\/\/juedisches-wiesbaden.de\/fr\/wp-json\/wp\/v2\/comments?post=1060"}],"version-history":[{"count":11,"href":"https:\/\/juedisches-wiesbaden.de\/fr\/wp-json\/wp\/v2\/pages\/1060\/revisions"}],"predecessor-version":[{"id":3506,"href":"https:\/\/juedisches-wiesbaden.de\/fr\/wp-json\/wp\/v2\/pages\/1060\/revisions\/3506"}],"wp:featuredmedia":[{"embeddable":true,"href":"https:\/\/juedisches-wiesbaden.de\/fr\/wp-json\/wp\/v2\/media\/929"}],"wp:attachment":[{"href":"https:\/\/juedisches-wiesbaden.de\/fr\/wp-json\/wp\/v2\/media?parent=1060"}],"curies":[{"name":"wp","href":"https:\/\/api.w.org\/{rel}","templated":true}]}}