{"id":1077,"date":"2021-08-22T15:23:56","date_gmt":"2021-08-22T15:23:56","guid":{"rendered":"https:\/\/juedisches-wiesbaden.juedische-geschichte-wiesbaden.de\/la-communaute-sagrandit\/"},"modified":"2022-04-22T12:29:07","modified_gmt":"2022-04-22T12:29:07","slug":"la-communaute-sagrandit","status":"publish","type":"page","link":"https:\/\/juedisches-wiesbaden.de\/fr\/la-communaute-sagrandit\/","title":{"rendered":"LA COMMUNAUT\u00c9 S&rsquo;AGRANDIT"},"content":{"rendered":"<section class=\"l-section wpb_row height_auto\"><div class=\"l-section-h i-cf\"><div class=\"g-cols vc_row via_flex valign_top type_default reversed\" style=\"--additional-gap:10px;\"><div class=\"vc_col-sm-12 wpb_column vc_column_container\"><div class=\"vc_column-inner\"><div class=\"wpb_wrapper\"><div class=\"wpb_text_column\"><div class=\"wpb_wrapper\"><h2>La communaut\u00e9 s&rsquo;agrandit &#8211; afflux de personnes de l&rsquo;ancienne Union sovi\u00e9tique<\/h2>\n<h3>Le nombre de membres de la communaut\u00e9 juive de Wiesbaden fluctue fortement en raison de plusieurs mouvements migratoires. L&rsquo;afflux en provenance de l\u2019ancienne Union sovi\u00e9tique modifie la vie et les t\u00e2ches de la communaut\u00e9.<\/h3>\n<p>Lorsqu&rsquo;elle a \u00e9t\u00e9 r\u00e9tablie en 1946, la communaut\u00e9 juive de Wiesbaden comptait environ 300 membres. Tr\u00e8s peu d&rsquo;entre eux \u00e9taient n\u00e9s ici ou y avaient v\u00e9cu avant la Seconde Guerre mondiale. La communaut\u00e9 \u00e9tait compos\u00e9e de personnes d\u00e9plac\u00e9es qui n&rsquo;avaient d&rsquo;autre souhait que d&rsquo;\u00e9migrer en Palestine ou aux \u00c9tats-Unis. Certains, comme la famille Mandelbaum, sont rest\u00e9s, afin que la vie juive puisse rena\u00eetre.<\/p>\n<h3>Antis\u00e9mitisme et hostilit\u00e9 envers les Juifs en Union sovi\u00e9tique apr\u00e8s la fin de la Seconde Guerre mondiale<\/h3>\n<p>Le nombre de membres a fortement vari\u00e9 entre 1946 et aujourd&rsquo;hui. Lors de l&rsquo;inauguration du nouveau b\u00e2timent de la synagogue, le Hessenschau (t\u00e9l\u00e9vision locale) fait \u00e9tat de 400 membres. Dans les ann\u00e9es 1970, le nombre a bri\u00e8vement chut\u00e9 pour atteindre une centaine de personnes, avant de remonter \u00e0 319 en 1989. En 2021, la communaut\u00e9 compte un peu moins de 850 membres. Cette \u00e9volution est \u00e9troitement li\u00e9e \u00e0 la politique de l&rsquo;ancienne Union sovi\u00e9tique. Alors qu\u2019apr\u00e8s la Seconde Guerre mondiale, jusqu\u2019en 1948, situation des Juifs semble se d\u00e9tendre en Union sovi\u00e9tique, l&rsquo;antis\u00e9mitisme \u00e9clate \u00e0 nouveau ouvertement avec la mort de Solomon Mikha\u00eflovitch Mikhoels. Les Juifs sont \u00e0 nouveau soumis \u00e0 la pers\u00e9cution et \u00e0 l&rsquo;oppression. En Union sovi\u00e9tique aucun travail de m\u00e9moire sur la Shoah n\u2019a \u00e9t\u00e9 fait. Entre 1948 et 1952, presque toutes les institutions juives ont \u00e9t\u00e9 ferm\u00e9es ou dissoutes. Sous Khrouchtchev, dans les ann\u00e9es 1960, dans beaucoup de villes les synagogues ont \u00e9t\u00e9 ferm\u00e9es. Celles qui \u00e9taient encore utilis\u00e9es \u00e9taient sous la stricte surveillance de l&rsquo;\u00c9tat. Les relations diplomatiques entre l&rsquo;Union sovi\u00e9tique et Isra\u00ebl se sont consid\u00e9rablement d\u00e9t\u00e9rior\u00e9es, d&rsquo;autant plus que l\u2019Union sovi\u00e9tique soutenait l&rsquo;\u00c9gypte et la Syrie. Dans ce climat antis\u00e9mite et anti-Isra\u00ebl, des milliers de Juifs ont \u00e9migr\u00e9 en 1971\/1972, apr\u00e8s quoi une interdiction d&rsquo;\u00e9migrer a \u00e9t\u00e9 impos\u00e9e. Ce n&rsquo;est qu&rsquo;en 1985 sous Mikha\u00efl Gorbatchev que les conditions de sortie ont commenc\u00e9 \u00e0 s&rsquo;assouplir. En 1990, le parlement de la RDA a d\u00e9clar\u00e9 qu&rsquo;il accorderait l&rsquo;asile politique aux Juifs pers\u00e9cut\u00e9s, \u00e0 la suite de quoi 6 000 d&rsquo;entre eux ont \u00e9migr\u00e9 en RDA. En 1991, la RFA a d\u00e9cid\u00e9 d&rsquo;\u00e9tendre aux Juifs sovi\u00e9tiques \u00ables mesures pr\u00e9vues dans la loi concernant les r\u00e9fugi\u00e9s accueillis dans le cadre d\u2019op\u00e9rations d\u2019aide humanitaire\u00bb. La dissolution de l&rsquo;Union sovi\u00e9tique s&rsquo;est accompagn\u00e9e d&rsquo;antis\u00e9mitisme, de sorte que des centaines de milliers de Juifs ont \u00e9migr\u00e9. Pr\u00e8s de 200 000 d&rsquo;entre eux sont venus en Allemagne, dans le cadre du contingent admis. Le premier point de contact \u00e9tait la communaut\u00e9 juive locale &#8211; comme \u00e0 Wiesbaden.<\/p>\n<h3>Une vie communautaire dynamique<\/h3>\n<p>Avec l\u2019immigration, la communaut\u00e9 juive de Wiesbaden a gagn\u00e9 de nouveaux membres actifs et aussi de nouvelles missions. Une vie communautaire riche et vari\u00e9e s&rsquo;est d\u00e9velopp\u00e9e au sein de la communaut\u00e9. La communaut\u00e9 aide les immigrants, entre autres, dans leurs d\u00e9marches aupr\u00e8s des autorit\u00e9s et propose des cours de langue.<\/p>\n<\/div><\/div><div class=\"w-separator size_custom\" style=\"height:40px\"><\/div><div class=\"w-html\"><div class=\"_df_book df-lite\" id=\"df_3248\"  _slug=\"mitgliederstatistik-2007_zwst\" data-title=\"mitgliederstatistik-2007_zwst\" wpoptions=\"true\" thumbtype=\"\" ><\/div><script class=\"df-shortcode-script\" nowprocket type=\"application\/javascript\">window.option_df_3248 = {\"outline\":[],\"autoEnableOutline\":\"false\",\"autoEnableThumbnail\":\"false\",\"overwritePDFOutline\":\"false\",\"direction\":\"1\",\"pageSize\":\"0\",\"source\":\"https:\\\/\\\/juedisches-wiesbaden.de\\\/wp-content\\\/uploads\\\/2022\\\/04\\\/Mitgliederstatistik-2007_ZWST.pdf\",\"wpOptions\":\"true\"}; if(window.DFLIP && window.DFLIP.parseBooks){window.DFLIP.parseBooks();}<\/script><\/div><div class=\"wpb_text_column\"><div class=\"wpb_wrapper\"><p><em>Statistiques de l\u2019ann\u00e9e 2007 de l\u2019Office central d\u2019aide sociale des Juifs en Allemagne<\/em><\/p>\n<\/div><\/div><\/div><\/div><\/div><\/div><\/div><\/section>","protected":false},"excerpt":{"rendered":"La communaut\u00e9 s&rsquo;agrandit &#8211; afflux de personnes de l&rsquo;ancienne Union sovi\u00e9tique Le nombre de membres de la communaut\u00e9 juive de Wiesbaden fluctue fortement en raison de plusieurs mouvements migratoires. L&rsquo;afflux en provenance de l\u2019ancienne Union sovi\u00e9tique modifie la vie et les t\u00e2ches de la communaut\u00e9. Lorsqu&rsquo;elle a \u00e9t\u00e9 r\u00e9tablie en 1946, la communaut\u00e9 juive de...","protected":false},"author":5,"featured_media":0,"parent":0,"menu_order":0,"comment_status":"closed","ping_status":"closed","template":"","meta":{"inline_featured_image":false,"footnotes":""},"class_list":["post-1077","page","type-page","status-publish","hentry"],"_links":{"self":[{"href":"https:\/\/juedisches-wiesbaden.de\/fr\/wp-json\/wp\/v2\/pages\/1077","targetHints":{"allow":["GET"]}}],"collection":[{"href":"https:\/\/juedisches-wiesbaden.de\/fr\/wp-json\/wp\/v2\/pages"}],"about":[{"href":"https:\/\/juedisches-wiesbaden.de\/fr\/wp-json\/wp\/v2\/types\/page"}],"author":[{"embeddable":true,"href":"https:\/\/juedisches-wiesbaden.de\/fr\/wp-json\/wp\/v2\/users\/5"}],"replies":[{"embeddable":true,"href":"https:\/\/juedisches-wiesbaden.de\/fr\/wp-json\/wp\/v2\/comments?post=1077"}],"version-history":[{"count":14,"href":"https:\/\/juedisches-wiesbaden.de\/fr\/wp-json\/wp\/v2\/pages\/1077\/revisions"}],"predecessor-version":[{"id":3724,"href":"https:\/\/juedisches-wiesbaden.de\/fr\/wp-json\/wp\/v2\/pages\/1077\/revisions\/3724"}],"wp:attachment":[{"href":"https:\/\/juedisches-wiesbaden.de\/fr\/wp-json\/wp\/v2\/media?parent=1077"}],"curies":[{"name":"wp","href":"https:\/\/api.w.org\/{rel}","templated":true}]}}