{"id":1093,"date":"2021-08-22T15:58:19","date_gmt":"2021-08-22T15:58:19","guid":{"rendered":"https:\/\/juedisches-wiesbaden.juedische-geschichte-wiesbaden.de\/prix-culturel-2020\/"},"modified":"2022-04-09T16:15:09","modified_gmt":"2022-04-09T16:15:09","slug":"prix-culturel-2020","status":"publish","type":"page","link":"https:\/\/juedisches-wiesbaden.de\/fr\/prix-culturel-2020\/","title":{"rendered":"PRIX CULTUREL 2020"},"content":{"rendered":"<section class=\"l-section wpb_row height_auto\"><div class=\"l-section-h i-cf\"><div class=\"g-cols vc_row via_flex valign_top type_default reversed\" style=\"--additional-gap:10px;\"><div class=\"vc_col-sm-4 wpb_column vc_column_container\"><div class=\"vc_column-inner\"><div class=\"wpb_wrapper\"><div class=\"w-grid type_grid layout_2697 valign_center\" id=\"us_grid_1\" data-filterable=\"true\"><style>#us_grid_1 .w-grid-item:not(:last-child){margin-bottom:0.2rem}#us_grid_1 .g-loadmore{margin-top:0.2rem}.layout_2697 .w-grid-item-h{}<\/style><div class=\"w-grid-list\">\t<article class=\"w-grid-item post-1745 attachment type-attachment status-inherit hentry\" data-id=\"1745\">\r\n\t\t<div class=\"w-grid-item-h\">\r\n\t\t\t\t\t\t\t<a class=\"w-grid-item-anchor\" href=\"https:\/\/juedisches-wiesbaden.de\/wp-content\/uploads\/2021\/08\/DSC_5193-scaled.jpg\" ref=\"magnificPopupGrid\" title=\"Dr. Jacob Gutmark, membre du conseil d&#039;administration de la communaut\u00e9 juive de Wiesbaden. Photographe : Igor Eisenschtat. Collection de la communaut\u00e9 juive de Wiesbaden\"><\/a>\r\n\t\t\t\t\t\t<div class=\"w-post-elm post_image usg_post_image_1 stretched\"><a href=\"https:\/\/juedisches-wiesbaden.de\/fr\/envira\/kulturpreis\/attachment\/dsc_5193-2\/\" aria-label=\"Dr. Jacob Gutmark, membre du conseil d&rsquo;administration de la communaut\u00e9 juive de Wiesbaden. Photographe : Igor Eisenschtat. Collection de la communaut\u00e9 juive de Wiesbaden\"><img loading=\"lazy\" decoding=\"async\" width=\"2560\" height=\"2194\" src=\"https:\/\/juedisches-wiesbaden.de\/wp-content\/uploads\/2021\/08\/DSC_5193-scaled.jpg\" class=\"attachment-full size-full\" alt=\"Dr. Jacob Gutmark, membre du conseil d&#039;administration de la communaut\u00e9 juive de Wiesbaden. Photographe : Igor Eisenschtat. Collection de la communaut\u00e9 juive de Wiesbaden\" srcset=\"https:\/\/juedisches-wiesbaden.de\/wp-content\/uploads\/2021\/08\/DSC_5193-scaled.jpg 2560w, https:\/\/juedisches-wiesbaden.de\/wp-content\/uploads\/2021\/08\/DSC_5193-scaled-300x257.jpg 300w, https:\/\/juedisches-wiesbaden.de\/wp-content\/uploads\/2021\/08\/DSC_5193-scaled-1024x878.jpg 1024w\" sizes=\"auto, (max-width: 2560px) 100vw, 2560px\" \/><\/a><\/div>\t\t<\/div>\r\n\t<\/article>\r\n\t<article class=\"w-grid-item post-1741 attachment type-attachment status-inherit hentry\" data-id=\"1741\">\r\n\t\t<div class=\"w-grid-item-h\">\r\n\t\t\t\t\t\t\t<a class=\"w-grid-item-anchor\" href=\"https:\/\/juedisches-wiesbaden.de\/wp-content\/uploads\/2021\/08\/DSC_5173-scaled.jpg\" ref=\"magnificPopupGrid\" title=\"La pr\u00e9sidente du conseil municipal Christa Gabriel, le maire Gert-Uwe Mende et le responsable de la culture Axel Imholz remettent le prix de la culture 2020 \u00e0 la communaut\u00e9 juive de Wiesbaden. Photographe : Igor Eisenschtat. Collection de la communaut\u00e9 juive de Wiesbaden\"><\/a>\r\n\t\t\t\t\t\t<div class=\"w-post-elm post_image usg_post_image_1 stretched\"><a href=\"https:\/\/juedisches-wiesbaden.de\/fr\/envira\/kulturpreis\/attachment\/dsc_5173-2\/\" aria-label=\"La pr\u00e9sidente du conseil municipal Christa Gabriel, le maire Gert-Uwe Mende et le responsable de la culture Axel Imholz remettent le prix de la culture 2020 \u00e0 la communaut\u00e9 juive de Wiesbaden. Photographe : Igor Eisenschtat. Collection de la communaut\u00e9 juive de Wiesbaden\"><img loading=\"lazy\" decoding=\"async\" width=\"2560\" height=\"1398\" src=\"https:\/\/juedisches-wiesbaden.de\/wp-content\/uploads\/2021\/08\/DSC_5173-scaled.jpg\" class=\"attachment-full size-full\" alt=\"La pr\u00e9sidente du conseil municipal Christa Gabriel, le maire Gert-Uwe Mende et le responsable de la culture Axel Imholz remettent le prix de la culture 2020 \u00e0 la communaut\u00e9 juive de Wiesbaden. Photographe : Igor Eisenschtat. Collection de la communaut\u00e9 juive de Wiesbaden\" srcset=\"https:\/\/juedisches-wiesbaden.de\/wp-content\/uploads\/2021\/08\/DSC_5173-scaled.jpg 2560w, https:\/\/juedisches-wiesbaden.de\/wp-content\/uploads\/2021\/08\/DSC_5173-scaled-300x164.jpg 300w, https:\/\/juedisches-wiesbaden.de\/wp-content\/uploads\/2021\/08\/DSC_5173-scaled-1024x559.jpg 1024w\" sizes=\"auto, (max-width: 2560px) 100vw, 2560px\" \/><\/a><\/div>\t\t<\/div>\r\n\t<\/article>\r\n\t<article class=\"w-grid-item post-1737 attachment type-attachment status-inherit hentry\" data-id=\"1737\">\r\n\t\t<div class=\"w-grid-item-h\">\r\n\t\t\t\t\t\t\t<a class=\"w-grid-item-anchor\" href=\"https:\/\/juedisches-wiesbaden.de\/wp-content\/uploads\/2021\/08\/DSC_5167-scaled.jpg\" ref=\"magnificPopupGrid\" title=\"Hartmut Boger, directeur de l&#039;universit\u00e9 populaire de Wiesbaden, rend hommage \u00e0 la communaut\u00e9 juive. Photographe : Igor Eisenschtat. Collection de la communaut\u00e9 juive de Wiesbaden\"><\/a>\r\n\t\t\t\t\t\t<div class=\"w-post-elm post_image usg_post_image_1 stretched\"><a href=\"https:\/\/juedisches-wiesbaden.de\/fr\/envira\/kulturpreis\/attachment\/dsc_5167-2\/\" aria-label=\"Hartmut Boger, directeur de l&rsquo;universit\u00e9 populaire de Wiesbaden, rend hommage \u00e0 la communaut\u00e9 juive. Photographe : Igor Eisenschtat. Collection de la communaut\u00e9 juive de Wiesbaden\"><img loading=\"lazy\" decoding=\"async\" width=\"2560\" height=\"2342\" src=\"https:\/\/juedisches-wiesbaden.de\/wp-content\/uploads\/2021\/08\/DSC_5167-scaled.jpg\" class=\"attachment-full size-full\" alt=\"Hartmut Boger, directeur de l&#039;universit\u00e9 populaire de Wiesbaden, rend hommage \u00e0 la communaut\u00e9 juive. Photographe : Igor Eisenschtat. Collection de la communaut\u00e9 juive de Wiesbaden\" srcset=\"https:\/\/juedisches-wiesbaden.de\/wp-content\/uploads\/2021\/08\/DSC_5167-scaled.jpg 2560w, https:\/\/juedisches-wiesbaden.de\/wp-content\/uploads\/2021\/08\/DSC_5167-scaled-300x274.jpg 300w, https:\/\/juedisches-wiesbaden.de\/wp-content\/uploads\/2021\/08\/DSC_5167-scaled-1024x937.jpg 1024w\" sizes=\"auto, (max-width: 2560px) 100vw, 2560px\" \/><\/a><\/div>\t\t<\/div>\r\n\t<\/article>\r\n\t<article class=\"w-grid-item post-1733 attachment type-attachment status-inherit hentry\" data-id=\"1733\">\r\n\t\t<div class=\"w-grid-item-h\">\r\n\t\t\t\t\t\t\t<a class=\"w-grid-item-anchor\" href=\"https:\/\/juedisches-wiesbaden.de\/wp-content\/uploads\/2021\/08\/DSC_5108-scaled.jpg\" ref=\"magnificPopupGrid\" title=\"Le maire de la capitale du Land de Wiesbaden Gert-Uwe Mende. Photographe : Igor Eisenschtat. Collection Communaut\u00e9 juive de Wiesbaden\"><\/a>\r\n\t\t\t\t\t\t<div class=\"w-post-elm post_image usg_post_image_1 stretched\"><a href=\"https:\/\/juedisches-wiesbaden.de\/fr\/envira\/kulturpreis\/attachment\/dsc_5108-2\/\" aria-label=\"Le maire de la capitale du Land de Wiesbaden Gert-Uwe Mende. Photographe : Igor Eisenschtat. Collection Communaut\u00e9 juive de Wiesbaden\"><img loading=\"lazy\" decoding=\"async\" width=\"2464\" height=\"2560\" src=\"https:\/\/juedisches-wiesbaden.de\/wp-content\/uploads\/2021\/08\/DSC_5108-scaled.jpg\" class=\"attachment-full size-full\" alt=\"Le maire de la capitale du Land de Wiesbaden Gert-Uwe Mende. Photographe : Igor Eisenschtat. Collection Communaut\u00e9 juive de Wiesbaden\" srcset=\"https:\/\/juedisches-wiesbaden.de\/wp-content\/uploads\/2021\/08\/DSC_5108-scaled.jpg 2464w, https:\/\/juedisches-wiesbaden.de\/wp-content\/uploads\/2021\/08\/DSC_5108-scaled-289x300.jpg 289w, https:\/\/juedisches-wiesbaden.de\/wp-content\/uploads\/2021\/08\/DSC_5108-scaled-986x1024.jpg 986w\" sizes=\"auto, (max-width: 2464px) 100vw, 2464px\" \/><\/a><\/div>\t\t<\/div>\r\n\t<\/article>\r\n\t<article class=\"w-grid-item post-1729 attachment type-attachment status-inherit hentry\" data-id=\"1729\">\r\n\t\t<div class=\"w-grid-item-h\">\r\n\t\t\t\t\t\t\t<a class=\"w-grid-item-anchor\" href=\"https:\/\/juedisches-wiesbaden.de\/wp-content\/uploads\/2021\/08\/DSC_5105-scaled.jpg\" ref=\"magnificPopupGrid\" title=\"L&#039;\u00e9v\u00e9nement est enregistr\u00e9. Photographe : Igor Eisenschtat. Collection Communaut\u00e9 juive de Wiesbaden\"><\/a>\r\n\t\t\t\t\t\t<div class=\"w-post-elm post_image usg_post_image_1 stretched\"><a href=\"https:\/\/juedisches-wiesbaden.de\/fr\/envira\/kulturpreis\/attachment\/dsc_5105-2\/\" aria-label=\"L&rsquo;\u00e9v\u00e9nement est enregistr\u00e9. Photographe : Igor Eisenschtat. Collection Communaut\u00e9 juive de Wiesbaden\"><img loading=\"lazy\" decoding=\"async\" width=\"2560\" height=\"1536\" src=\"https:\/\/juedisches-wiesbaden.de\/wp-content\/uploads\/2021\/08\/DSC_5105-scaled.jpg\" class=\"attachment-full size-full\" alt=\"L&#039;\u00e9v\u00e9nement est enregistr\u00e9. Photographe : Igor Eisenschtat. Collection Communaut\u00e9 juive de Wiesbaden\" srcset=\"https:\/\/juedisches-wiesbaden.de\/wp-content\/uploads\/2021\/08\/DSC_5105-scaled.jpg 2560w, https:\/\/juedisches-wiesbaden.de\/wp-content\/uploads\/2021\/08\/DSC_5105-scaled-300x180.jpg 300w, https:\/\/juedisches-wiesbaden.de\/wp-content\/uploads\/2021\/08\/DSC_5105-scaled-1024x614.jpg 1024w\" sizes=\"auto, (max-width: 2560px) 100vw, 2560px\" \/><\/a><\/div>\t\t<\/div>\r\n\t<\/article>\r\n\t<article class=\"w-grid-item post-1725 attachment type-attachment status-inherit hentry\" data-id=\"1725\">\r\n\t\t<div class=\"w-grid-item-h\">\r\n\t\t\t\t\t\t\t<a class=\"w-grid-item-anchor\" href=\"https:\/\/juedisches-wiesbaden.de\/wp-content\/uploads\/2021\/08\/DSC_5104-scaled.jpg\" ref=\"magnificPopupGrid\" title=\"L\u2019accompagnement musical : Alex Jacobowitz avec son marimba. Photographe : Igor Eisenschtat. Collection de la communaut\u00e9 juive de Wiesbaden\"><\/a>\r\n\t\t\t\t\t\t<div class=\"w-post-elm post_image usg_post_image_1 stretched\"><a href=\"https:\/\/juedisches-wiesbaden.de\/fr\/envira\/kulturpreis\/attachment\/dsc_5104-2\/\" aria-label=\"L\u2019accompagnement musical : Alex Jacobowitz avec son marimba. Photographe : Igor Eisenschtat. Collection de la communaut\u00e9 juive de Wiesbaden\"><img loading=\"lazy\" decoding=\"async\" width=\"2560\" height=\"2032\" src=\"https:\/\/juedisches-wiesbaden.de\/wp-content\/uploads\/2021\/08\/DSC_5104-scaled.jpg\" class=\"attachment-full size-full\" alt=\"L\u2019accompagnement musical : Alex Jacobowitz avec son marimba. Photographe : Igor Eisenschtat. Collection de la communaut\u00e9 juive de Wiesbaden\" srcset=\"https:\/\/juedisches-wiesbaden.de\/wp-content\/uploads\/2021\/08\/DSC_5104-scaled.jpg 2560w, https:\/\/juedisches-wiesbaden.de\/wp-content\/uploads\/2021\/08\/DSC_5104-scaled-300x238.jpg 300w, https:\/\/juedisches-wiesbaden.de\/wp-content\/uploads\/2021\/08\/DSC_5104-scaled-1024x813.jpg 1024w\" sizes=\"auto, (max-width: 2560px) 100vw, 2560px\" \/><\/a><\/div>\t\t<\/div>\r\n\t<\/article>\r\n<\/div><div class=\"w-grid-preloader\"><div class=\"g-preloader type_1\">\r\n\t<div><\/div>\r\n<\/div>\r\n<\/div>\t<div class=\"w-grid-json hidden\" onclick='return {&quot;action&quot;:&quot;us_ajax_grid&quot;,&quot;ajax_url&quot;:&quot;https:\\\/\\\/juedisches-wiesbaden.de\\\/wp-admin\\\/admin-ajax.php&quot;,&quot;infinite_scroll&quot;:0,&quot;max_num_pages&quot;:1,&quot;pagination&quot;:&quot;none&quot;,&quot;permalink_url&quot;:&quot;https:\\\/\\\/juedisches-wiesbaden.de\\\/fr\\\/wp-json\\\/wp\\\/v2\\\/pages\\\/1093\\\/&quot;,&quot;template_vars&quot;:{&quot;columns&quot;:&quot;1&quot;,&quot;exclude_items&quot;:&quot;none&quot;,&quot;img_size&quot;:&quot;default&quot;,&quot;ignore_items_size&quot;:false,&quot;items_layout&quot;:&quot;2697&quot;,&quot;items_offset&quot;:&quot;1&quot;,&quot;load_animation&quot;:&quot;none&quot;,&quot;overriding_link&quot;:&quot;popup_post_image&quot;,&quot;post_id&quot;:1093,&quot;query_args&quot;:{&quot;post_type&quot;:[&quot;attachment&quot;],&quot;post__in&quot;:[&quot;1743&quot;,&quot;1739&quot;,&quot;1735&quot;,&quot;1731&quot;,&quot;1727&quot;,&quot;1723&quot;],&quot;post_status&quot;:&quot;inherit&quot;,&quot;post_mime_type&quot;:&quot;image&quot;,&quot;posts_per_page&quot;:&quot;55&quot;},&quot;orderby_query_args&quot;:{&quot;orderby&quot;:{&quot;date&quot;:&quot;DESC&quot;}},&quot;type&quot;:&quot;grid&quot;,&quot;us_grid_ajax_index&quot;:1,&quot;us_grid_filter_params&quot;:null,&quot;us_grid_index&quot;:1,&quot;_us_grid_post_type&quot;:&quot;attachment&quot;,&quot;lang&quot;:&quot;fr&quot;}}'><\/div>\r\n\t<\/div><\/div><\/div><\/div><div class=\"vc_col-sm-8 wpb_column vc_column_container\"><div class=\"vc_column-inner\"><div class=\"wpb_wrapper\"><div class=\"wpb_text_column\"><div class=\"wpb_wrapper\"><h2>\u00abPrix de la promotion de la vie culturelle\u00bb pour \u00abTarbut &#8211; un temps pour la culture juive\u00bb<\/h2>\n<h3>Wiesbaden, la capitale du Land, a d\u00e9cern\u00e9 \u00e0 la communaut\u00e9 juive de Wiesbaden le prix de la culture, pour la haute qualit\u00e9 culturelle de sa s\u00e9rie d\u2019\u00e9v\u00e9n\u00e9ments \u00abTarbut &#8211; Un temps pour la culture juive\u00bb.<\/h3>\n<p>En novembre 2020, Wiesbaden, capitale du Land, a annonc\u00e9 qu&rsquo;elle d\u00e9cernait le \u00abPrix de la promotion de la vie culturelle\u00bb (en abr\u00e9g\u00e9 : prix de la culture) de l\u2019ann\u00e9e \u00e0 la communaut\u00e9 juive de Wiesbaden pour sa s\u00e9rie d&rsquo;\u00e9v\u00e9nements \u00abTarbut &#8211; un temps pour la culture juive\u00bb. Le prix est d\u00e9cern\u00e9 \u00e0 des artistes ou \u00e0 des institutions qui ont rendu des services exceptionnels \u00e0 la vie culturelle de Wiesbaden. Le jury a fond\u00e9 sa d\u00e9cision sur le fait que, depuis 2008, la communaut\u00e9 juive propose chaque ann\u00e9e, \u00e0 la fin de l&rsquo;\u00e9t\u00e9 et en automne, un programme culturel vari\u00e9 et de haute qualit\u00e9, ouvert \u00e0 tous les citoyens int\u00e9ress\u00e9s de Wiesbaden. Chaque ann\u00e9e, cette s\u00e9rie d&rsquo;\u00e9v\u00e9nements enrichit la culture de la ville sous une perspective explicitement juive. Axel Imholz, chef du d\u00e9partement de la culture, a d\u00e9clar\u00e9 \u00abavec cette offre, et aussi \u00e0 travers les cours de la Maison d\u2019Etudes Juives, la riche culture juive a \u00e9t\u00e9 rendue proche et accessible aux habitants de Wiesbaden depuis de nombreuses ann\u00e9es par la Communaut\u00e9 juive de Wiesbaden.\u00bb<\/p>\n<p>En raison de la pand\u00e9mie du coronavirus, la c\u00e9r\u00e9monie de remise du prix a d\u00fb se d\u00e9rouler sans le public. Le 21 f\u00e9vrier 2021, le maire Gert-Uwe Mende, la pr\u00e9sidente du conseil municipal Christa Gabriel et le chef du d\u00e9partement de la culture Axel Imholz ont remis le prix aux repr\u00e9sentants de la communaut\u00e9 lors d&rsquo;une c\u00e9r\u00e9monie qui s&rsquo;est d\u00e9roul\u00e9e dans le salon Carl-Schuricht du Kurhaus de Wiesbaden. <a href=\"https:\/\/www.jg-wi.de\/kulturpreis\/\" target=\"_blank\" rel=\"noopener\">https:\/\/www.jg-wi.de\/kulturpreis\/<\/a><\/p>\n<\/div><\/div><div class=\"w-separator size_custom\" style=\"height:30px\"><\/div><div class=\"w-video align_none ratio_16x9\" onclick=\"return {&quot;player_html&quot;:&quot;&lt;div class=\\&quot;BorlabsCookie _brlbs-cb-youtube\\&quot;&gt;&lt;div class=\\&quot;_brlbs-content-blocker\\&quot;&gt; &lt;div class=\\&quot;_brlbs-embed _brlbs-video-youtube\\&quot;&gt; &lt;img class=\\&quot;_brlbs-thumbnail\\&quot; src=\\&quot;https:\\\/\\\/juedisches-wiesbaden.de\\\/wp-content\\\/plugins\\\/borlabs-cookie\\\/assets\\\/images\\\/cb-no-thumbnail.png\\&quot; alt=\\&quot;YouTube\\&quot;&gt; &lt;div class=\\&quot;_brlbs-caption\\&quot;&gt; &lt;p&gt;Mit dem Laden des Videos akzeptieren Sie die Datenschutzerkl\\u00e4rung von YouTube.&lt;br&gt;&lt;a href=\\&quot;https:\\\/\\\/policies.google.com\\\/privacy\\&quot; target=\\&quot;_blank\\&quot; rel=\\&quot;nofollow noopener noreferrer\\&quot;&gt;Mehr erfahren&lt;\\\/a&gt;&lt;\\\/p&gt; &lt;p&gt;&lt;a class=\\&quot;_brlbs-btn _brlbs-icon-play-white\\&quot; href=\\&quot;#\\&quot; data-borlabs-cookie-unblock role=\\&quot;button\\&quot;&gt;Video laden&lt;\\\/a&gt;&lt;\\\/p&gt; &lt;p&gt;&lt;label&gt;&lt;input type=\\&quot;checkbox\\&quot; name=\\&quot;unblockAll\\&quot; value=\\&quot;1\\&quot; checked&gt; &lt;small&gt;YouTube immer entsperren&lt;\\\/small&gt;&lt;\\\/label&gt;&lt;\\\/p&gt; &lt;\\\/div&gt; &lt;\\\/div&gt; &lt;\\\/div&gt;&lt;div class=\\&quot;borlabs-hide\\&quot; data-borlabs-cookie-type=\\&quot;content-blocker\\&quot; data-borlabs-cookie-id=\\&quot;youtube\\&quot;&gt;&lt;script type=\\&quot;text\\\/template\\&quot;&gt;PGlmcmFtZSB0aXRsZT0i8J+TnCBLdWx0dXJwcmVpc3ZlcmxlaWh1bmcgZsO8ciAyMDIwOiBUYXJidXQg4oCTIFplaXQgZsO8ciBqw7xkaXNjaGUgS3VsdHVyIC8gTGFuZGVzaGF1cHRzdGFkdCBXaWVzYmFkZW4iIHdpZHRoPSI2NDAiIGhlaWdodD0iMzYwIiBzcmM9Imh0dHBzOi8vd3d3LnlvdXR1YmUtbm9jb29raWUuY29tL2VtYmVkL2czZWl0WTVRRlJjP2ZlYXR1cmU9b2VtYmVkIiBmcmFtZWJvcmRlcj0iMCIgYWxsb3c9ImFjY2VsZXJvbWV0ZXI7IGF1dG9wbGF5OyBjbGlwYm9hcmQtd3JpdGU7IGVuY3J5cHRlZC1tZWRpYTsgZ3lyb3Njb3BlOyBwaWN0dXJlLWluLXBpY3R1cmUiIGFsbG93ZnVsbHNjcmVlbj48L2lmcmFtZT4=&lt;\\\/script&gt;&lt;\\\/div&gt;&lt;\\\/div&gt;&quot;}\"><div class=\"w-video-h\"><div class=\"BorlabsCookie _brlbs-cb-youtube\"><div class=\"_brlbs-content-blocker\"> <div class=\"_brlbs-embed _brlbs-video-youtube\"> <img class=\"_brlbs-thumbnail\" src=\"https:\/\/juedisches-wiesbaden.de\/wp-content\/plugins\/borlabs-cookie\/assets\/images\/cb-no-thumbnail.png\" alt=\"YouTube\"> <div class=\"_brlbs-caption\"> <p>Mit dem Laden des Videos akzeptieren Sie die Datenschutzerkl\u00e4rung von YouTube.<br><a href=\"https:\/\/policies.google.com\/privacy\" target=\"_blank\" rel=\"nofollow noopener noreferrer\">Mehr erfahren<\/a><\/p> <p><a class=\"_brlbs-btn _brlbs-icon-play-white\" href=\"#\" data-borlabs-cookie-unblock role=\"button\">Video laden<\/a><\/p> <p><label><input type=\"checkbox\" name=\"unblockAll\" value=\"1\" checked> <small>YouTube immer entsperren<\/small><\/label><\/p> <\/div> <\/div> <\/div><div class=\"borlabs-hide\" data-borlabs-cookie-type=\"content-blocker\" data-borlabs-cookie-id=\"youtube\"><script type=\"text\/template\">PGlmcmFtZSB0aXRsZT0iWW91dHViZSB2aWRlbyBwbGF5ZXIiIHNyYz0iLy93d3cueW91dHViZS1ub2Nvb2tpZS5jb20vZW1iZWQvZzNlaXRZNVFGUmM\/b3JpZ2luPWh0dHBzOi8vanVlZGlzY2hlcy13aWVzYmFkZW4uZGUmY29udHJvbHM9MSIgYWxsb3dmdWxsc2NyZWVuPSIxIiBsb2FkaW5nPSJsYXp5Ij48L2lmcmFtZT4=<\/script><\/div><\/div><\/div><div class=\"w-video-icon\" style=\"font-size:1.5rem;background:rgba(0,0,0,0.5);color:#fff\"><\/div><\/div><\/div><\/div><\/div><\/div><\/div><\/section>","protected":false},"excerpt":{"rendered":"","protected":false},"author":5,"featured_media":2238,"parent":0,"menu_order":0,"comment_status":"closed","ping_status":"closed","template":"","meta":{"inline_featured_image":false,"footnotes":""},"class_list":["post-1093","page","type-page","status-publish","has-post-thumbnail","hentry"],"_links":{"self":[{"href":"https:\/\/juedisches-wiesbaden.de\/fr\/wp-json\/wp\/v2\/pages\/1093","targetHints":{"allow":["GET"]}}],"collection":[{"href":"https:\/\/juedisches-wiesbaden.de\/fr\/wp-json\/wp\/v2\/pages"}],"about":[{"href":"https:\/\/juedisches-wiesbaden.de\/fr\/wp-json\/wp\/v2\/types\/page"}],"author":[{"embeddable":true,"href":"https:\/\/juedisches-wiesbaden.de\/fr\/wp-json\/wp\/v2\/users\/5"}],"replies":[{"embeddable":true,"href":"https:\/\/juedisches-wiesbaden.de\/fr\/wp-json\/wp\/v2\/comments?post=1093"}],"version-history":[{"count":17,"href":"https:\/\/juedisches-wiesbaden.de\/fr\/wp-json\/wp\/v2\/pages\/1093\/revisions"}],"predecessor-version":[{"id":3518,"href":"https:\/\/juedisches-wiesbaden.de\/fr\/wp-json\/wp\/v2\/pages\/1093\/revisions\/3518"}],"wp:featuredmedia":[{"embeddable":true,"href":"https:\/\/juedisches-wiesbaden.de\/fr\/wp-json\/wp\/v2\/media\/2238"}],"wp:attachment":[{"href":"https:\/\/juedisches-wiesbaden.de\/fr\/wp-json\/wp\/v2\/media?parent=1093"}],"curies":[{"name":"wp","href":"https:\/\/api.w.org\/{rel}","templated":true}]}}