{"id":2143,"date":"2021-08-24T17:57:38","date_gmt":"2021-08-24T17:57:38","guid":{"rendered":"https:\/\/juedisches-wiesbaden.juedische-geschichte-wiesbaden.de\/bienvenue\/"},"modified":"2022-04-22T12:23:35","modified_gmt":"2022-04-22T12:23:35","slug":"bienvenue","status":"publish","type":"page","link":"https:\/\/juedisches-wiesbaden.de\/fr\/","title":{"rendered":"BIENVENUE A L\u2019EXPOSITION EN LIGNE DE L\u2019HISTOIRE D\u2019APRES-GUERRE DE LA COMMUNAUTE JUIVE DE WIESBADEN"},"content":{"rendered":"<section class=\"l-section wpb_row height_auto\"><div class=\"l-section-h i-cf\"><div class=\"g-cols vc_row via_flex valign_top type_default\"><div class=\"vc_col-sm-12 wpb_column vc_column_container\"><div class=\"vc_column-inner\"><div class=\"wpb_wrapper\"><div class=\"g-cols wpb_row via_flex valign_top type_default\"><div class=\"vc_col-sm-12 wpb_column vc_column_container\"><div class=\"vc_column-inner\"><div class=\"wpb_wrapper\"><div class=\"wpb_text_column us_custom_5848baef  hide_on_tablets hide_on_mobiles\"><div class=\"wpb_wrapper\"><p><em>Les rouleaux de la Torah sont accueillis dans le nouveau b\u00e2timent de la synagogue. Au premier plan le chantre Estrongo Nachama.<br \/>\nPhotographe : Joachim B. Weber. StadtA WI, F000-500<\/em><\/p>\n<\/div><\/div><\/div><\/div><\/div><\/div><div class=\"w-separator size_custom\" style=\"height:30px\"><\/div><div class=\"g-cols wpb_row via_flex valign_top type_default\"><div class=\"vc_col-sm-12 wpb_column vc_column_container\"><div class=\"vc_column-inner\"><div class=\"wpb_wrapper\"><div class=\"wpb_text_column\"><div class=\"wpb_wrapper\"><h2>Le Wiesbaden juif : entre un nouveau commencement, la confiance et \u00ab Tarbut &#8211; un temps pour la culture juive \u00bb.<\/h2>\n<p>Une exposition de la Communaut\u00e9 juive de Wiesbaden en coop\u00e9ration avec les archives municipales de Wiesbaden \u00e0 l&rsquo;occasion de la refondation de la Communaut\u00e9 juive il y a 75 ans et de l&rsquo;inauguration du nouveau b\u00e2timent de la synagogue il y a 55 ans.<\/p>\n<p>En collaboration avec les archives municipales de Wiesbaden, la communaut\u00e9 juive de Wiesbaden raconte son histoire d&rsquo;apr\u00e8s-guerre, document\u00e9e dans l\u2019exposition num\u00e9rique.<\/p>\n<p>Dans le cadre de l\u2019exposition, du 25 ao\u00fbt au 8 septembre 2021, des photographies historiques sur ce sujet etaient pr\u00e9sent\u00e9es dans le foyer de l&rsquo;h\u00f4tel de ville.<\/p>\n<\/div><\/div><div class=\"wpb_text_column\"><div class=\"wpb_wrapper\"><\/div><\/div><\/div><\/div><\/div><\/div><\/div><\/div><\/div><\/div><\/div><\/section><section class=\"l-section wpb_row height_medium\"><div class=\"l-section-h i-cf\"><div class=\"g-cols vc_row via_flex valign_top type_default\"><div class=\"vc_col-sm-12 wpb_column vc_column_container\"><div class=\"vc_column-inner\"><div class=\"wpb_wrapper\"><div class=\"g-cols wpb_row via_flex valign_top type_default\"><div class=\"vc_col-sm-12 wpb_column vc_column_container\"><div class=\"vc_column-inner\"><div class=\"wpb_wrapper\"><div class=\"wpb_text_column\"><div class=\"wpb_wrapper\"><h2>L&rsquo;exposition a marqu\u00e9 le d\u00e9but de la s\u00e9rie d&rsquo;\u00e9v\u00e9nements<br \/>\n\u00abTarbut &#8211; un temps pour la culture juive\u00bb en 2021<\/h2>\n<\/div><\/div><\/div><\/div><\/div><\/div><div class=\"w-separator size_custom\" style=\"height:30px\"><\/div><div class=\"w-video align_none ratio_16x9\" onclick=\"return {&quot;player_html&quot;:&quot;&lt;div class=\\&quot;BorlabsCookie _brlbs-cb-youtube\\&quot;&gt;&lt;div class=\\&quot;_brlbs-content-blocker\\&quot;&gt; &lt;div class=\\&quot;_brlbs-embed _brlbs-video-youtube\\&quot;&gt; &lt;img class=\\&quot;_brlbs-thumbnail\\&quot; src=\\&quot;https:\\\/\\\/juedisches-wiesbaden.de\\\/wp-content\\\/plugins\\\/borlabs-cookie\\\/assets\\\/images\\\/cb-no-thumbnail.png\\&quot; alt=\\&quot;YouTube\\&quot;&gt; &lt;div class=\\&quot;_brlbs-caption\\&quot;&gt; &lt;p&gt;Mit dem Laden des Videos akzeptieren Sie die Datenschutzerkl\\u00e4rung von YouTube.&lt;br&gt;&lt;a href=\\&quot;https:\\\/\\\/policies.google.com\\\/privacy\\&quot; target=\\&quot;_blank\\&quot; rel=\\&quot;nofollow noopener noreferrer\\&quot;&gt;Mehr erfahren&lt;\\\/a&gt;&lt;\\\/p&gt; &lt;p&gt;&lt;a class=\\&quot;_brlbs-btn _brlbs-icon-play-white\\&quot; href=\\&quot;#\\&quot; data-borlabs-cookie-unblock role=\\&quot;button\\&quot;&gt;Video laden&lt;\\\/a&gt;&lt;\\\/p&gt; &lt;p&gt;&lt;label&gt;&lt;input type=\\&quot;checkbox\\&quot; name=\\&quot;unblockAll\\&quot; value=\\&quot;1\\&quot; checked&gt; &lt;small&gt;YouTube immer entsperren&lt;\\\/small&gt;&lt;\\\/label&gt;&lt;\\\/p&gt; &lt;\\\/div&gt; &lt;\\\/div&gt; &lt;\\\/div&gt;&lt;div class=\\&quot;borlabs-hide\\&quot; data-borlabs-cookie-type=\\&quot;content-blocker\\&quot; data-borlabs-cookie-id=\\&quot;youtube\\&quot;&gt;&lt;script type=\\&quot;text\\\/template\\&quot;&gt;PGlmcmFtZSB0aXRsZT0iSsO8ZGlzY2hlcyBXaWVzYmFkZW46IFp3aXNjaGVuIE5ldWJlZ2lubiwgWnV2ZXJzaWNodCB1bmQg4oCeVGFyYnV0IOKAkyBaZWl0IGbDvHIgasO8ZGlzY2hlIEt1bHR1cuKAnCIgd2lkdGg9IjY0MCIgaGVpZ2h0PSIzNjAiIHNyYz0iaHR0cHM6Ly93d3cueW91dHViZS1ub2Nvb2tpZS5jb20vZW1iZWQvM3AzQUtDZF8zRzg\\\/c3RhcnQ9NiZmZWF0dXJlPW9lbWJlZCIgZnJhbWVib3JkZXI9IjAiIGFsbG93PSJhY2NlbGVyb21ldGVyOyBhdXRvcGxheTsgY2xpcGJvYXJkLXdyaXRlOyBlbmNyeXB0ZWQtbWVkaWE7IGd5cm9zY29wZTsgcGljdHVyZS1pbi1waWN0dXJlIiBhbGxvd2Z1bGxzY3JlZW4+PC9pZnJhbWU+&lt;\\\/script&gt;&lt;\\\/div&gt;&lt;\\\/div&gt;&quot;}\"><div class=\"w-video-h\"><div class=\"BorlabsCookie _brlbs-cb-youtube\"><div class=\"_brlbs-content-blocker\"> <div class=\"_brlbs-embed _brlbs-video-youtube\"> <img class=\"_brlbs-thumbnail\" src=\"https:\/\/juedisches-wiesbaden.de\/wp-content\/plugins\/borlabs-cookie\/assets\/images\/cb-no-thumbnail.png\" alt=\"YouTube\"> <div class=\"_brlbs-caption\"> <p>Mit dem Laden des Videos akzeptieren Sie die Datenschutzerkl\u00e4rung von YouTube.<br><a href=\"https:\/\/policies.google.com\/privacy\" target=\"_blank\" rel=\"nofollow noopener noreferrer\">Mehr erfahren<\/a><\/p> <p><a class=\"_brlbs-btn _brlbs-icon-play-white\" href=\"#\" data-borlabs-cookie-unblock role=\"button\">Video laden<\/a><\/p> <p><label><input type=\"checkbox\" name=\"unblockAll\" value=\"1\" checked> <small>YouTube immer entsperren<\/small><\/label><\/p> <\/div> <\/div> <\/div><div class=\"borlabs-hide\" data-borlabs-cookie-type=\"content-blocker\" data-borlabs-cookie-id=\"youtube\"><script type=\"text\/template\">PGlmcmFtZSB0aXRsZT0iWW91dHViZSB2aWRlbyBwbGF5ZXIiIHNyYz0iLy93d3cueW91dHViZS1ub2Nvb2tpZS5jb20vZW1iZWQvM3AzQUtDZF8zRzg\/b3JpZ2luPWh0dHBzOi8vanVlZGlzY2hlcy13aWVzYmFkZW4uZGUmY29udHJvbHM9MSIgYWxsb3dmdWxsc2NyZWVuPSIxIiBsb2FkaW5nPSJsYXp5Ij48L2lmcmFtZT4=<\/script><\/div><\/div><\/div><div class=\"w-video-icon\" style=\"font-size:1.5rem;background:rgba(0,0,0,0.5);color:#fff\"><\/div><\/div><div class=\"wpb_text_column\"><div class=\"wpb_wrapper\"><p><em>Enregistrement de l&rsquo;ouverture<\/em><\/p>\n<\/div><\/div><div class=\"w-separator size_custom\" style=\"height:100px\"><\/div><div class=\"w-separator size_custom\" style=\"height:30px\"><\/div><div class=\"g-cols wpb_row via_flex valign_middle type_default\" style=\"--additional-gap:10px;\"><div class=\"vc_col-sm-4 wpb_column vc_column_container\"><div class=\"vc_column-inner\"><div class=\"wpb_wrapper\"><div class=\"w-image us_custom_2c4f4a12 align_none\"><a target=\"_blank\" href=\"https:\/\/www.jg-wi.de\/\" rel=\"noopener\" aria-label=\"Lien\" class=\"w-image-h\"><img loading=\"lazy\" decoding=\"async\" width=\"1024\" height=\"1024\" src=\"https:\/\/juedisches-wiesbaden.de\/wp-content\/uploads\/2022\/04\/juedische_gemeinde_wiesbaden.svg\" class=\"attachment-large size-large\" alt=\"\" \/><\/a><\/div><\/div><\/div><\/div><div class=\"vc_col-sm-8 wpb_column vc_column_container\"><div class=\"vc_column-inner\"><div class=\"wpb_wrapper\"><div class=\"w-image us_custom_56761b8e align_none\"><a target=\"_blank\" href=\"https:\/\/www.wiesbaden.de\/kultur\/archive\/archive\/index.php\" rel=\"noopener\" aria-label=\"Lien\" class=\"w-image-h\"><img loading=\"lazy\" decoding=\"async\" width=\"1024\" height=\"365\" src=\"https:\/\/juedisches-wiesbaden.de\/wp-content\/uploads\/2022\/04\/Logo_Stadtarchiv_Farbe-1024x365.png\" class=\"attachment-large size-large\" alt=\"\" srcset=\"https:\/\/juedisches-wiesbaden.de\/wp-content\/uploads\/2022\/04\/Logo_Stadtarchiv_Farbe-1024x365.png 1024w, https:\/\/juedisches-wiesbaden.de\/wp-content\/uploads\/2022\/04\/Logo_Stadtarchiv_Farbe-300x107.png 300w, https:\/\/juedisches-wiesbaden.de\/wp-content\/uploads\/2022\/04\/Logo_Stadtarchiv_Farbe-600x214.png 600w\" sizes=\"auto, (max-width: 1024px) 100vw, 1024px\" \/><\/a><\/div><\/div><\/div><\/div><\/div><div class=\"w-separator size_custom\" style=\"height:50px\"><\/div><div class=\"g-cols wpb_row via_flex valign_top type_default\"><div class=\"vc_col-sm-12 wpb_column vc_column_container\"><div class=\"vc_column-inner\"><div class=\"wpb_wrapper\"><div class=\"wpb_text_column\"><div class=\"wpb_wrapper\"><h2>Pour leur soutien dans tous les domaines, nous tenons \u00e0 exprimer nos sinc\u00e8res remerciements \u00e0:<\/h2>\n<\/div><\/div><\/div><\/div><\/div><\/div><div class=\"w-separator size_custom\" style=\"height:30px\"><\/div><div class=\"g-cols wpb_row via_flex valign_top type_default\"><div class=\"vc_col-sm-6 wpb_column vc_column_container\"><div class=\"vc_column-inner\"><div class=\"wpb_wrapper\"><div class=\"w-image align_none\"><a target=\"_blank\" href=\"https:\/\/landesarchiv.hessen.de\/hessisches-hauptstaatsarchiv-wiesbaden-hhstaw\" rel=\"noopener\" aria-label=\"Lien\" class=\"w-image-h\"><img loading=\"lazy\" decoding=\"async\" width=\"495\" height=\"91\" src=\"https:\/\/juedisches-wiesbaden.de\/wp-content\/uploads\/2021\/09\/Hessisches-Landesarchiv-1.png\" class=\"attachment-full size-full\" alt=\"\" srcset=\"https:\/\/juedisches-wiesbaden.de\/wp-content\/uploads\/2021\/09\/Hessisches-Landesarchiv-1.png 495w, https:\/\/juedisches-wiesbaden.de\/wp-content\/uploads\/2021\/09\/Hessisches-Landesarchiv-1-300x55.png 300w\" sizes=\"auto, (max-width: 495px) 100vw, 495px\" \/><\/a><\/div><\/div><\/div><\/div><div class=\"vc_col-sm-6 wpb_column vc_column_container\"><div class=\"vc_column-inner\"><div class=\"wpb_wrapper\"><\/div><\/div><\/div><\/div><div class=\"w-separator size_custom\" style=\"height:30px\"><\/div><div class=\"g-cols wpb_row via_flex valign_top type_default\"><div class=\"vc_col-sm-12 wpb_column vc_column_container\"><div class=\"vc_column-inner\"><div class=\"wpb_wrapper\"><div class=\"wpb_text_column\"><div class=\"wpb_wrapper\"><ul>\n<li><strong>Medienzentrum Wiesbaden <\/strong><\/li>\n<li><strong>Rabin Ralph Dalin <\/strong><\/li>\n<li><strong>Rabin David Dalin <\/strong><\/li>\n<li><strong>et \u00e0 tous nos membres et amis.<br \/>\n<\/strong><\/li>\n<\/ul>\n<\/div><\/div><\/div><\/div><\/div><\/div><\/div><\/div><\/div><\/div><\/div><\/section><section class=\"l-section wpb_row height_small\"><div class=\"l-section-h i-cf\"><div class=\"g-cols vc_row via_flex valign_top type_default\"><div class=\"vc_col-sm-12 wpb_column vc_column_container\"><div class=\"vc_column-inner\"><div class=\"wpb_wrapper\"><div class=\"g-cols wpb_row via_flex valign_top type_default\"><div class=\"vc_col-sm-12 wpb_column vc_column_container\"><div class=\"vc_column-inner\"><div class=\"wpb_wrapper\"><div class=\"wpb_text_column\"><div class=\"wpb_wrapper\"><h2>Avec le soutien du:<\/h2>\n<\/div><\/div><\/div><\/div><\/div><\/div><div class=\"w-separator size_custom\" style=\"height:30px\"><\/div><div class=\"g-cols wpb_row via_flex valign_top type_default\"><div class=\"vc_col-sm-6 wpb_column vc_column_container\"><div class=\"vc_column-inner\"><div class=\"wpb_wrapper\"><div class=\"w-image us_custom_cc2ee782 align_none\"><a target=\"_blank\" href=\"http:\/\/www.lvjgh.de\" rel=\"noopener\" aria-label=\"Lien\" class=\"w-image-h\"><img loading=\"lazy\" decoding=\"async\" width=\"1200\" height=\"371\" src=\"https:\/\/juedisches-wiesbaden.de\/wp-content\/uploads\/2021\/08\/LV-Logo_fin.jpg\" class=\"attachment-full size-full\" alt=\"\" srcset=\"https:\/\/juedisches-wiesbaden.de\/wp-content\/uploads\/2021\/08\/LV-Logo_fin.jpg 1200w, https:\/\/juedisches-wiesbaden.de\/wp-content\/uploads\/2021\/08\/LV-Logo_fin-300x93.jpg 300w, https:\/\/juedisches-wiesbaden.de\/wp-content\/uploads\/2021\/08\/LV-Logo_fin-1024x317.jpg 1024w\" sizes=\"auto, (max-width: 1200px) 100vw, 1200px\" \/><\/a><\/div><div class=\"w-separator size_custom\" style=\"height:30px\"><\/div><\/div><\/div><\/div><div class=\"vc_col-sm-6 wpb_column vc_column_container\"><div class=\"vc_column-inner\"><div class=\"wpb_wrapper\"><\/div><\/div><\/div><\/div><\/div><\/div><\/div><\/div><\/div><\/section><section class=\"l-section wpb_row height_medium\"><div class=\"l-section-h i-cf\"><div class=\"g-cols vc_row via_flex valign_top type_default\"><div class=\"vc_col-sm-12 wpb_column vc_column_container\"><div class=\"vc_column-inner\"><div class=\"wpb_wrapper\"><div class=\"g-cols wpb_row via_flex valign_top type_default\"><div class=\"vc_col-sm-12 wpb_column vc_column_container\"><div class=\"vc_column-inner\"><div class=\"wpb_wrapper\"><div class=\"wpb_text_column\"><div class=\"wpb_wrapper\"><h2>Une contribution \u00e0:<\/h2>\n<\/div><\/div><\/div><\/div><\/div><\/div><div class=\"w-separator size_custom\" style=\"height:30px\"><\/div><div class=\"g-cols wpb_row via_flex valign_top type_default\"><div class=\"vc_col-sm-4 wpb_column vc_column_container\"><div class=\"vc_column-inner\"><div class=\"wpb_wrapper\"><div class=\"w-image align_none\"><div class=\"w-image-h\"><img loading=\"lazy\" decoding=\"async\" width=\"2047\" height=\"381\" src=\"https:\/\/juedisches-wiesbaden.de\/wp-content\/uploads\/2021\/08\/2021JLID_quer_cmyk.png\" class=\"attachment-full size-full\" alt=\"\" srcset=\"https:\/\/juedisches-wiesbaden.de\/wp-content\/uploads\/2021\/08\/2021JLID_quer_cmyk.png 2047w, https:\/\/juedisches-wiesbaden.de\/wp-content\/uploads\/2021\/08\/2021JLID_quer_cmyk-300x56.png 300w, https:\/\/juedisches-wiesbaden.de\/wp-content\/uploads\/2021\/08\/2021JLID_quer_cmyk-1024x191.png 1024w\" sizes=\"auto, (max-width: 2047px) 100vw, 2047px\" \/><\/div><\/div><\/div><\/div><\/div><div class=\"vc_col-sm-4 wpb_column vc_column_container\"><div class=\"vc_column-inner\"><div class=\"wpb_wrapper\"><\/div><\/div><\/div><div class=\"vc_col-sm-4 wpb_column vc_column_container\"><div class=\"vc_column-inner\"><div class=\"wpb_wrapper\"><\/div><\/div><\/div><\/div><\/div><\/div><\/div><\/div><\/div><\/section>\n","protected":false},"excerpt":{"rendered":"Les rouleaux de la Torah sont accueillis dans le nouveau b\u00e2timent de la synagogue. Au premier plan le chantre Estrongo Nachama. Photographe : Joachim B. Weber. StadtA WI, F000-500 Le Wiesbaden juif : entre un nouveau commencement, la confiance et \u00ab Tarbut &#8211; un temps pour la culture juive \u00bb. Une exposition de la Communaut\u00e9...","protected":false},"author":5,"featured_media":1313,"parent":0,"menu_order":0,"comment_status":"closed","ping_status":"closed","template":"","meta":{"inline_featured_image":false,"footnotes":""},"class_list":["post-2143","page","type-page","status-publish","has-post-thumbnail","hentry"],"_links":{"self":[{"href":"https:\/\/juedisches-wiesbaden.de\/fr\/wp-json\/wp\/v2\/pages\/2143","targetHints":{"allow":["GET"]}}],"collection":[{"href":"https:\/\/juedisches-wiesbaden.de\/fr\/wp-json\/wp\/v2\/pages"}],"about":[{"href":"https:\/\/juedisches-wiesbaden.de\/fr\/wp-json\/wp\/v2\/types\/page"}],"author":[{"embeddable":true,"href":"https:\/\/juedisches-wiesbaden.de\/fr\/wp-json\/wp\/v2\/users\/5"}],"replies":[{"embeddable":true,"href":"https:\/\/juedisches-wiesbaden.de\/fr\/wp-json\/wp\/v2\/comments?post=2143"}],"version-history":[{"count":26,"href":"https:\/\/juedisches-wiesbaden.de\/fr\/wp-json\/wp\/v2\/pages\/2143\/revisions"}],"predecessor-version":[{"id":3722,"href":"https:\/\/juedisches-wiesbaden.de\/fr\/wp-json\/wp\/v2\/pages\/2143\/revisions\/3722"}],"wp:featuredmedia":[{"embeddable":true,"href":"https:\/\/juedisches-wiesbaden.de\/fr\/wp-json\/wp\/v2\/media\/1313"}],"wp:attachment":[{"href":"https:\/\/juedisches-wiesbaden.de\/fr\/wp-json\/wp\/v2\/media?parent=2143"}],"curies":[{"name":"wp","href":"https:\/\/api.w.org\/{rel}","templated":true}]}}