{"id":3293,"date":"2021-08-23T12:34:35","date_gmt":"2021-08-23T12:34:35","guid":{"rendered":"https:\/\/juedisches-wiesbaden.juedische-geschichte-wiesbaden.de\/impressum\/"},"modified":"2023-06-18T16:26:35","modified_gmt":"2023-06-18T16:26:35","slug":"impressum","status":"publish","type":"page","link":"https:\/\/juedisches-wiesbaden.de\/fr\/impressum\/","title":{"rendered":"Impressum"},"content":{"rendered":"<section class=\"l-section wpb_row height_medium\"><div class=\"l-section-h i-cf\"><div class=\"g-cols vc_row via_flex valign_top type_default\"><div class=\"vc_col-sm-12 wpb_column vc_column_container\"><div class=\"vc_column-inner\"><div class=\"wpb_wrapper\"><div class=\"wpb_text_column\"><div class=\"wpb_wrapper\"><h1 class=\"has-text-color wp-block-heading\" style=\"color: #6565a4;\">Angaben gem\u00e4\u00df \u00a7 5 TMG:<\/h1>\n<p>&nbsp;<\/p>\n<h2 class=\"has-text-color wp-block-heading\" style=\"color: #283583;\"><strong>J\u00fcdische Gemeinde Wiesbaden, K.d.\u00f6.R.<\/strong><\/h2>\n<p>Friedrichstra\u00dfe 31-33<br \/>65185 Wiesbaden<\/p>\n<p>&nbsp;<\/p>\n<h3 class=\"has-text-color wp-block-heading\" style=\"color: #283583;\">Kontakt<\/h3>\n<p>Telefon: 0611 93 33 03 0<br \/>Fax: 0611 93 33 03 19<br \/>E-Mail: info@jg-wi.de<br \/><a href=\"http:\/\/www.jg-wi.de\" target=\"_blank\" rel=\"noopener\">www.jg-wi.de<\/a><br \/><a href=\"http:\/\/www.juedische-geschichte-wiesbaden.de\" target=\"_blank\" rel=\"noopener\">www.juedische-geschichte-wiesbaden.de<\/a><\/p>\n<p>&nbsp;<\/p>\n<h2 class=\"has-text-color wp-block-heading\" style=\"color: #283583;\">Vertreten durch<\/h2>\n<p>&nbsp;<\/p>\n<h4 class=\"wp-block-heading\"><strong>Vorstand<\/strong><\/h4>\n<p>&nbsp;<\/p>\n<p>Henry Fainberg<br \/>Anatoli Gochmann<br \/>Dr. Jakob Gutmark<br \/>Peter K\u00f6nigsberger<br \/>Gersch Rachmann<\/p>\n<p>&nbsp;<\/p>\n<h4 class=\"wp-block-heading\"><strong>Gesch\u00e4ftsf\u00fchrer<\/strong><\/h4>\n<p>Steve Landau<\/p>\n<p>&nbsp;<\/p>\n<h3 class=\"has-text-color wp-block-heading\" style=\"color: #283583;\">Bilder, Grafiken und 360\u00b0 Aufnahme:<\/h3>\n<p>Werkgemeinschaft Vierter Raum \u00b7 Fotografen: Natalie Sommer\/Tom Greiner<\/p>\n<p>&nbsp;<\/p>\n<h3 class=\"has-text-color wp-block-heading\" style=\"color: #283583;\">Webseite und Gestaltung:<\/h3>\n<p>Dipl. Des. Natalie Sommer, Werkgemeinschaft Vierter Raum\/al-plus, b\u00fcro f\u00fcr gestaltung<\/p>\n<p>&nbsp;<\/p>\n<h1 class=\"has-text-color wp-block-heading\" style=\"color: #6565a4;\">Haftungsausschluss<\/h1>\n<p>&nbsp;<\/p>\n<h3 class=\"has-text-color wp-block-heading\" style=\"color: #283583;\"><strong>Haftung f\u00fcr Inhalte<\/strong><\/h3>\n<p>Die Inhalte unserer Seiten wurden mit gr\u00f6\u00dfter Sorgfalt erstellt. F\u00fcr die Richtigkeit, Vollst\u00e4ndigkeit und Aktualit\u00e4t der Inhalte k\u00f6nnen wir jedoch keine Gew\u00e4hr \u00fcbernehmen. Als Diensteanbieter sind wir gem\u00e4\u00df \u00a7 7 Abs.1\u00a0TMG\u00a0f\u00fcr eigene Inhalte auf diesen Seiten nach den allgemeinen Gesetzen verantwortlich. Nach \u00a7\u00a7 8 bis 10\u00a0TMG\u00a0sind wir als Diensteanbieter jedoch nicht verpflichtet, \u00fcbermittelte oder gespeicherte fremde Informationen zu \u00fcberwachen oder nach Umst\u00e4nden zu forschen, die auf eine rechtswidrige T\u00e4tigkeit hinweisen. Verpflichtungen zur Entfernung oder Sperrung der Nutzung von Informationen nach den allgemeinen Gesetzen bleiben hiervon unber\u00fchrt. Eine diesbez\u00fcgliche Haftung ist jedoch erst ab dem Zeitpunkt der Kenntnis einer konkreten Rechtsverletzung m\u00f6glich. Bei Bekanntwerden von entsprechenden Rechtsverletzungen werden wir diese Inhalte umgehend entfernen.<\/p>\n<p>&nbsp;<\/p>\n<h3 class=\"has-text-color wp-block-heading\" style=\"color: #283583;\"><strong>Haftung f\u00fcr Links<\/strong><\/h3>\n<p>Unser Angebot enth\u00e4lt Links zu externen Webseiten Dritter, auf deren Inhalte wir keinen Einfluss haben. Deshalb k\u00f6nnen wir f\u00fcr diese fremden Inhalte auch keine Gew\u00e4hr \u00fcbernehmen. F\u00fcr die Inhalte der verlinkten Seiten ist stets der jeweilige Anbieter oder Betreiber der Seiten verantwortlich. Die verlinkten Seiten wurden zum Zeitpunkt der Verlinkung auf m\u00f6gliche Rechtsverst\u00f6\u00dfe \u00fcberpr\u00fcft. Rechtswidrige Inhalte waren zum Zeitpunkt der Verlinkung nicht erkennbar. Eine permanente inhaltliche Kontrolle der verlinkten Seiten ist jedoch ohne konkrete Anhaltspunkte einer Rechtsverletzung nicht zumutbar. Bei Bekanntwerden von Rechtsverletzungen werden wir derartige Links umgehend entfernen.<\/p>\n<p>&nbsp;<\/p>\n<h3 class=\"has-text-color wp-block-heading\" style=\"color: #283583;\"><strong>Urheberrecht<\/strong><\/h3>\n<p>Die durch die Seitenbetreiber erstellten Inhalte und Werke auf diesen Seiten unterliegen dem deutschen Urheberrecht. Die Vervielf\u00e4ltigung, Bearbeitung, Verbreitung und jede Art der Verwertung au\u00dferhalb der Grenzen des Urheberrechtes bed\u00fcrfen der schriftlichen Zustimmung des jeweiligen Autors bzw. Erstellers. Downloads und Kopien dieser Seite sind nur f\u00fcr den privaten, nicht kommerziellen Gebrauch gestattet. Soweit die Inhalte auf dieser Seite nicht vom Betreiber erstellt wurden, werden die Urheberrechte Dritter beachtet. Insbesondere werden Inhalte Dritter als solche gekennzeichnet. Sollten Sie trotzdem auf eine Urheberrechtsverletzung aufmerksam werden, bitten wir um einen entsprechenden Hinweis. Bei Bekanntwerden von Rechtsverletzungen werden wir derartige Inhalte umgehend entfernen.<\/p>\n<p>&nbsp;<\/p>\n<h3 class=\"has-text-color wp-block-heading\" style=\"color: #283583;\"><strong>Datenschutz<\/strong><\/h3>\n<p>Die Nutzung unserer Webseite ist in der Regel ohne Angabe personenbezogener Daten m\u00f6glich. Soweit auf unseren Seiten personenbezogene Daten (beispielsweise Name, Anschrift oder eMail-Adressen) erhoben werden, erfolgt dies, soweit m\u00f6glich, stets auf freiwilliger Basis. Diese Daten werden ohne Ihre ausdr\u00fcckliche Zustimmung nicht an Dritte weitergegeben.<\/p>\n<p>Wir weisen darauf hin, dass die Daten\u00fcbertragung im Internet (z.B. bei der Kommunikation per E\u2011Mail) Sicherheitsl\u00fccken aufweisen kann. Ein l\u00fcckenloser Schutz der Daten vor dem Zugriff durch Dritte ist nicht m\u00f6glich.<\/p>\n<p>Der Nutzung von im Rahmen der Impressumspflicht ver\u00f6ffentlichten Kontaktdaten durch Dritte zur \u00dcbersendung von nicht ausdr\u00fccklich angeforderter Werbung und Informationsmaterialien wird hiermit ausdr\u00fccklich widersprochen. Die Betreiber der Seiten behalten sich ausdr\u00fccklich rechtliche Schritte im Falle der unverlangten Zusendung von Werbeinformationen, etwa durch Spam-Mails, vor.<\/p>\n<p>&nbsp;<\/p>\n<h3 class=\"has-text-color wp-block-heading\" style=\"color: #283583;\"><strong>Datenschutzerkl\u00e4rung f\u00fcr die Nutzung von Google Analytics<\/strong><\/h3>\n<p>Diese Website benutzt Google Analytics, einen Webanalysedienst der Google Inc. (\u201cGoogle\u201d). Google Analytics verwendet sog. \u201cCookies\u201d, Textdateien, die auf Ihrem Computer gespeichert werden und die eine Analyse der Benutzung der Website durch Sie erm\u00f6glichen. Die durch den Cookie erzeugten Informationen \u00fcber Ihre Benutzung dieser Website werden in der Regel an einen Server von Google in den\u00a0USA\u00a0\u00fcbertragen und dort gespeichert. Im Falle der Aktivierung der IP-Anonymisierung auf dieser Webseite wird Ihre IP-Adresse von Google jedoch innerhalb von Mitgliedstaaten der Europ\u00e4ischen Union oder in anderen Vertragsstaaten des Abkommens \u00fcber den Europ\u00e4ischen Wirtschaftsraum zuvor gek\u00fcrzt.<\/p>\n<p>Nur in Ausnahmef\u00e4llen wird die volle IP-Adresse an einen Server von Google in den\u00a0USA\u00a0\u00fcbertragen und dort gek\u00fcrzt. Im Auftrag des Betreibers dieser Website wird Google diese Informationen benutzen, um Ihre Nutzung der Website auszuwerten, um Reports \u00fcber die Websiteaktivit\u00e4ten zusammenzustellen und um weitere mit der Websitenutzung und der Internetnutzung verbundene Dienstleistungen gegen\u00fcber dem Websitebetreiber zu erbringen. Die im Rahmen von Google Analytics von Ihrem Browser \u00fcbermittelte IP-Adresse wird nicht mit anderen Daten von Google zusammengef\u00fchrt.<\/p>\n<p>Sie k\u00f6nnen die Speicherung der Cookies durch eine entsprechende Einstellung Ihrer Browser-Software verhindern; wir weisen Sie jedoch darauf hin, dass Sie in diesem Fall gegebenenfalls nicht s\u00e4mtliche Funktionen dieser Website vollumf\u00e4nglich werden nutzen k\u00f6nnen. Sie k\u00f6nnen dar\u00fcber hinaus die Erfassung der durch das Cookie erzeugten und auf Ihre Nutzung der Website bezogenen Daten (inkl. Ihrer IP-Adresse) an Google sowie die Verarbeitung dieser Daten durch Google verhindern, indem sie das unter dem folgenden Link verf\u00fcgbare Browser-Plugin herunterladen und installieren:\u00a0<a href=\"http:\/\/tools.google.com\/dlpage\/gaoptout?hl=de\" target=\"_blank\" rel=\"noopener\">http:\/\/tools.google.com\/dlpage\/gaoptout?hl=de<\/a>.<\/p>\n<p><em>Quellverweis:\u00a0<a href=\"http:\/\/www.e-recht24.de\/muster-disclaimer.htm\" target=\"_blank\" rel=\"noreferrer noopener\">Disclaimer eRecht24<\/a>,\u00a0<a href=\"http:\/\/www.google.com\/intl\/de\/analytics\/privacyoverview.html\" target=\"_blank\" rel=\"noreferrer noopener\">Google Analytics Datenschutzerkl\u00e4rung<\/a><\/em><\/p>\n<p>\u00a0<\/p>\n<\/div><\/div><\/div><\/div><\/div><\/div><\/div><\/section>","protected":false},"excerpt":{"rendered":"Angaben gem\u00e4\u00df \u00a7 5 TMG: &nbsp; J\u00fcdische Gemeinde Wiesbaden, K.d.\u00f6.R. Friedrichstra\u00dfe 31-3365185 Wiesbaden &nbsp; Kontakt Telefon: 0611 93 33 03 0Fax: 0611 93 33 03 19E-Mail: info@jg-wi.dewww.jg-wi.dewww.juedische-geschichte-wiesbaden.de &nbsp; Vertreten durch &nbsp; Vorstand &nbsp; Henry FainbergAnatoli GochmannDr. Jakob GutmarkPeter K\u00f6nigsbergerGersch Rachmann &nbsp; Gesch\u00e4ftsf\u00fchrer Steve Landau &nbsp; Bilder, Grafiken und 360\u00b0 Aufnahme: Werkgemeinschaft Vierter Raum \u00b7 Fotografen:...","protected":false},"author":5,"featured_media":0,"parent":0,"menu_order":0,"comment_status":"closed","ping_status":"closed","template":"","meta":{"inline_featured_image":false,"footnotes":""},"class_list":["post-3293","page","type-page","status-publish","hentry"],"_links":{"self":[{"href":"https:\/\/juedisches-wiesbaden.de\/fr\/wp-json\/wp\/v2\/pages\/3293","targetHints":{"allow":["GET"]}}],"collection":[{"href":"https:\/\/juedisches-wiesbaden.de\/fr\/wp-json\/wp\/v2\/pages"}],"about":[{"href":"https:\/\/juedisches-wiesbaden.de\/fr\/wp-json\/wp\/v2\/types\/page"}],"author":[{"embeddable":true,"href":"https:\/\/juedisches-wiesbaden.de\/fr\/wp-json\/wp\/v2\/users\/5"}],"replies":[{"embeddable":true,"href":"https:\/\/juedisches-wiesbaden.de\/fr\/wp-json\/wp\/v2\/comments?post=3293"}],"version-history":[{"count":4,"href":"https:\/\/juedisches-wiesbaden.de\/fr\/wp-json\/wp\/v2\/pages\/3293\/revisions"}],"predecessor-version":[{"id":3838,"href":"https:\/\/juedisches-wiesbaden.de\/fr\/wp-json\/wp\/v2\/pages\/3293\/revisions\/3838"}],"wp:attachment":[{"href":"https:\/\/juedisches-wiesbaden.de\/fr\/wp-json\/wp\/v2\/media?parent=3293"}],"curies":[{"name":"wp","href":"https:\/\/api.w.org\/{rel}","templated":true}]}}