{"id":3655,"date":"2021-09-03T11:26:23","date_gmt":"2021-09-03T11:26:23","guid":{"rendered":"https:\/\/juedisches-wiesbaden.juedische-geschichte-wiesbaden.de\/mediathek\/"},"modified":"2022-04-21T13:40:54","modified_gmt":"2022-04-21T13:40:54","slug":"mediathek","status":"publish","type":"page","link":"https:\/\/juedisches-wiesbaden.de\/fr\/mediathek\/","title":{"rendered":"MEDIATH\u00c8QUE"},"content":{"rendered":"<section class=\"l-section wpb_row height_auto\"><div class=\"l-section-h i-cf\"><div class=\"g-cols vc_row via_flex valign_top type_default\"><div class=\"vc_col-sm-12 wpb_column vc_column_container\"><div class=\"vc_column-inner\"><div class=\"wpb_wrapper\"><div class=\"wpb_text_column\"><div class=\"wpb_wrapper\"><h2>Famille Salus &#8211; Un destin juif en Europe<\/h2>\n<\/div><\/div><div class=\"w-separator size_custom\" style=\"height:20px\"><\/div><div class=\"w-video align_none ratio_16x9\" onclick=\"return {&quot;player_html&quot;:&quot;&lt;div class=\\&quot;BorlabsCookie _brlbs-cb-youtube\\&quot;&gt;&lt;div class=\\&quot;_brlbs-content-blocker\\&quot;&gt; &lt;div class=\\&quot;_brlbs-embed _brlbs-video-youtube\\&quot;&gt; &lt;img class=\\&quot;_brlbs-thumbnail\\&quot; src=\\&quot;https:\\\/\\\/juedisches-wiesbaden.de\\\/wp-content\\\/plugins\\\/borlabs-cookie\\\/assets\\\/images\\\/cb-no-thumbnail.png\\&quot; alt=\\&quot;YouTube\\&quot;&gt; &lt;div class=\\&quot;_brlbs-caption\\&quot;&gt; &lt;p&gt;Mit dem Laden des Videos akzeptieren Sie die Datenschutzerkl\\u00e4rung von YouTube.&lt;br&gt;&lt;a href=\\&quot;https:\\\/\\\/policies.google.com\\\/privacy\\&quot; target=\\&quot;_blank\\&quot; rel=\\&quot;nofollow noopener noreferrer\\&quot;&gt;Mehr erfahren&lt;\\\/a&gt;&lt;\\\/p&gt; &lt;p&gt;&lt;a class=\\&quot;_brlbs-btn _brlbs-icon-play-white\\&quot; href=\\&quot;#\\&quot; data-borlabs-cookie-unblock role=\\&quot;button\\&quot;&gt;Video laden&lt;\\\/a&gt;&lt;\\\/p&gt; &lt;p&gt;&lt;label&gt;&lt;input type=\\&quot;checkbox\\&quot; name=\\&quot;unblockAll\\&quot; value=\\&quot;1\\&quot; checked&gt; &lt;small&gt;YouTube immer entsperren&lt;\\\/small&gt;&lt;\\\/label&gt;&lt;\\\/p&gt; &lt;\\\/div&gt; &lt;\\\/div&gt; &lt;\\\/div&gt;&lt;div class=\\&quot;borlabs-hide\\&quot; data-borlabs-cookie-type=\\&quot;content-blocker\\&quot; data-borlabs-cookie-id=\\&quot;youtube\\&quot;&gt;&lt;script type=\\&quot;text\\\/template\\&quot;&gt;PGlmcmFtZSB0aXRsZT0iRmFtaWxpZSBTYWx1cyAtIEVpbiBqw7xkaXNjaGVzIFNjaGlja3NhbCBpbiBFdXJvcGEiIHdpZHRoPSI2NDAiIGhlaWdodD0iMzYwIiBzcmM9Imh0dHBzOi8vd3d3LnlvdXR1YmUtbm9jb29raWUuY29tL2VtYmVkL2xxaHFudDRLVDFFP2ZlYXR1cmU9b2VtYmVkIiBmcmFtZWJvcmRlcj0iMCIgYWxsb3c9ImFjY2VsZXJvbWV0ZXI7IGF1dG9wbGF5OyBjbGlwYm9hcmQtd3JpdGU7IGVuY3J5cHRlZC1tZWRpYTsgZ3lyb3Njb3BlOyBwaWN0dXJlLWluLXBpY3R1cmUiIGFsbG93ZnVsbHNjcmVlbj48L2lmcmFtZT4=&lt;\\\/script&gt;&lt;\\\/div&gt;&lt;\\\/div&gt;&quot;}\"><div class=\"w-video-h\"><div class=\"BorlabsCookie _brlbs-cb-youtube\"><div class=\"_brlbs-content-blocker\"> <div class=\"_brlbs-embed _brlbs-video-youtube\"> <img class=\"_brlbs-thumbnail\" src=\"https:\/\/juedisches-wiesbaden.de\/wp-content\/plugins\/borlabs-cookie\/assets\/images\/cb-no-thumbnail.png\" alt=\"YouTube\"> <div class=\"_brlbs-caption\"> <p>Mit dem Laden des Videos akzeptieren Sie die Datenschutzerkl\u00e4rung von YouTube.<br><a href=\"https:\/\/policies.google.com\/privacy\" target=\"_blank\" rel=\"nofollow noopener noreferrer\">Mehr erfahren<\/a><\/p> <p><a class=\"_brlbs-btn _brlbs-icon-play-white\" href=\"#\" data-borlabs-cookie-unblock role=\"button\">Video laden<\/a><\/p> <p><label><input type=\"checkbox\" name=\"unblockAll\" value=\"1\" checked> <small>YouTube immer entsperren<\/small><\/label><\/p> <\/div> <\/div> <\/div><div class=\"borlabs-hide\" data-borlabs-cookie-type=\"content-blocker\" data-borlabs-cookie-id=\"youtube\"><script type=\"text\/template\">PGlmcmFtZSB0aXRsZT0iWW91dHViZSB2aWRlbyBwbGF5ZXIiIHNyYz0iLy93d3cueW91dHViZS1ub2Nvb2tpZS5jb20vZW1iZWQvbHFocW50NEtUMUU\/b3JpZ2luPWh0dHBzOi8vanVlZGlzY2hlcy13aWVzYmFkZW4uZGUmY29udHJvbHM9MSIgYWxsb3dmdWxsc2NyZWVuPSIxIiBsb2FkaW5nPSJsYXp5Ij48L2lmcmFtZT4=<\/script><\/div><\/div><\/div><div class=\"w-video-icon\" style=\"font-size:1.5rem;background:rgba(0,0,0,0.5);color:#fff\"><\/div><\/div><div class=\"w-separator size_custom\" style=\"height:8px\"><\/div><div class=\"wpb_text_column\"><div class=\"wpb_wrapper\"><p>Interview, cam\u00e9ra et montage : Dorothee Lottmann-Kaeseler et Harald Kuntze<\/p>\n<\/div><\/div><div class=\"w-separator size_custom\" style=\"height:40px\"><\/div><\/div><\/div><\/div><\/div><\/div><\/section><section class=\"l-section wpb_row height_medium\"><div class=\"l-section-h i-cf\"><div class=\"g-cols vc_row via_flex valign_top type_default\"><div class=\"vc_col-sm-12 wpb_column vc_column_container\"><div class=\"vc_column-inner\"><div class=\"wpb_wrapper\"><div class=\"wpb_text_column\"><div class=\"wpb_wrapper\"><h2>Samuel Mandelbaum &#8211; De Chrzan\u00f3w \u00e0 Wiesbaden<\/h2>\n<\/div><\/div><div class=\"w-separator size_custom\" style=\"height:20px\"><\/div><div class=\"w-video align_none ratio_16x9\" onclick=\"return {&quot;player_html&quot;:&quot;&lt;div class=\\&quot;BorlabsCookie _brlbs-cb-youtube\\&quot;&gt;&lt;div class=\\&quot;_brlbs-content-blocker\\&quot;&gt; &lt;div class=\\&quot;_brlbs-embed _brlbs-video-youtube\\&quot;&gt; &lt;img class=\\&quot;_brlbs-thumbnail\\&quot; src=\\&quot;https:\\\/\\\/juedisches-wiesbaden.de\\\/wp-content\\\/plugins\\\/borlabs-cookie\\\/assets\\\/images\\\/cb-no-thumbnail.png\\&quot; alt=\\&quot;YouTube\\&quot;&gt; &lt;div class=\\&quot;_brlbs-caption\\&quot;&gt; &lt;p&gt;Mit dem Laden des Videos akzeptieren Sie die Datenschutzerkl\\u00e4rung von YouTube.&lt;br&gt;&lt;a href=\\&quot;https:\\\/\\\/policies.google.com\\\/privacy\\&quot; target=\\&quot;_blank\\&quot; rel=\\&quot;nofollow noopener noreferrer\\&quot;&gt;Mehr erfahren&lt;\\\/a&gt;&lt;\\\/p&gt; &lt;p&gt;&lt;a class=\\&quot;_brlbs-btn _brlbs-icon-play-white\\&quot; href=\\&quot;#\\&quot; data-borlabs-cookie-unblock role=\\&quot;button\\&quot;&gt;Video laden&lt;\\\/a&gt;&lt;\\\/p&gt; &lt;p&gt;&lt;label&gt;&lt;input type=\\&quot;checkbox\\&quot; name=\\&quot;unblockAll\\&quot; value=\\&quot;1\\&quot; checked&gt; &lt;small&gt;YouTube immer entsperren&lt;\\\/small&gt;&lt;\\\/label&gt;&lt;\\\/p&gt; &lt;\\\/div&gt; &lt;\\\/div&gt; &lt;\\\/div&gt;&lt;div class=\\&quot;borlabs-hide\\&quot; data-borlabs-cookie-type=\\&quot;content-blocker\\&quot; data-borlabs-cookie-id=\\&quot;youtube\\&quot;&gt;&lt;script type=\\&quot;text\\\/template\\&quot;&gt;PGlmcmFtZSB0aXRsZT0iU2FtdWVsIE1hbmRlbGJhdW0gLSBWb24gQ2hyemFuw7N3IG5hY2ggV2llc2JhZGVuIiB3aWR0aD0iNDgwIiBoZWlnaHQ9IjM2MCIgc3JjPSJodHRwczovL3d3dy55b3V0dWJlLW5vY29va2llLmNvbS9lbWJlZC90SWtDMlFlVG05OD9mZWF0dXJlPW9lbWJlZCIgZnJhbWVib3JkZXI9IjAiIGFsbG93PSJhY2NlbGVyb21ldGVyOyBhdXRvcGxheTsgY2xpcGJvYXJkLXdyaXRlOyBlbmNyeXB0ZWQtbWVkaWE7IGd5cm9zY29wZTsgcGljdHVyZS1pbi1waWN0dXJlIiBhbGxvd2Z1bGxzY3JlZW4+PC9pZnJhbWU+&lt;\\\/script&gt;&lt;\\\/div&gt;&lt;\\\/div&gt;&quot;}\"><div class=\"w-video-h\"><div class=\"BorlabsCookie _brlbs-cb-youtube\"><div class=\"_brlbs-content-blocker\"> <div class=\"_brlbs-embed _brlbs-video-youtube\"> <img class=\"_brlbs-thumbnail\" src=\"https:\/\/juedisches-wiesbaden.de\/wp-content\/plugins\/borlabs-cookie\/assets\/images\/cb-no-thumbnail.png\" alt=\"YouTube\"> <div class=\"_brlbs-caption\"> <p>Mit dem Laden des Videos akzeptieren Sie die Datenschutzerkl\u00e4rung von YouTube.<br><a href=\"https:\/\/policies.google.com\/privacy\" target=\"_blank\" rel=\"nofollow noopener noreferrer\">Mehr erfahren<\/a><\/p> <p><a class=\"_brlbs-btn _brlbs-icon-play-white\" href=\"#\" data-borlabs-cookie-unblock role=\"button\">Video laden<\/a><\/p> <p><label><input type=\"checkbox\" name=\"unblockAll\" value=\"1\" checked> <small>YouTube immer entsperren<\/small><\/label><\/p> <\/div> <\/div> <\/div><div class=\"borlabs-hide\" data-borlabs-cookie-type=\"content-blocker\" data-borlabs-cookie-id=\"youtube\"><script type=\"text\/template\">PGlmcmFtZSB0aXRsZT0iWW91dHViZSB2aWRlbyBwbGF5ZXIiIHNyYz0iLy93d3cueW91dHViZS1ub2Nvb2tpZS5jb20vZW1iZWQvdElrQzJRZVRtOTg\/b3JpZ2luPWh0dHBzOi8vanVlZGlzY2hlcy13aWVzYmFkZW4uZGUmY29udHJvbHM9MSIgYWxsb3dmdWxsc2NyZWVuPSIxIiBsb2FkaW5nPSJsYXp5Ij48L2lmcmFtZT4=<\/script><\/div><\/div><\/div><div class=\"w-video-icon\" style=\"font-size:1.5rem;background:rgba(0,0,0,0.5);color:#fff\"><\/div><\/div><div class=\"w-separator size_custom\" style=\"height:8px\"><\/div><div class=\"wpb_text_column\"><div class=\"wpb_wrapper\"><p>Interview, cam\u00e9ra et montage : Dorothee Lottmann-Kaeseler et Harald Kuntze<\/p>\n<\/div><\/div><\/div><\/div><\/div><\/div><\/div><\/section><section class=\"l-section wpb_row height_medium\"><div class=\"l-section-h i-cf\"><div class=\"g-cols vc_row via_flex valign_top type_default\"><div class=\"vc_col-sm-12 wpb_column vc_column_container\"><div class=\"vc_column-inner\"><div class=\"wpb_wrapper\"><div class=\"wpb_text_column\"><div class=\"wpb_wrapper\"><h2>Gideon Farkas &#8211; D&rsquo;Israel \u00e0 Wiesbaden<\/h2>\n<\/div><\/div><div class=\"w-separator size_custom\" style=\"height:20px\"><\/div><div class=\"w-video align_none ratio_16x9\" onclick=\"return {&quot;player_html&quot;:&quot;&lt;div class=\\&quot;BorlabsCookie _brlbs-cb-youtube\\&quot;&gt;&lt;div class=\\&quot;_brlbs-content-blocker\\&quot;&gt; &lt;div class=\\&quot;_brlbs-embed _brlbs-video-youtube\\&quot;&gt; &lt;img class=\\&quot;_brlbs-thumbnail\\&quot; src=\\&quot;https:\\\/\\\/juedisches-wiesbaden.de\\\/wp-content\\\/plugins\\\/borlabs-cookie\\\/assets\\\/images\\\/cb-no-thumbnail.png\\&quot; alt=\\&quot;YouTube\\&quot;&gt; &lt;div class=\\&quot;_brlbs-caption\\&quot;&gt; &lt;p&gt;Mit dem Laden des Videos akzeptieren Sie die Datenschutzerkl\\u00e4rung von YouTube.&lt;br&gt;&lt;a href=\\&quot;https:\\\/\\\/policies.google.com\\\/privacy\\&quot; target=\\&quot;_blank\\&quot; rel=\\&quot;nofollow noopener noreferrer\\&quot;&gt;Mehr erfahren&lt;\\\/a&gt;&lt;\\\/p&gt; &lt;p&gt;&lt;a class=\\&quot;_brlbs-btn _brlbs-icon-play-white\\&quot; href=\\&quot;#\\&quot; data-borlabs-cookie-unblock role=\\&quot;button\\&quot;&gt;Video laden&lt;\\\/a&gt;&lt;\\\/p&gt; &lt;p&gt;&lt;label&gt;&lt;input type=\\&quot;checkbox\\&quot; name=\\&quot;unblockAll\\&quot; value=\\&quot;1\\&quot; checked&gt; &lt;small&gt;YouTube immer entsperren&lt;\\\/small&gt;&lt;\\\/label&gt;&lt;\\\/p&gt; &lt;\\\/div&gt; &lt;\\\/div&gt; &lt;\\\/div&gt;&lt;div class=\\&quot;borlabs-hide\\&quot; data-borlabs-cookie-type=\\&quot;content-blocker\\&quot; data-borlabs-cookie-id=\\&quot;youtube\\&quot;&gt;&lt;script type=\\&quot;text\\\/template\\&quot;&gt;PGlmcmFtZSB0aXRsZT0iR2lkZW9uIEZhcmthcyAtIFZvbiBJc3JhZWwgbmFjaCBXaWVzYmFkZW4iIHdpZHRoPSI2NDAiIGhlaWdodD0iMzYwIiBzcmM9Imh0dHBzOi8vd3d3LnlvdXR1YmUtbm9jb29raWUuY29tL2VtYmVkLzFNMUtja3p3ZzlvP2ZlYXR1cmU9b2VtYmVkIiBmcmFtZWJvcmRlcj0iMCIgYWxsb3c9ImFjY2VsZXJvbWV0ZXI7IGF1dG9wbGF5OyBjbGlwYm9hcmQtd3JpdGU7IGVuY3J5cHRlZC1tZWRpYTsgZ3lyb3Njb3BlOyBwaWN0dXJlLWluLXBpY3R1cmUiIGFsbG93ZnVsbHNjcmVlbj48L2lmcmFtZT4=&lt;\\\/script&gt;&lt;\\\/div&gt;&lt;\\\/div&gt;&quot;}\"><div class=\"w-video-h\"><div class=\"BorlabsCookie _brlbs-cb-youtube\"><div class=\"_brlbs-content-blocker\"> <div class=\"_brlbs-embed _brlbs-video-youtube\"> <img class=\"_brlbs-thumbnail\" src=\"https:\/\/juedisches-wiesbaden.de\/wp-content\/plugins\/borlabs-cookie\/assets\/images\/cb-no-thumbnail.png\" alt=\"YouTube\"> <div class=\"_brlbs-caption\"> <p>Mit dem Laden des Videos akzeptieren Sie die Datenschutzerkl\u00e4rung von YouTube.<br><a href=\"https:\/\/policies.google.com\/privacy\" target=\"_blank\" rel=\"nofollow noopener noreferrer\">Mehr erfahren<\/a><\/p> <p><a class=\"_brlbs-btn _brlbs-icon-play-white\" href=\"#\" data-borlabs-cookie-unblock role=\"button\">Video laden<\/a><\/p> <p><label><input type=\"checkbox\" name=\"unblockAll\" value=\"1\" checked> <small>YouTube immer entsperren<\/small><\/label><\/p> <\/div> <\/div> <\/div><div class=\"borlabs-hide\" data-borlabs-cookie-type=\"content-blocker\" data-borlabs-cookie-id=\"youtube\"><script type=\"text\/template\">PGlmcmFtZSB0aXRsZT0iWW91dHViZSB2aWRlbyBwbGF5ZXIiIHNyYz0iLy93d3cueW91dHViZS1ub2Nvb2tpZS5jb20vZW1iZWQvMU0xS2NrendnOW8\/b3JpZ2luPWh0dHBzOi8vanVlZGlzY2hlcy13aWVzYmFkZW4uZGUmY29udHJvbHM9MSIgYWxsb3dmdWxsc2NyZWVuPSIxIiBsb2FkaW5nPSJsYXp5Ij48L2lmcmFtZT4=<\/script><\/div><\/div><\/div><div class=\"w-video-icon\" style=\"font-size:1.5rem;background:rgba(0,0,0,0.5);color:#fff\"><\/div><\/div><div class=\"w-separator size_custom\" style=\"height:8px\"><\/div><div class=\"wpb_text_column\"><div class=\"wpb_wrapper\"><p>Interview, cam\u00e9ra et montage : Dorothee Lottmann-Kaeseler et Harald Kuntze<\/p>\n<\/div><\/div><\/div><\/div><\/div><\/div><\/div><\/section><section class=\"l-section wpb_row height_medium\"><div class=\"l-section-h i-cf\"><div class=\"g-cols vc_row via_flex valign_top type_default\"><div class=\"vc_col-sm-12 wpb_column vc_column_container\"><div class=\"vc_column-inner\"><div class=\"wpb_wrapper\"><div class=\"wpb_text_column\"><div class=\"wpb_wrapper\"><h2>Gherman Sniter &#8211; De Czernowitz \u00e0 Wiesbaden en passant par la Sib\u00e9rie<\/h2>\n<\/div><\/div><div class=\"w-separator size_custom\" style=\"height:20px\"><\/div><div class=\"w-video align_none ratio_16x9\" onclick=\"return {&quot;player_html&quot;:&quot;&lt;div class=\\&quot;BorlabsCookie _brlbs-cb-youtube\\&quot;&gt;&lt;div class=\\&quot;_brlbs-content-blocker\\&quot;&gt; &lt;div class=\\&quot;_brlbs-embed _brlbs-video-youtube\\&quot;&gt; &lt;img class=\\&quot;_brlbs-thumbnail\\&quot; src=\\&quot;https:\\\/\\\/juedisches-wiesbaden.de\\\/wp-content\\\/plugins\\\/borlabs-cookie\\\/assets\\\/images\\\/cb-no-thumbnail.png\\&quot; alt=\\&quot;YouTube\\&quot;&gt; &lt;div class=\\&quot;_brlbs-caption\\&quot;&gt; &lt;p&gt;Mit dem Laden des Videos akzeptieren Sie die Datenschutzerkl\\u00e4rung von YouTube.&lt;br&gt;&lt;a href=\\&quot;https:\\\/\\\/policies.google.com\\\/privacy\\&quot; target=\\&quot;_blank\\&quot; rel=\\&quot;nofollow noopener noreferrer\\&quot;&gt;Mehr erfahren&lt;\\\/a&gt;&lt;\\\/p&gt; &lt;p&gt;&lt;a class=\\&quot;_brlbs-btn _brlbs-icon-play-white\\&quot; href=\\&quot;#\\&quot; data-borlabs-cookie-unblock role=\\&quot;button\\&quot;&gt;Video laden&lt;\\\/a&gt;&lt;\\\/p&gt; &lt;p&gt;&lt;label&gt;&lt;input type=\\&quot;checkbox\\&quot; name=\\&quot;unblockAll\\&quot; value=\\&quot;1\\&quot; checked&gt; &lt;small&gt;YouTube immer entsperren&lt;\\\/small&gt;&lt;\\\/label&gt;&lt;\\\/p&gt; &lt;\\\/div&gt; &lt;\\\/div&gt; &lt;\\\/div&gt;&lt;div class=\\&quot;borlabs-hide\\&quot; data-borlabs-cookie-type=\\&quot;content-blocker\\&quot; data-borlabs-cookie-id=\\&quot;youtube\\&quot;&gt;&lt;script type=\\&quot;text\\\/template\\&quot;&gt;PGlmcmFtZSB0aXRsZT0iR2hlcm1hbiBTbml0ZXIgLSBWb24gQ3plcm5vd2l0eiDDvGJlciBTaWJpcmllbiBuYWNoIFdpZXNiYWRlbiIgd2lkdGg9IjY0MCIgaGVpZ2h0PSIzNjAiIHNyYz0iaHR0cHM6Ly93d3cueW91dHViZS1ub2Nvb2tpZS5jb20vZW1iZWQvRGt6bXdrZkkyQ3c\\\/ZmVhdHVyZT1vZW1iZWQiIGZyYW1lYm9yZGVyPSIwIiBhbGxvdz0iYWNjZWxlcm9tZXRlcjsgYXV0b3BsYXk7IGNsaXBib2FyZC13cml0ZTsgZW5jcnlwdGVkLW1lZGlhOyBneXJvc2NvcGU7IHBpY3R1cmUtaW4tcGljdHVyZSIgYWxsb3dmdWxsc2NyZWVuPjwvaWZyYW1lPg==&lt;\\\/script&gt;&lt;\\\/div&gt;&lt;\\\/div&gt;&quot;}\"><div class=\"w-video-h\"><div class=\"BorlabsCookie _brlbs-cb-youtube\"><div class=\"_brlbs-content-blocker\"> <div class=\"_brlbs-embed _brlbs-video-youtube\"> <img class=\"_brlbs-thumbnail\" src=\"https:\/\/juedisches-wiesbaden.de\/wp-content\/plugins\/borlabs-cookie\/assets\/images\/cb-no-thumbnail.png\" alt=\"YouTube\"> <div class=\"_brlbs-caption\"> <p>Mit dem Laden des Videos akzeptieren Sie die Datenschutzerkl\u00e4rung von YouTube.<br><a href=\"https:\/\/policies.google.com\/privacy\" target=\"_blank\" rel=\"nofollow noopener noreferrer\">Mehr erfahren<\/a><\/p> <p><a class=\"_brlbs-btn _brlbs-icon-play-white\" href=\"#\" data-borlabs-cookie-unblock role=\"button\">Video laden<\/a><\/p> <p><label><input type=\"checkbox\" name=\"unblockAll\" value=\"1\" checked> <small>YouTube immer entsperren<\/small><\/label><\/p> <\/div> <\/div> <\/div><div class=\"borlabs-hide\" data-borlabs-cookie-type=\"content-blocker\" data-borlabs-cookie-id=\"youtube\"><script type=\"text\/template\">PGlmcmFtZSB0aXRsZT0iWW91dHViZSB2aWRlbyBwbGF5ZXIiIHNyYz0iLy93d3cueW91dHViZS1ub2Nvb2tpZS5jb20vZW1iZWQvRGt6bXdrZkkyQ3c\/b3JpZ2luPWh0dHBzOi8vanVlZGlzY2hlcy13aWVzYmFkZW4uZGUmY29udHJvbHM9MSIgYWxsb3dmdWxsc2NyZWVuPSIxIiBsb2FkaW5nPSJsYXp5Ij48L2lmcmFtZT4=<\/script><\/div><\/div><\/div><div class=\"w-video-icon\" style=\"font-size:1.5rem;background:rgba(0,0,0,0.5);color:#fff\"><\/div><\/div><div class=\"w-separator size_custom\" style=\"height:8px\"><\/div><div class=\"wpb_text_column\"><div class=\"wpb_wrapper\"><p>Interview, cam\u00e9ra et montage : Dorothee Lottmann-Kaeseler et Harald Kuntze<\/p>\n<\/div><\/div><\/div><\/div><\/div><\/div><\/div><\/section><section class=\"l-section wpb_row height_medium\"><div class=\"l-section-h i-cf\"><div class=\"g-cols vc_row via_flex valign_top type_default\"><div class=\"vc_col-sm-12 wpb_column vc_column_container\"><div class=\"vc_column-inner\"><div class=\"wpb_wrapper\"><div class=\"wpb_text_column\"><div class=\"wpb_wrapper\"><h2>Famille Buchmann &#8211; De Mozir \u00e0 Wiesbaden<\/h2>\n<\/div><\/div><div class=\"w-separator size_custom\" style=\"height:20px\"><\/div><div class=\"w-video align_none ratio_16x9\" onclick=\"return {&quot;player_html&quot;:&quot;&lt;div class=\\&quot;BorlabsCookie _brlbs-cb-youtube\\&quot;&gt;&lt;div class=\\&quot;_brlbs-content-blocker\\&quot;&gt; &lt;div class=\\&quot;_brlbs-embed _brlbs-video-youtube\\&quot;&gt; &lt;img class=\\&quot;_brlbs-thumbnail\\&quot; src=\\&quot;https:\\\/\\\/juedisches-wiesbaden.de\\\/wp-content\\\/plugins\\\/borlabs-cookie\\\/assets\\\/images\\\/cb-no-thumbnail.png\\&quot; alt=\\&quot;YouTube\\&quot;&gt; &lt;div class=\\&quot;_brlbs-caption\\&quot;&gt; &lt;p&gt;Mit dem Laden des Videos akzeptieren Sie die Datenschutzerkl\\u00e4rung von YouTube.&lt;br&gt;&lt;a href=\\&quot;https:\\\/\\\/policies.google.com\\\/privacy\\&quot; target=\\&quot;_blank\\&quot; rel=\\&quot;nofollow noopener noreferrer\\&quot;&gt;Mehr erfahren&lt;\\\/a&gt;&lt;\\\/p&gt; &lt;p&gt;&lt;a class=\\&quot;_brlbs-btn _brlbs-icon-play-white\\&quot; href=\\&quot;#\\&quot; data-borlabs-cookie-unblock role=\\&quot;button\\&quot;&gt;Video laden&lt;\\\/a&gt;&lt;\\\/p&gt; &lt;p&gt;&lt;label&gt;&lt;input type=\\&quot;checkbox\\&quot; name=\\&quot;unblockAll\\&quot; value=\\&quot;1\\&quot; checked&gt; &lt;small&gt;YouTube immer entsperren&lt;\\\/small&gt;&lt;\\\/label&gt;&lt;\\\/p&gt; &lt;\\\/div&gt; &lt;\\\/div&gt; &lt;\\\/div&gt;&lt;div class=\\&quot;borlabs-hide\\&quot; data-borlabs-cookie-type=\\&quot;content-blocker\\&quot; data-borlabs-cookie-id=\\&quot;youtube\\&quot;&gt;&lt;script type=\\&quot;text\\\/template\\&quot;&gt;PGlmcmFtZSB0aXRsZT0iRmFtaWxpZSBCdWNobWFubiAtIFZvbiBNb3ppciBuYWNoIFdpZXNiYWRlbiIgd2lkdGg9IjQ4MCIgaGVpZ2h0PSIzNjAiIHNyYz0iaHR0cHM6Ly93d3cueW91dHViZS1ub2Nvb2tpZS5jb20vZW1iZWQvcVJmVkZRUWtJYnc\\\/ZmVhdHVyZT1vZW1iZWQiIGZyYW1lYm9yZGVyPSIwIiBhbGxvdz0iYWNjZWxlcm9tZXRlcjsgYXV0b3BsYXk7IGNsaXBib2FyZC13cml0ZTsgZW5jcnlwdGVkLW1lZGlhOyBneXJvc2NvcGU7IHBpY3R1cmUtaW4tcGljdHVyZSIgYWxsb3dmdWxsc2NyZWVuPjwvaWZyYW1lPg==&lt;\\\/script&gt;&lt;\\\/div&gt;&lt;\\\/div&gt;&quot;}\"><div class=\"w-video-h\"><div class=\"BorlabsCookie _brlbs-cb-youtube\"><div class=\"_brlbs-content-blocker\"> <div class=\"_brlbs-embed _brlbs-video-youtube\"> <img class=\"_brlbs-thumbnail\" src=\"https:\/\/juedisches-wiesbaden.de\/wp-content\/plugins\/borlabs-cookie\/assets\/images\/cb-no-thumbnail.png\" alt=\"YouTube\"> <div class=\"_brlbs-caption\"> <p>Mit dem Laden des Videos akzeptieren Sie die Datenschutzerkl\u00e4rung von YouTube.<br><a href=\"https:\/\/policies.google.com\/privacy\" target=\"_blank\" rel=\"nofollow noopener noreferrer\">Mehr erfahren<\/a><\/p> <p><a class=\"_brlbs-btn _brlbs-icon-play-white\" href=\"#\" data-borlabs-cookie-unblock role=\"button\">Video laden<\/a><\/p> <p><label><input type=\"checkbox\" name=\"unblockAll\" value=\"1\" checked> <small>YouTube immer entsperren<\/small><\/label><\/p> <\/div> <\/div> <\/div><div class=\"borlabs-hide\" data-borlabs-cookie-type=\"content-blocker\" data-borlabs-cookie-id=\"youtube\"><script type=\"text\/template\">PGlmcmFtZSB0aXRsZT0iWW91dHViZSB2aWRlbyBwbGF5ZXIiIHNyYz0iLy93d3cueW91dHViZS1ub2Nvb2tpZS5jb20vZW1iZWQvcVJmVkZRUWtJYnc\/b3JpZ2luPWh0dHBzOi8vanVlZGlzY2hlcy13aWVzYmFkZW4uZGUmY29udHJvbHM9MSIgYWxsb3dmdWxsc2NyZWVuPSIxIiBsb2FkaW5nPSJsYXp5Ij48L2lmcmFtZT4=<\/script><\/div><\/div><\/div><div class=\"w-video-icon\" style=\"font-size:1.5rem;background:rgba(0,0,0,0.5);color:#fff\"><\/div><\/div><div class=\"w-separator size_custom\" style=\"height:8px\"><\/div><div class=\"wpb_text_column\"><div class=\"wpb_wrapper\"><p>Interview, cam\u00e9ra et montage : Dorothee Lottmann-Kaeseler et Harald Kuntze<\/p>\n<\/div><\/div><\/div><\/div><\/div><\/div><\/div><\/section>\n","protected":false},"excerpt":{"rendered":"Famille Salus &#8211; Un destin juif en Europe Interview, cam\u00e9ra et montage : Dorothee Lottmann-Kaeseler et Harald Kuntze Samuel Mandelbaum &#8211; De Chrzan\u00f3w \u00e0 Wiesbaden Interview, cam\u00e9ra et montage : Dorothee Lottmann-Kaeseler et Harald Kuntze Gideon Farkas &#8211; D&rsquo;Israel \u00e0 Wiesbaden Interview, cam\u00e9ra et montage : Dorothee Lottmann-Kaeseler et Harald Kuntze Gherman Sniter &#8211; De...","protected":false},"author":5,"featured_media":0,"parent":0,"menu_order":0,"comment_status":"closed","ping_status":"closed","template":"","meta":{"inline_featured_image":false,"footnotes":""},"class_list":["post-3655","page","type-page","status-publish","hentry"],"_links":{"self":[{"href":"https:\/\/juedisches-wiesbaden.de\/fr\/wp-json\/wp\/v2\/pages\/3655","targetHints":{"allow":["GET"]}}],"collection":[{"href":"https:\/\/juedisches-wiesbaden.de\/fr\/wp-json\/wp\/v2\/pages"}],"about":[{"href":"https:\/\/juedisches-wiesbaden.de\/fr\/wp-json\/wp\/v2\/types\/page"}],"author":[{"embeddable":true,"href":"https:\/\/juedisches-wiesbaden.de\/fr\/wp-json\/wp\/v2\/users\/5"}],"replies":[{"embeddable":true,"href":"https:\/\/juedisches-wiesbaden.de\/fr\/wp-json\/wp\/v2\/comments?post=3655"}],"version-history":[{"count":6,"href":"https:\/\/juedisches-wiesbaden.de\/fr\/wp-json\/wp\/v2\/pages\/3655\/revisions"}],"predecessor-version":[{"id":3688,"href":"https:\/\/juedisches-wiesbaden.de\/fr\/wp-json\/wp\/v2\/pages\/3655\/revisions\/3688"}],"wp:attachment":[{"href":"https:\/\/juedisches-wiesbaden.de\/fr\/wp-json\/wp\/v2\/media?parent=3655"}],"curies":[{"name":"wp","href":"https:\/\/api.w.org\/{rel}","templated":true}]}}