{"id":674,"date":"2021-08-21T13:22:19","date_gmt":"2021-08-21T13:22:19","guid":{"rendered":"https:\/\/juedisches-wiesbaden.juedische-geschichte-wiesbaden.de\/jacques-matzner\/"},"modified":"2025-05-05T08:47:27","modified_gmt":"2025-05-05T08:47:27","slug":"jacques-matzner","status":"publish","type":"page","link":"https:\/\/juedisches-wiesbaden.de\/fr\/jacques-matzner\/","title":{"rendered":"JAKOB MATZNER"},"content":{"rendered":"<section class=\"l-section wpb_row height_auto\"><div class=\"l-section-h i-cf\"><div class=\"g-cols vc_row via_flex valign_top type_default\"><div class=\"vc_col-sm-12 wpb_column vc_column_container\"><div class=\"vc_column-inner\"><div class=\"wpb_wrapper\"><div class=\"wpb_text_column\"><div class=\"wpb_wrapper\"><h2>Membre du premier conseil d&rsquo;administration de la communaut\u00e9 juive de Wiesbaden<\/h2>\n<h3>David Jakob (Jacques, \u00e9galement Jack) Matzner<\/h3>\n<p>N\u00e9 le 14 ao\u00fbt 1904 \u00e0 Wiesbaden<br \/>Parents : Eisig Matzner et Zlatta n\u00e9e Bogler.<\/p>\n<div class=\"custom-timeline-v2\">\n<div class=\"timeline-item\">\n<div class=\"timeline-dot\">\u00a0<\/div>\n<div class=\"timeline-content\">\n<h4>1920<\/h4>\n<p>D\u00e9but d&rsquo;une formation commerciale dans l\u2019entreprise Fr\u00e8res Abraham \u00e0 Wiesbaden-Bierstadt.<\/p>\n<\/div>\n<\/div>\n<div class=\"timeline-item\">\n<div class=\"timeline-dot\">\u00a0<\/div>\n<div class=\"timeline-content\">\n<h4>1931<\/h4>\n<p>Aide son p\u00e8re dans le magasin familial de textiles, 7 rue Sedan, Wiesbaden.<\/p>\n<\/div>\n<\/div>\n<div class=\"timeline-item\">\n<div class=\"timeline-dot\">\u00a0<\/div>\n<div class=\"timeline-content\">\n<h4>1938<\/h4>\n<p>D\u00e9portation via Bytom \u00e0 Katowice et, apr\u00e8s une courte p\u00e9riode, retour ill\u00e9gal \u00e0 Wiesbaden.<\/p>\n<\/div>\n<\/div>\n<div class=\"timeline-item\">\n<div class=\"timeline-dot\">\u00a0<\/div>\n<div class=\"timeline-content\">\n<h4>1939<\/h4>\n<p>Emigration avec ses parents et ses fr\u00e8res et s\u0153urs en Belgique.<\/p>\n<\/div>\n<\/div>\n<div class=\"timeline-item\">\n<div class=\"timeline-dot\">\u00a0<\/div>\n<div class=\"timeline-content\">\n<h4>1940<\/h4>\n<p>Peu avant l&rsquo;invasion allemande de la Belgique, fuite vers la France; en ao\u00fbt, internement au camp de Drancy.<\/p>\n<\/div>\n<\/div>\n<div class=\"timeline-item\">\n<div class=\"timeline-dot\">\u00a0<\/div>\n<div class=\"timeline-content\">\n<h4>1941<\/h4>\n<p>Apr\u00e8s sa lib\u00e9ration, \u00e0 nouveau intern\u00e9 au camp de Drancy; emprisonnement dans des camps de concentration allemands et travail forc\u00e9 dans les usines Heinkel \u00e0 Wismar.<\/p>\n<\/div>\n<\/div>\n<div class=\"timeline-item\">\n<div class=\"timeline-dot\">\u00a0<\/div>\n<div class=\"timeline-content\">\n<h4>1945<\/h4>\n<p>Lib\u00e9ration par les troupes russes et retour \u00e0 Wiesbaden en \u00e9t\u00e9.<\/p>\n<\/div>\n<\/div>\n<\/div>\n<p>De sa famille, seuls les deux fr\u00e8res Abraham Markus et Leo Matzner ont surv\u00e9cu. C&rsquo;est avec Leo Matzner que Jack a c\u00e9l\u00e9br\u00e9 Pessah \u00e0 Wiesbaden en 1947. Leo Matzner a \u00e9galement \u00e9migr\u00e9 aux \u00c9tats-Unis avec sa femme. Les s\u0153urs Rosa et Lotte ainsi que le p\u00e8re Eisig ont \u00e9t\u00e9 assassin\u00e9s \u00e0 Auschwitz. La m\u00e8re Zlatta est morte \u00e0 Anvers en 1941.<\/p>\n<p>\u00a0<\/p>\n<h3 class=\"wp-block-heading\"><strong>Une tentative de construire une nouvelle vie \u00e0 Wiesbaden<\/strong><\/h3>\n<p>En janvier 1946, Jakob Matzner a \u00e9t\u00e9 \u00e9lu au conseil d&rsquo;administration, qui se composait alors de neuf personnes et \u00e9tait encore appel\u00e9 comit\u00e9. Claire Guthmann \u00e9tait la seule femme du conseil d&rsquo;administration. Jakob Matzner g\u00e8re les finances de la communaut\u00e9 et, en f\u00e9vrier 1946, il d\u00e9pose une demande pour \u00eatre autoris\u00e9 \u00e0 repr\u00e9senter les Juifs allemands qui ont \u00e9migr\u00e9. La cr\u00e9ation de \u00ab l\u2019Office pour la d\u00e9fense et la repr\u00e9sentation des int\u00e9r\u00eats allemands des Juifs \u00e9migr\u00e9s \u00bb a \u00e9t\u00e9 approuv\u00e9e. Le m\u00eame mois, il a pr\u00e9sent\u00e9 une demande d&rsquo;indemnisation au \u00ab Office of Military Government for Greater Hesse, Property Control Section \u00bb (\u00ab Bureau du gouvernement militaire de la Grande Hesse, section du contr\u00f4le des biens \u00bb). Le major Roy N. Eddy r\u00e9sume comme suit les r\u00e9sultats de l&rsquo;enqu\u00eate au nom du commandant en avril 1946 : \u00ab [\u2026] It is the opinion of the Public Safety Office that this man\u2019s (Jakob Matzner) claims, though they may be justified, are beyond any possibilities of restitution being made by American Authorities for the actions of the Gestapo eight years ago. \u00bb ( [\u00ab De l&rsquo;avis du Bureau de la s\u00e9curit\u00e9 publique, les revendications de M. Matzner, bien qu&rsquo;elles puissent sembler justifi\u00e9es, d\u00e9passent toute possibilit\u00e9 de restitution par les autorit\u00e9s am\u00e9ricaines pour les actions de la Gestapo il y a huit ans \u00bb]). Matzner avait demand\u00e9 une indemnisation pour l&rsquo;expulsion de sa famille vers la Pologne le 28 octobre 1938 et la spoliation qui en a r\u00e9sult\u00e9.<\/p>\n<p>Jakob Matzner a \u00e9pous\u00e9 Lucina Landerer en 1948 \u00e0 Wiesbaden. En 1949, il y a ouvert une entreprise de textile, mais a \u00e9migr\u00e9 avec sa femme et son enfant aux \u00c9tats-Unis un an plus tard.<\/p>\n<p>Jakob Matzner est mort en Floride en 1986.<\/p>\n<p>Lors de la cons\u00e9cration de la synagogue en 1946, Jakob Matzner portait un rouleau de la Torah que son p\u00e8re Eisig avait sauv\u00e9 de la synagogue profan\u00e9e de la rue Friedrich apr\u00e8s les pogroms de novembre 1938 Avec son fils Jakob, il r\u00e9ussit \u00e0 l&rsquo;envoyer en Suisse, o\u00f9 il est rest\u00e9 en s\u00e9curit\u00e9 jusqu&rsquo;\u00e0 son retour en 1946.<\/p>\n<\/div><\/div><\/div><\/div><\/div><\/div><\/div><\/section><section class=\"l-section wpb_row height_auto\"><div class=\"l-section-h i-cf\"><div class=\"g-cols vc_row via_flex valign_top type_default\"><div class=\"vc_col-sm-12 wpb_column vc_column_container\"><div class=\"vc_column-inner\"><div class=\"wpb_wrapper\"><div class=\"w-separator size_custom\" style=\"height:40px\"><\/div><div class=\"w-grid type_grid layout_2790 cols_2 valign_center\" id=\"us_grid_1\" data-filterable=\"true\"><style>#us_grid_1 .w-grid-item{padding:1.5rem}#us_grid_1 .w-grid-list{margin:-1.5rem}.w-grid + #us_grid_1 .w-grid-list,.w-grid-none + #us_grid_1 .w-grid-list{margin-top:1.5rem}@media (max-width:599px){#us_grid_1 .w-grid-list{margin:0}#us_grid_1 .w-grid-item{width:100%;padding:0;margin-bottom:1.5rem}}.layout_2790 .w-grid-item-h{}.layout_2790 .usg_post_image_1{margin-bottom:0.5rem!important}.layout_2790 .usg_post_title_1{font-style:italic!important;font-size:1rem!important}<\/style><div class=\"w-grid-list\">\t<article class=\"w-grid-item post-587 attachment type-attachment status-inherit hentry\" data-id=\"587\">\r\n\t\t<div class=\"w-grid-item-h\">\r\n\t\t\t\t\t\t\t<a class=\"w-grid-item-anchor\" href=\"https:\/\/juedisches-wiesbaden.de\/wp-content\/uploads\/2021\/08\/Beitragsbild-Matzner-Sammlung-JGW.jpg\" ref=\"magnificPopupGrid\" title=\"Jakob Matzner porte le rouleau de la Torah sauv\u00e9 en 1938. Collection de la communaut\u00e9 juive de Wiesbaden\"><\/a>\r\n\t\t\t\t\t\t<div class=\"w-post-elm post_image usg_post_image_1 stretched\"><a href=\"https:\/\/juedisches-wiesbaden.de\/fr\/jacques-matzner\/attachment\/beitragsbild-matzner-sammlung-jgw-2\/\" aria-label=\"Jakob Matzner porte le rouleau de la Torah sauv\u00e9 en 1938. Collection de la communaut\u00e9 juive de Wiesbaden\"><img loading=\"lazy\" decoding=\"async\" width=\"600\" height=\"400\" src=\"https:\/\/juedisches-wiesbaden.de\/wp-content\/uploads\/2021\/08\/Beitragsbild-Matzner-Sammlung-JGW.jpg\" class=\"attachment-us_600_600_crop size-us_600_600_crop\" alt=\"Jakob Matzner porte le rouleau de la Torah sauv\u00e9 en 1938. Collection de la communaut\u00e9 juive de Wiesbaden\" srcset=\"https:\/\/juedisches-wiesbaden.de\/wp-content\/uploads\/2021\/08\/Beitragsbild-Matzner-Sammlung-JGW.jpg 1140w, https:\/\/juedisches-wiesbaden.de\/wp-content\/uploads\/2021\/08\/Beitragsbild-Matzner-Sammlung-JGW-300x200.jpg 300w, https:\/\/juedisches-wiesbaden.de\/wp-content\/uploads\/2021\/08\/Beitragsbild-Matzner-Sammlung-JGW-1024x683.jpg 1024w\" sizes=\"auto, (max-width: 600px) 100vw, 600px\" \/><\/a><\/div><h2 class=\"w-post-elm post_title usg_post_title_1 entry-title color_link_inherit\"><a href=\"https:\/\/juedisches-wiesbaden.de\/fr\/jacques-matzner\/attachment\/beitragsbild-matzner-sammlung-jgw-2\/\">Jakob Matzner porte le rouleau de la Torah sauv\u00e9 en 1938. Collection de la communaut\u00e9 juive de Wiesbaden<\/a><\/h2>\t\t<\/div>\r\n\t<\/article>\r\n\t<article class=\"w-grid-item post-2834 attachment type-attachment status-inherit hentry\" data-id=\"2834\">\r\n\t\t<div class=\"w-grid-item-h\">\r\n\t\t\t\t\t\t\t<a class=\"w-grid-item-anchor\" href=\"https:\/\/juedisches-wiesbaden.de\/wp-content\/uploads\/2021\/08\/Pessachfest-1947-in-der-Casino-Gesellschaft-Wiesbaden-50-scaled.jpg\" ref=\"magnificPopupGrid\" title=\"Au premier plan : Jakob Matzner pendant la f\u00eate de Pessah 1947 \u00e0 la synagogue de Wiesbaden. Collection de la communaut\u00e9 juive de Wiesbaden\"><\/a>\r\n\t\t\t\t\t\t<div class=\"w-post-elm post_image usg_post_image_1 stretched\"><a href=\"https:\/\/juedisches-wiesbaden.de\/fr\/envira\/samuel-mandelbaum\/attachment\/pessachfest-1947-in-der-casino-gesellschaft-wiesbaden-50-3\/\" aria-label=\"Au premier plan : Jakob Matzner pendant la f\u00eate de Pessah 1947 \u00e0 la synagogue de Wiesbaden. Collection de la communaut\u00e9 juive de Wiesbaden\"><img loading=\"lazy\" decoding=\"async\" width=\"600\" height=\"404\" src=\"https:\/\/juedisches-wiesbaden.de\/wp-content\/uploads\/2021\/08\/Pessachfest-1947-in-der-Casino-Gesellschaft-Wiesbaden-50-scaled.jpg\" class=\"attachment-us_600_600_crop size-us_600_600_crop\" alt=\"Au premier plan : Jakob Matzner pendant la f\u00eate de Pessah 1947 \u00e0 la synagogue de Wiesbaden. Collection de la communaut\u00e9 juive de Wiesbaden\" srcset=\"https:\/\/juedisches-wiesbaden.de\/wp-content\/uploads\/2021\/08\/Pessachfest-1947-in-der-Casino-Gesellschaft-Wiesbaden-50-scaled.jpg 2560w, https:\/\/juedisches-wiesbaden.de\/wp-content\/uploads\/2021\/08\/Pessachfest-1947-in-der-Casino-Gesellschaft-Wiesbaden-50-300x202.jpg 300w, https:\/\/juedisches-wiesbaden.de\/wp-content\/uploads\/2021\/08\/Pessachfest-1947-in-der-Casino-Gesellschaft-Wiesbaden-50-1024x689.jpg 1024w\" sizes=\"auto, (max-width: 600px) 100vw, 600px\" \/><\/a><\/div><h2 class=\"w-post-elm post_title usg_post_title_1 entry-title color_link_inherit\"><a href=\"https:\/\/juedisches-wiesbaden.de\/fr\/envira\/samuel-mandelbaum\/attachment\/pessachfest-1947-in-der-casino-gesellschaft-wiesbaden-50-3\/\">Au premier plan : Jakob Matzner pendant la f\u00eate de Pessah 1947 \u00e0 la synagogue de Wiesbaden. Collection de la communaut\u00e9 juive de Wiesbaden<\/a><\/h2>\t\t<\/div>\r\n\t<\/article>\r\n<\/div><div class=\"w-grid-preloader\"><div class=\"g-preloader type_1\">\r\n\t<div><\/div>\r\n<\/div>\r\n<\/div>\t<div class=\"w-grid-json hidden\" onclick='return {&quot;action&quot;:&quot;us_ajax_grid&quot;,&quot;ajax_url&quot;:&quot;https:\\\/\\\/juedisches-wiesbaden.de\\\/wp-admin\\\/admin-ajax.php&quot;,&quot;infinite_scroll&quot;:0,&quot;max_num_pages&quot;:1,&quot;pagination&quot;:&quot;none&quot;,&quot;permalink_url&quot;:&quot;https:\\\/\\\/juedisches-wiesbaden.de\\\/fr\\\/wp-json\\\/wp\\\/v2\\\/pages\\\/674\\\/&quot;,&quot;template_vars&quot;:{&quot;columns&quot;:&quot;2&quot;,&quot;exclude_items&quot;:&quot;none&quot;,&quot;img_size&quot;:&quot;default&quot;,&quot;ignore_items_size&quot;:false,&quot;items_layout&quot;:&quot;2790&quot;,&quot;items_offset&quot;:&quot;1&quot;,&quot;load_animation&quot;:&quot;none&quot;,&quot;overriding_link&quot;:&quot;popup_post_image&quot;,&quot;post_id&quot;:674,&quot;query_args&quot;:{&quot;post_type&quot;:[&quot;attachment&quot;],&quot;post__in&quot;:[&quot;255&quot;,&quot;354&quot;],&quot;post_status&quot;:&quot;inherit&quot;,&quot;post_mime_type&quot;:&quot;image&quot;,&quot;posts_per_page&quot;:&quot;2&quot;},&quot;orderby_query_args&quot;:{&quot;orderby&quot;:{&quot;date&quot;:&quot;DESC&quot;}},&quot;type&quot;:&quot;grid&quot;,&quot;us_grid_ajax_index&quot;:1,&quot;us_grid_filter_params&quot;:null,&quot;us_grid_index&quot;:1,&quot;_us_grid_post_type&quot;:&quot;attachment&quot;,&quot;lang&quot;:&quot;fr&quot;}}'><\/div>\r\n\t<\/div><\/div><\/div><\/div><\/div><\/div><\/section>","protected":false},"excerpt":{"rendered":"","protected":false},"author":5,"featured_media":587,"parent":0,"menu_order":0,"comment_status":"closed","ping_status":"closed","template":"","meta":{"inline_featured_image":false,"footnotes":""},"class_list":["post-674","page","type-page","status-publish","has-post-thumbnail","hentry"],"_links":{"self":[{"href":"https:\/\/juedisches-wiesbaden.de\/fr\/wp-json\/wp\/v2\/pages\/674","targetHints":{"allow":["GET"]}}],"collection":[{"href":"https:\/\/juedisches-wiesbaden.de\/fr\/wp-json\/wp\/v2\/pages"}],"about":[{"href":"https:\/\/juedisches-wiesbaden.de\/fr\/wp-json\/wp\/v2\/types\/page"}],"author":[{"embeddable":true,"href":"https:\/\/juedisches-wiesbaden.de\/fr\/wp-json\/wp\/v2\/users\/5"}],"replies":[{"embeddable":true,"href":"https:\/\/juedisches-wiesbaden.de\/fr\/wp-json\/wp\/v2\/comments?post=674"}],"version-history":[{"count":20,"href":"https:\/\/juedisches-wiesbaden.de\/fr\/wp-json\/wp\/v2\/pages\/674\/revisions"}],"predecessor-version":[{"id":3852,"href":"https:\/\/juedisches-wiesbaden.de\/fr\/wp-json\/wp\/v2\/pages\/674\/revisions\/3852"}],"wp:featuredmedia":[{"embeddable":true,"href":"https:\/\/juedisches-wiesbaden.de\/fr\/wp-json\/wp\/v2\/media\/587"}],"wp:attachment":[{"href":"https:\/\/juedisches-wiesbaden.de\/fr\/wp-json\/wp\/v2\/media?parent=674"}],"curies":[{"name":"wp","href":"https:\/\/api.w.org\/{rel}","templated":true}]}}