{"id":683,"date":"2021-08-21T14:01:20","date_gmt":"2021-08-21T14:01:20","guid":{"rendered":"https:\/\/juedisches-wiesbaden.juedische-geschichte-wiesbaden.de\/fourniture-du-dps\/"},"modified":"2023-05-31T08:39:30","modified_gmt":"2023-05-31T08:39:30","slug":"fourniture-du-dps","status":"publish","type":"page","link":"https:\/\/juedisches-wiesbaden.de\/fr\/fourniture-du-dps\/","title":{"rendered":"PRISE EN CHARGE DES PERSONNES D\u00c9PLAC\u00c9ES"},"content":{"rendered":"<section class=\"l-section wpb_row height_auto\"><div class=\"l-section-h i-cf\"><div class=\"g-cols vc_row via_flex valign_top type_default\"><div class=\"vc_col-sm-12 wpb_column vc_column_container\"><div class=\"vc_column-inner\"><div class=\"wpb_wrapper\"><div class=\"wpb_text_column\"><div class=\"wpb_wrapper\"><h2>Prise en charge des personnes d\u00e9plac\u00e9es &#8211; Claire Guthmann premi\u00e8re pr\u00e9sidente de la communaut\u00e9<\/h2>\n<h3>Claire Guthmann a donn\u00e9 l&rsquo;impulsion \u00e0 la refondation de la communaut\u00e9 juive de Wiesbaden. De sa famille, seule sa fille Charlotte a surv\u00e9cu \u00e0 la Shoah. Charlotte Guthmann a \u00e9migr\u00e9 aux \u00c9tats-Unis, tandis que sa m\u00e8re est rest\u00e9e \u00e0 Wiesbaden et s&rsquo;est engag\u00e9e dans \u00abla Gesellschaft f\u00fcr Christlich-J\u00fcdische Zusammenarbeit\u00bb (\u00abla Soci\u00e9t\u00e9 pour la coop\u00e9ration jud\u00e9o-chr\u00e9tienne\u00bb).<\/h3>\n<p>Les Juifs vivant \u00e0 Wiesbaden apr\u00e8s le 8 mai 1945 \u00e9taient marqu\u00e9s par les pers\u00e9cutions du r\u00e9gime nazi, par les ann\u00e9es d&#8217;emprisonnement en camp de concentration, par la fuite, par l\u2019expulsion ou par la vie dans la clandestinit\u00e9. Ils souffraient de carence dues \u00e0 des ann\u00e9es de faim et \u00e9taient malades \u00e0 cause des travaux p\u00e9nibles qu&rsquo;ils avaient \u00e9t\u00e9 contraints d\u2019effectuer. La plupart d&rsquo;entre eux sont venus seuls, car toute leur famille avait \u00e9t\u00e9 assassin\u00e9e dans les camps de concentration. Ils \u00e9taient sans ressources et gravement traumatis\u00e9s.<\/p>\n<p>Les Juifs qui vivaient \u00e0 Wiesbaden et non dans le \u00abDP-Camp\u00bb (\u00abcamp de personnes d\u00e9plac\u00e9es\u00bb) de Zeilsheim, pr\u00e8s de Francfort-sur-le-Main, avaient du mal \u00e0 trouver un endroit o\u00f9 vivre. Bien que le gouvernement militaire ait confisqu\u00e9 des lieux pour les mettre \u00e0 la disposition des personnes d\u00e9plac\u00e9es, les appartements \u00e9taient rares. Ainsi, la plupart des membres du conseil d&rsquo;administration de la communaut\u00e9 juive vivaient ensemble dans le grenier non chauff\u00e9 de l\u2019ancien foyer juif situ\u00e9 24 rue Geisberg.Cette adresse fut la premi\u00e8re adresse officielle de la communaut\u00e9 de 1945 \u00e0 1951. Le gouvernement militaire am\u00e9ricain avait mis le b\u00e2timent \u00e0 la disposition de la communaut\u00e9 juive peu apr\u00e8s la fin de la guerre en vue de sa refondation. En 1951, le b\u00e2timent a \u00e9t\u00e9 vendu et le conseil d\u2019administration a \u00e9t\u00e9 pri\u00e9 de quitter les lieux avant le 31 mai 1951. La demande de la communaut\u00e9 d\u2019obtenir des bureaux pr\u00e8s de la synagogue a \u00e9t\u00e9 rejet\u00e9e par le \u00ab Hessisches Ministerium des Innern, Abteilung VI Wiedergutmachung nach dem Entsch\u00e4digungsgesetz\u00bb (\u00abMinist\u00e8re de l\u2019Int\u00e9rieur de la Hesse, D\u00e9partement VI des R\u00e9parations et Indemnisations\u00bb). La communaut\u00e9 a malgr\u00e9 tout r\u00e9ussi \u00e0 rendre les locaux am\u00e9nageables et a annonc\u00e9 le 8 juin 1951 son installation au 33 rue Friedrich.<\/p>\n<\/div><\/div><div class=\"w-separator size_custom\" style=\"height:40px\"><\/div><div class=\"g-cols wpb_row via_flex valign_top type_default\"><div class=\"vc_col-sm-2 wpb_column vc_column_container\"><div class=\"vc_column-inner\"><div class=\"wpb_wrapper\"><\/div><\/div><\/div><div class=\"vc_col-sm-8 wpb_column vc_column_container\"><div class=\"vc_column-inner\"><div class=\"wpb_wrapper\"><div class=\"w-image zoooom align_none\"><a href=\"https:\/\/juedisches-wiesbaden.de\/wp-content\/uploads\/2022\/04\/05_apr_2022_web_xxl_III-6-R_UNRRA-scaled.jpg\" ref=\"magnificPopup\" aria-label=\"Lien\" class=\"w-image-h\"><img loading=\"lazy\" decoding=\"async\" width=\"663\" height=\"1024\" src=\"https:\/\/juedisches-wiesbaden.de\/wp-content\/uploads\/2022\/04\/05_apr_2022_web_xxl_III-6-R_UNRRA-663x1024.jpg\" class=\"attachment-large size-large\" alt=\"Carte des op\u00e9rations de l&#039;UNRRA D.P. Allemagne, 8 mai 1946. 6.2.2 \/ 129799278 ITS Digitales Archiv, Arolsen Archiv.\" srcset=\"https:\/\/juedisches-wiesbaden.de\/wp-content\/uploads\/2022\/04\/05_apr_2022_web_xxl_III-6-R_UNRRA-663x1024.jpg 663w, https:\/\/juedisches-wiesbaden.de\/wp-content\/uploads\/2022\/04\/05_apr_2022_web_xxl_III-6-R_UNRRA-194x300.jpg 194w, https:\/\/juedisches-wiesbaden.de\/wp-content\/uploads\/2022\/04\/05_apr_2022_web_xxl_III-6-R_UNRRA-259x400.jpg 259w, https:\/\/juedisches-wiesbaden.de\/wp-content\/uploads\/2022\/04\/05_apr_2022_web_xxl_III-6-R_UNRRA-scaled.jpg 1656w\" sizes=\"auto, (max-width: 663px) 100vw, 663px\" \/><\/a><\/div><\/div><\/div><\/div><div class=\"vc_col-sm-2 wpb_column vc_column_container\"><div class=\"vc_column-inner\"><div class=\"wpb_wrapper\"><\/div><\/div><\/div><\/div><div class=\"w-separator size_custom\" style=\"height:30px\"><\/div><div class=\"wpb_text_column us_custom_0b7d8b82\"><div class=\"wpb_wrapper\"><p style=\"text-align: center;\"><em>Carte de l&rsquo;UNRRA D.P. Operations Germany, 8 mai 1946. 6.2.2 \/ 129799278 ITS Digital Archive, Arolsen Archive<\/em><\/p>\n<\/div><\/div><div class=\"w-separator size_custom\" style=\"height:10px\"><\/div><div class=\"w-separator size_custom\" style=\"height:40px\"><\/div><div class=\"g-cols wpb_row via_flex valign_top type_default reversed\" style=\"--additional-gap:10px;\"><div class=\"vc_col-sm-12 wpb_column vc_column_container\"><div class=\"vc_column-inner\"><div class=\"wpb_wrapper\"><div class=\"wpb_text_column\"><div class=\"wpb_wrapper\"><h3>Claire et Charlotte Guthmann de retour \u00e0 Wiesbaden<\/h3>\n<p>Claire Guthmann a dirig\u00e9 le bureau de la rue Geisberg jusqu&rsquo;aux premi\u00e8res \u00e9lections du conseil d&rsquo;administration en 1946. Elle avait surv\u00e9cu au camp de concentration de Theresienstadt avec sa fille Charlotte. Apr\u00e8s la lib\u00e9ration du camp de concentration par l&rsquo;Arm\u00e9e rouge le 7 mai 1945, Claire Guthmann, n\u00e9e en 1894 en Hesse centrale, et Charlotte Guthmann, n\u00e9e en 1925 \u00e0 Wiesbaden, sont retourn\u00e9es \u00e0 Wiesbaden pendant l\u2019\u00e9t\u00e9 1945. Elles avaient \u00e9t\u00e9 contraintes de quitter la ville pour Francfort-sur-le-Main le 20 novembre 1942. De Francfort, Hermesweg 7, elles ont \u00e9t\u00e9 d\u00e9port\u00e9es \u00e0 Theresienstadt le 17 juin 1943. Claire et Charlotte Guthmann \u00e9taient les seules survivantes de leur famille de quatre personnes. L&rsquo;avocat Berthold Guthmann et son fils Paul ont \u00e9t\u00e9 assassin\u00e9s dans les camps de concentration d&rsquo;Auschwitz et de Mauthausen. Berthold Guthmann a \u00e9t\u00e9 le dernier pr\u00e9sident de la \u00abEinheitsgemeinde\u00bb (\u00abcommunaut\u00e9 juive unifi\u00e9e\u00bb). Il a \u00e9galement \u00e9t\u00e9 nomm\u00e9 \u00ab consul juif de Wiesbaden et ses environs \u00bb en 1938. Les nationaux-socialistes avaient dissous la Communaut\u00e9 juive tout comme la communaut\u00e9 juive orthodoxe et les avaient incorpor\u00e9es dans la \u00abReichsvereinigung der Juden in Deutschland\u00bb (\u00abAssociation des Juifs du Reich en Allemagne\u00bb). L&rsquo;avocat Guthmann \u00e9tait la seule assistance juridique dont disposaient les Juifs de Wiesbaden et des environs.<\/p>\n<p>Claire Guthmann et sa fille sont arriv\u00e9es \u00e0 Wiesbaden en tant que \u00abDisplaced Persons\u00bb (\u00abpersonnes d\u00e9plac\u00e9es\u00bb). Elles sont arriv\u00e9s au \u00abDP-Camp\u00bb (\u00abcamp de personnes d\u00e9plac\u00e9es\u00bb) n\u00b0712 dans la caserne Goltz \u00e0 Mainz-Kastel. Une grande partie des quelques 400 personnes d\u00e9plac\u00e9es juives h\u00e9berg\u00e9es dans le DP-Camp ont pu quitter le camp dans le courant de l&rsquo;ann\u00e9e 1945, car on leur a attribu\u00e9 une chambre ou un appartement \u00e0 Wiesbaden.<\/p>\n<p>Dans son autobiographie, Charlotte Guthmann r\u00e9sume ainsi ses impressions \u00e0 son retour \u00e0 Wiesbaden:<\/p>\n<p>\u201cAs I arrived back in my hometown&#8230; I was strangely, disconcertingly alone. Of course I wasn\u2019t attached to my mother, or even under her care or supervision. I\u2019d been on my own far too long for that. But I was overwhelmed by our return, lonely and desolate. Despite the fact that I\u2019d spent seventeen of my twenty years in Wiesbaden, as we drove into town the feeling was as unnerving as had been our arrival at Terez\u00edn: I didn\u2019t know what to expect, I wasn\u2019t sure what was expected of me, I was frightened and impossibly alone.\u201c<\/p>\n<p>[\u00ab Quand je suis retourn\u00e9e dans ma ville natale&#8230; je me suis sentie \u00e9trangement seule. Bien s\u00fbr, je ne d\u00e9pendais pas de ma m\u00e8re, de ses soins ou sa surveillance. J&rsquo;\u00e9tais seule depuis bien trop longtemps pour \u00e7a. Mais j&rsquo;\u00e9tais accabl\u00e9e, seule et d\u00e9sol\u00e9e \u00e0 notre retour. Bien que j&rsquo;aie pass\u00e9 dix-sept de mes vingt ans \u00e0 Wiesbaden, le sentiment lorsque nous nous sommes entr\u00e9es dans la ville \u00e9tait tout aussi \u00e9prouvant que lorsque nous sommes arriv\u00e9es \u00e0 Theresienstadt : je ne savais pas \u00e0 quoi m&rsquo;attendre, je n&rsquo;\u00e9tais pas s\u00fbre de ce que l&rsquo;on attendait de moi, j&rsquo;avais peur et j&rsquo;\u00e9tais infiniment seule. \u00bb]<\/p>\n<\/div><\/div><div class=\"w-grid type_grid layout_2790 valign_center\" id=\"us_grid_1\" data-filterable=\"true\"><style>#us_grid_1 .w-grid-item:not(:last-child){margin-bottom:1.5rem}#us_grid_1 .g-loadmore{margin-top:1.5rem}.layout_2790 .w-grid-item-h{}.layout_2790 .usg_post_image_1{margin-bottom:0.5rem!important}.layout_2790 .usg_post_title_1{font-style:italic!important;font-size:1rem!important}<\/style><div class=\"w-grid-list\">\t<article class=\"w-grid-item post-2850 attachment type-attachment status-inherit hentry\" data-id=\"2850\">\r\n\t\t<div class=\"w-grid-item-h\">\r\n\t\t\t\t\t\t\t<a class=\"w-grid-item-anchor\" href=\"https:\/\/juedisches-wiesbaden.de\/wp-content\/uploads\/2021\/08\/Beitragsbild-Sammlung.JGW_Guthmann.jpg\" ref=\"magnificPopupGrid\" title=\"Au premier rang \u00e0 droite \/ au premier plan \u00e0 droite \/ Claire Guthmann pendant la f\u00eate de Pessah 1947 \u00e0 la synagogue de Wiesbaden. Collection de la communaut\u00e9 juive de Wiesbaden\"><\/a>\r\n\t\t\t\t\t\t<div class=\"w-post-elm post_image usg_post_image_1 stretched\"><a href=\"https:\/\/juedisches-wiesbaden.de\/fr\/beitragsbild-sammlung-jgw_guthmann-2-2-2\/\" aria-label=\"Au premier rang \u00e0 droite \/ au premier plan \u00e0 droite \/ Claire Guthmann pendant la f\u00eate de Pessah 1947 \u00e0 la synagogue de Wiesbaden. Collection de la communaut\u00e9 juive de Wiesbaden\"><img loading=\"lazy\" decoding=\"async\" width=\"600\" height=\"400\" src=\"https:\/\/juedisches-wiesbaden.de\/wp-content\/uploads\/2021\/08\/Beitragsbild-Sammlung.JGW_Guthmann.jpg\" class=\"attachment-us_600_600_crop size-us_600_600_crop\" alt=\"Au premier rang \u00e0 droite \/ au premier plan \u00e0 droite \/ Claire Guthmann pendant la f\u00eate de Pessah 1947 \u00e0 la synagogue de Wiesbaden. Collection de la communaut\u00e9 juive de Wiesbaden\" srcset=\"https:\/\/juedisches-wiesbaden.de\/wp-content\/uploads\/2021\/08\/Beitragsbild-Sammlung.JGW_Guthmann.jpg 1140w, https:\/\/juedisches-wiesbaden.de\/wp-content\/uploads\/2021\/08\/Beitragsbild-Sammlung.JGW_Guthmann-300x200.jpg 300w, https:\/\/juedisches-wiesbaden.de\/wp-content\/uploads\/2021\/08\/Beitragsbild-Sammlung.JGW_Guthmann-1024x683.jpg 1024w\" sizes=\"auto, (max-width: 600px) 100vw, 600px\" \/><\/a><\/div><h2 class=\"w-post-elm post_title usg_post_title_1 entry-title color_link_inherit\"><a href=\"https:\/\/juedisches-wiesbaden.de\/fr\/beitragsbild-sammlung-jgw_guthmann-2-2-2\/\">Au premier rang \u00e0 droite \/ au premier plan \u00e0 droite \/ Claire Guthmann pendant la f\u00eate de Pessah 1947 \u00e0 la synagogue de Wiesbaden. Collection de la communaut\u00e9 juive de Wiesbaden<\/a><\/h2>\t\t<\/div>\r\n\t<\/article>\r\n<\/div><div class=\"w-grid-preloader\"><div class=\"g-preloader type_1\">\r\n\t<div><\/div>\r\n<\/div>\r\n<\/div>\t<div class=\"w-grid-json hidden\" onclick='return {&quot;action&quot;:&quot;us_ajax_grid&quot;,&quot;ajax_url&quot;:&quot;https:\\\/\\\/juedisches-wiesbaden.de\\\/wp-admin\\\/admin-ajax.php&quot;,&quot;infinite_scroll&quot;:0,&quot;max_num_pages&quot;:1,&quot;pagination&quot;:&quot;none&quot;,&quot;permalink_url&quot;:&quot;https:\\\/\\\/juedisches-wiesbaden.de\\\/fr\\\/wp-json\\\/wp\\\/v2\\\/pages\\\/683\\\/&quot;,&quot;template_vars&quot;:{&quot;columns&quot;:&quot;1&quot;,&quot;exclude_items&quot;:&quot;none&quot;,&quot;img_size&quot;:&quot;default&quot;,&quot;ignore_items_size&quot;:false,&quot;items_layout&quot;:&quot;2790&quot;,&quot;items_offset&quot;:&quot;1&quot;,&quot;load_animation&quot;:&quot;none&quot;,&quot;overriding_link&quot;:&quot;popup_post_image&quot;,&quot;post_id&quot;:683,&quot;query_args&quot;:{&quot;post_type&quot;:[&quot;attachment&quot;],&quot;post__in&quot;:[&quot;611&quot;],&quot;post_status&quot;:&quot;inherit&quot;,&quot;post_mime_type&quot;:&quot;image&quot;,&quot;posts_per_page&quot;:&quot;1&quot;},&quot;orderby_query_args&quot;:{&quot;orderby&quot;:{&quot;date&quot;:&quot;DESC&quot;}},&quot;type&quot;:&quot;grid&quot;,&quot;us_grid_ajax_index&quot;:1,&quot;us_grid_filter_params&quot;:null,&quot;us_grid_index&quot;:1,&quot;_us_grid_post_type&quot;:&quot;attachment&quot;,&quot;lang&quot;:&quot;fr&quot;}}'><\/div>\r\n\t<\/div><div class=\"w-separator size_custom\" style=\"height:40px\"><\/div><div class=\"wpb_text_column\"><div class=\"wpb_wrapper\"><h3>Claire Guthmann a \u00e9t\u00e9 la premi\u00e8re pr\u00e9sidente de la communaut\u00e9 juive de Wiesbaden apr\u00e8s la fin de la Seconde Guerre mondiale<\/h3>\n<p>Claire et Charlotte Guthmann ont essay\u00e9 de se construire une nouvelle vie \u00e0 Wiesbaden. Charlotte, cependant, ne s&rsquo;est jamais vraiment sentie chez elle. Elle a travaill\u00e9 pour le gouvernement militaire am\u00e9ricain et a ouvert une agence qui procurait aux Allemands des emplois aupr\u00e8s du gouvernement militaire. Malgr\u00e9 le succ\u00e8s de son entreprise, elle d\u00e9cide apr\u00e8s un an d&rsquo;\u00e9migrer aux \u00c9tats-Unis et quitte Wiesbaden. Claire Guthmann est rest\u00e9e sur place avec la ferme intention de reconstruire la communaut\u00e9 et de r\u00e9cup\u00e9rer les biens confisqu\u00e9s \u00e0 sa famille. C&rsquo;est elle qui a demand\u00e9 \u00e0 Rudolf Jesinghaus, le chef du bureau municipal de soutien aux personnes pers\u00e9cut\u00e9es pour des motifs politiques, raciaux ou religieux, la reprise des activit\u00e9s de la communaut\u00e9 juive, qui s&rsquo;appelait alors encore Communaut\u00e9 Religieuse Juive. Le 25 octobre 1945, elle signe une lettre au capitaine Th\u00e9odore, gouvernement militaire, d\u00e9partement des personnes d\u00e9port\u00e9es, en tant que pr\u00e9sidente de la communaut\u00e9 juive de Wiesbaden. Ses fonctions incluaient la repr\u00e9sentation des int\u00e9r\u00eats des personnes d\u00e9plac\u00e9es juives \u00e0 Wiesbaden et leur prise en charge personnelle, notamment celle des personnes d\u00e9plac\u00e9es malades, accueillies \u00e0 l&rsquo;h\u00f4pital de Taunusheim. Elle rendait r\u00e9guli\u00e8rement visite aux malades. En outre, Claire Guthmann \u00e9tait en contact avec le rabbin Dr. Neuhaus \u00e0 Francfort, qui \u00e9tait charg\u00e9 de l\u2019accompagnement religieux de la communaut\u00e9 en 1945. Pour mener \u00e0 bien ses t\u00e2ches, qui \u00e9taient coordonn\u00e9es avec les autorit\u00e9s municipales, Claire Guthmann avait besoin d&rsquo;une voiture de fonction et d&rsquo;un chauffeur. Le gouvernement militaire am\u00e9ricain lui a fourni les deux. En janvier 1946, elle d\u00e9missionne du conseil d&rsquo;administration de la Communaut\u00e9 juive. Cependant, elle est rest\u00e9e engag\u00e9e dans la communaut\u00e9. Elle est l&rsquo;une des personnes qui ont fond\u00e9 le 17 novembre 1948 la \u00abGesellschaft f\u00fcr Christlich-J\u00fcdische Zusammenarbeit Wiesbaden e.V. (GCJZ)\u00bb (\u00abSoci\u00e9t\u00e9 pour la coop\u00e9ration jud\u00e9o-chr\u00e9tienne de Wiesbaden\u00bb). Claire Guthmann est d\u00e9c\u00e9d\u00e9e \u00e0 Wiesbaden en 1957.<\/p>\n<\/div><\/div><div class=\"wpb_text_column\"><div class=\"wpb_wrapper\"><p>La Soci\u00e9t\u00e9 pour la coop\u00e9ration jud\u00e9o-chr\u00e9tienne de Wiesbaden est la deuxi\u00e8me des 83 soci\u00e9t\u00e9s fond\u00e9es aujourd&rsquo;hui en Allemagne. Depuis 1953, la communaut\u00e9 juive de Wiesbaden et La Soci\u00e9t\u00e9 pour la coop\u00e9ration jud\u00e9o-chr\u00e9tienne de Wiesbaden coop\u00e8rent lors de la comm\u00e9moration des pogroms de novembre 1938. La Soci\u00e9t\u00e9 pour la coop\u00e9ration jud\u00e9o-chr\u00e9tienne de Wiesbaden a \u00e9galement jou\u00e9 un r\u00f4le important dans la construction de la nouvelle synagogue et du centre communautaire en 1966. Gr\u00e2ce \u00e0 des dons, elle a apport\u00e9 une part consid\u00e9rable des fonds n\u00e9cessaires \u00e0 la construction du nouveau b\u00e2timent.<\/p>\n<\/div><\/div><\/div><\/div><\/div><\/div><div class=\"w-separator size_custom\" style=\"height:40px\"><\/div><\/div><\/div><\/div><\/div><\/div><\/section><section class=\"l-section wpb_row height_auto\"><div class=\"l-section-h i-cf\"><div class=\"g-cols vc_row via_flex valign_top type_default\"><div class=\"vc_col-sm-12 wpb_column vc_column_container\"><div class=\"vc_column-inner\"><div class=\"wpb_wrapper\"><\/div><\/div><\/div><\/div><\/div><\/section>","protected":false},"excerpt":{"rendered":"","protected":false},"author":5,"featured_media":685,"parent":0,"menu_order":0,"comment_status":"closed","ping_status":"closed","template":"","meta":{"inline_featured_image":false,"footnotes":""},"class_list":["post-683","page","type-page","status-publish","has-post-thumbnail","hentry"],"_links":{"self":[{"href":"https:\/\/juedisches-wiesbaden.de\/fr\/wp-json\/wp\/v2\/pages\/683","targetHints":{"allow":["GET"]}}],"collection":[{"href":"https:\/\/juedisches-wiesbaden.de\/fr\/wp-json\/wp\/v2\/pages"}],"about":[{"href":"https:\/\/juedisches-wiesbaden.de\/fr\/wp-json\/wp\/v2\/types\/page"}],"author":[{"embeddable":true,"href":"https:\/\/juedisches-wiesbaden.de\/fr\/wp-json\/wp\/v2\/users\/5"}],"replies":[{"embeddable":true,"href":"https:\/\/juedisches-wiesbaden.de\/fr\/wp-json\/wp\/v2\/comments?post=683"}],"version-history":[{"count":14,"href":"https:\/\/juedisches-wiesbaden.de\/fr\/wp-json\/wp\/v2\/pages\/683\/revisions"}],"predecessor-version":[{"id":3833,"href":"https:\/\/juedisches-wiesbaden.de\/fr\/wp-json\/wp\/v2\/pages\/683\/revisions\/3833"}],"wp:featuredmedia":[{"embeddable":true,"href":"https:\/\/juedisches-wiesbaden.de\/fr\/wp-json\/wp\/v2\/media\/685"}],"wp:attachment":[{"href":"https:\/\/juedisches-wiesbaden.de\/fr\/wp-json\/wp\/v2\/media?parent=683"}],"curies":[{"name":"wp","href":"https:\/\/api.w.org\/{rel}","templated":true}]}}