{"id":1181,"date":"2021-08-22T20:37:10","date_gmt":"2021-08-22T20:37:10","guid":{"rendered":"https:\/\/juedisches-wiesbaden.juedische-geschichte-wiesbaden.de\/%d1%80%d0%b0%d0%b7%d0%b2%d0%b8%d1%82%d0%b8%d0%b5-%d1%81%d0%be%d0%be%d0%b1%d1%89%d0%b5%d1%81%d1%82%d0%b2%d0%b0\/"},"modified":"2022-04-10T07:41:26","modified_gmt":"2022-04-10T07:41:26","slug":"%d1%80%d0%b0%d0%b7%d0%b2%d0%b8%d1%82%d0%b8%d0%b5-%d1%81%d0%be%d0%be%d0%b1%d1%89%d0%b5%d1%81%d1%82%d0%b2%d0%b0","status":"publish","type":"page","link":"https:\/\/juedisches-wiesbaden.de\/ru\/%d1%80%d0%b0%d0%b7%d0%b2%d0%b8%d1%82%d0%b8%d0%b5-%d1%81%d0%be%d0%be%d0%b1%d1%89%d0%b5%d1%81%d1%82%d0%b2%d0%b0\/","title":{"rendered":"\u0421\u0422\u0420\u0423\u041a\u0422\u0423\u0420\u0410 \u041e\u0411\u0429\u0418\u041d\u042b"},"content":{"rendered":"<section class=\"l-section wpb_row height_auto\"><div class=\"l-section-h i-cf\"><div class=\"g-cols vc_row via_flex valign_top type_default reversed\" style=\"--additional-gap:10px;\"><div class=\"vc_col-sm-12 wpb_column vc_column_container\"><div class=\"vc_column-inner\"><div class=\"wpb_wrapper\"><div class=\"wpb_text_column\"><div class=\"wpb_wrapper\"><h2>\u0420\u0430\u0437\u0432\u0438\u0442\u0438\u0435 \u043e\u0431\u0449\u0435\u0441\u0442\u0432\u0435\u043d\u043d\u044b\u0445 \u0441\u0442\u0440\u0443\u043a\u0442\u0443\u0440<\/h2>\n<h3>\u0415\u0432\u0440\u0435\u0439\u0441\u043a\u0430\u044f \u043e\u0431\u0449\u0438\u043d\u0430 \u0412\u0438\u0441\u0431\u0430\u0434\u0435\u043d\u0430 \u043f\u0440\u043e\u044f\u0432\u043b\u044f\u0435\u0442 \u0441\u0435\u0431\u044f, \u0441\u043e\u0437\u0434\u0430\u0435\u0442 \u0441\u0442\u0440\u0443\u043a\u0442\u0443\u0440\u044b \u0438 \u0441\u0442\u0430\u043d\u043e\u0432\u0438\u0442\u0441\u044f K.d.\u00f6.R. (K\u00f6rperschaft des \u00f6ffentlichen Rechts &#8212; \u041e\u0440\u0433\u0430\u043d\u0438\u0437\u0430\u0446\u0438\u044f \u043e\u0431\u0449\u0435\u0441\u0442\u0432\u0435\u043d\u043d\u043e\u0433\u043e \u043f\u0440\u0430\u0432\u0430)<\/h3>\n<p>\u041f\u0435\u0440\u0432\u044b\u0435 \u043e\u0444\u0438\u0446\u0438\u0430\u043b\u044c\u043d\u044b\u0435 \u0432\u044b\u0431\u043e\u0440\u044b \u043f\u0440\u0430\u0432\u043b\u0435\u043d\u0438\u044f \u0435\u0432\u0440\u0435\u0439\u0441\u043a\u043e\u0439 \u043e\u0431\u0449\u0438\u043d\u044b \u0412\u0438\u0441\u0431\u0430\u0434\u0435\u043d\u0430 \u0441\u043e\u0441\u0442\u043e\u044f\u043b\u0438\u0441\u044c \u0432 \u044f\u043d\u0432\u0430\u0440\u0435 1946 \u0433\u043e\u0434\u0430. 11 \u044f\u043d\u0432\u0430\u0440\u044f \u0433\u0430\u0437\u0435\u0442\u0430 Frankfurter Rundschau \u0441\u043e\u043e\u0431\u0449\u0438\u043b\u0430, \u0447\u0442\u043e \u043d\u0430 \u043f\u0435\u0440\u0432\u043e\u043c \u043e\u0431\u0449\u0435\u043c \u0441\u043e\u0431\u0440\u0430\u043d\u0438\u0438 \u0431\u044b\u043b \u0438\u0437\u0431\u0440\u0430\u043d \u0441\u043e\u0432\u0435\u0442 \u043e\u0431\u0449\u0438\u043d\u044b. \u0412 \u0442\u0435\u0447\u0435\u043d\u0438\u0435 \u0434\u0432\u0443\u0445 \u043b\u0435\u0442 \u0435\u0435 \u0447\u043b\u0435\u043d\u0430\u043c\u0438 \u0431\u044b\u043b\u0438: \u0414-\u0440 \u041b\u0435\u043e\u043d \u0424\u0440\u0438\u043c (\u043f\u0440\u0435\u0437\u0438\u0434\u0435\u043d\u0442), \u042f\u043a\u043e\u0431 \u041c\u0430\u0446\u043d\u0435\u0440 (\u0441\u0435\u043a\u0440\u0435\u0442\u0430\u0440\u044c), \u041c\u0430\u0440\u0442\u0438\u043d \u0425\u043e\u0440\u043d\u0443\u043d\u0433 \u0438 \u0434-\u0440 \u0411\u0430\u0440\u0443\u0445 \u041b\u0430\u0443\u0444\u0435\u0440, \u0440\u0430\u0432\u0432\u0438\u043d \u0425\u0430\u0438\u043c \u0425\u0435\u0445\u0442 (\u0447\u043b\u0435\u043d\u044b \u043f\u0440\u0430\u0432\u043b\u0435\u043d\u0438\u044f), \u0433\u043e\u0441\u043f\u043e\u0434\u0430 \u0421\u0430\u043a\u0441, \u0418\u0441\u0430\u0430\u043a\u0441\u043e\u043d \u0438 \u041b\u0435\u0440\u0445\u0430\u0444\u0442. \u0414\u043e\u043b\u0436\u043d\u043e\u0441\u0442\u044c, \u043d\u0430 \u043a\u043e\u0442\u043e\u0440\u0443\u044e \u0431\u044b\u043b\u0430 \u043d\u0430\u0437\u043d\u0430\u0447\u0435\u043d\u0430 \u041a\u043b\u044d\u0440 \u0413\u0443\u0442\u043c\u0430\u043d\u043d, \u043e\u0441\u0442\u0430\u043b\u0430\u0441\u044c \u0432\u0430\u043a\u0430\u043d\u0442\u043d\u043e\u0439. \u0417\u0430 \u041b\u0435\u043e\u043d\u043e\u043c \u0424\u0440\u0438\u043c\u043e\u043c \u043d\u0430 \u043f\u043e\u0441\u0442\u0443 \u043f\u0440\u0435\u0434\u0441\u0435\u0434\u0430\u0442\u0435\u043b\u044f \u043f\u0440\u0430\u0432\u043b\u0435\u043d\u0438\u044f \u043f\u043e\u0441\u043b\u0435\u0434\u043e\u0432\u0430\u043b\u0438 \u041d\u0430\u0444\u0442\u0430\u043b\u0438 \u0420\u043e\u0442\u0442\u0435\u043d\u0431\u0435\u0440\u0433, \u0434\u043e\u043a\u0442\u043e\u0440 \u0424\u0440\u0438\u0434\u0440\u0438\u0445 \u0420\u0430\u0439\u0445\u043c\u0430\u043d, \u041a\u0443\u0440\u0442 \u041c\u0430\u0440\u0433\u043e\u043d\u0438\u043d\u0435\u0440 \u0438 \u0434\u043e\u043a\u0442\u043e\u0440 \u0410\u0440\u0438 \u0428\u043c\u0435\u0442\u0442\u0435\u0440\u043b\u0438\u043d\u0433. \u0421\u0435\u0433\u043e\u0434\u043d\u044f \u0432 \u0441\u043e\u0441\u0442\u0430\u0432 \u0441\u043e\u0432\u0435\u0442\u0430 \u0432\u0445\u043e\u0434\u044f\u0442 \u0434\u043e \u043f\u044f\u0442\u0438 \u0447\u043b\u0435\u043d\u043e\u0432 \u043e\u0431\u0449\u0438\u043d\u044b \u0441 \u0440\u0430\u0432\u043d\u044b\u043c\u0438 \u043f\u0440\u0430\u0432\u0430\u043c\u0438. \u041e\u0444\u0438\u0441 \u044f\u0432\u043b\u044f\u0435\u0442\u0441\u044f \u043a\u043e\u043d\u0442\u0430\u043a\u0442\u043d\u044b\u043c \u043b\u0438\u0446\u043e\u043c \u0434\u043b\u044f \u0432\u0441\u0435\u0445 \u0435\u0432\u0440\u0435\u0435\u0432, \u043f\u0440\u043e\u0436\u0438\u0432\u0430\u044e\u0449\u0438\u0445 \u0432 \u0412\u0438\u0441\u0431\u0430\u0434\u0435\u043d\u0435 \u0438 \u043e\u043a\u0440\u0435\u0441\u0442\u043d\u043e\u0441\u0442\u044f\u0445. \u041e\u043d\u0430 \u043f\u043e\u0434\u0434\u0435\u0440\u0436\u0438\u0432\u0430\u0435\u0442 \u0438\u0445 \u0432\u043e \u0432\u0441\u0435\u0445 \u0441\u0444\u0435\u0440\u0430\u0445 \u0436\u0438\u0437\u043d\u0438. \u041e\u0431\u0449\u0438\u043d\u0430 \u0442\u0430\u043a\u0436\u0435 \u043d\u0435\u0441\u0435\u0442 \u043e\u0442\u0432\u0435\u0442\u0441\u0442\u0432\u0435\u043d\u043d\u043e\u0441\u0442\u044c \u0437\u0430 \u0443\u0441\u043b\u0443\u0433\u0438 \u043f\u043e \u043f\u043e\u0433\u0440\u0435\u0431\u0435\u043d\u0438\u044e. \u041e\u043d\u0430 \u043e\u0431\u0441\u043b\u0443\u0436\u0438\u0432\u0430\u0435\u0442 \u0441\u0435\u043c\u044c \u0435\u0432\u0440\u0435\u0439\u0441\u043a\u0438\u0445 \u043a\u043b\u0430\u0434\u0431\u0438\u0449 \u0432 \u0440\u0430\u0439\u043e\u043d\u0435 \u0412\u0438\u0441\u0431\u0430\u0434\u0435\u043d\u0430.<\/p>\n<p>\u0415\u0432\u0440\u0435\u0439\u0441\u043a\u0430\u044f \u043e\u0431\u0449\u0438\u043d\u0430 \u0412\u0438\u0441\u0431\u0430\u0434\u0435\u043d\u0430 \u044f\u0432\u043b\u044f\u0435\u0442\u0441\u044f \u0433\u043e\u0441\u0443\u0434\u0430\u0440\u0441\u0442\u0432\u0435\u043d\u043d\u043e\u0439 \u043a\u043e\u0440\u043f\u043e\u0440\u0430\u0446\u0438\u0435\u0439 \u0441 1950 \u0433\u043e\u0434\u0430.<\/p>\n<\/div><\/div><div class=\"w-grid type_grid layout_2790 cols_2 valign_center\" id=\"us_grid_1\" data-filterable=\"true\"><style>#us_grid_1 .w-grid-item{padding:1.5rem}#us_grid_1 .w-grid-list{margin:-1.5rem}.w-grid + #us_grid_1 .w-grid-list,.w-grid-none + #us_grid_1 .w-grid-list{margin-top:1.5rem}@media (max-width:599px){#us_grid_1 .w-grid-list{margin:0}#us_grid_1 .w-grid-item{width:100%;padding:0;margin-bottom:1.5rem}}.layout_2790 .w-grid-item-h{}.layout_2790 .usg_post_image_1{margin-bottom:0.5rem!important}.layout_2790 .usg_post_title_1{font-style:italic!important;font-size:1rem!important}<\/style><div class=\"w-grid-list\">\t<article class=\"w-grid-item post-943 attachment type-attachment status-inherit hentry\" data-id=\"943\">\r\n\t\t<div class=\"w-grid-item-h\">\r\n\t\t\t\t\t\t\t<a class=\"w-grid-item-anchor\" href=\"https:\/\/juedisches-wiesbaden.de\/wp-content\/uploads\/2021\/08\/Veranstaltung_Gemeinde3-scaled.jpg\" ref=\"magnificPopupGrid\" title=\"\u0414-\u0440 \u0424\u0440\u0438\u0434\u0440\u0438\u0445 \u0420\u0430\u0439\u0445\u043c\u0430\u043d (\u0432 \u0446\u0435\u043d\u0442\u0440\u0435), \u043f\u0440\u0435\u0434\u0441\u0435\u0434\u0430\u0442\u0435\u043b\u044c \u0435\u0432\u0440\u0435\u0439\u0441\u043a\u043e\u0439 \u043e\u0431\u0449\u0438\u043d\u044b \u0412\u0438\u0441\u0431\u0430\u0434\u0435\u043d\u0430, \u0441 \u0412\u0438\u043b\u044c\u0433\u0435\u043b\u044c\u043c\u043e\u043c \u0424\u0440\u043e\u0439\u043d\u0434\u043e\u043c (\u0441\u043b\u0435\u0432\u0430), \u043f\u0440\u0435\u0434\u0441\u0435\u0434\u0430\u0442\u0435\u043b\u0435\u043c \u041e\u0431\u0449\u0435\u0441\u0442\u0432\u0430 \u0445\u0440\u0438\u0441\u0442\u0438\u0430\u043d\u0441\u043a\u043e-\u0435\u0432\u0440\u0435\u0439\u0441\u043a\u043e\u0433\u043e \u0441\u043e\u0442\u0440\u0443\u0434\u043d\u0438\u0447\u0435\u0441\u0442\u0432\u0430, \u043d\u0430 \u043c\u0435\u0440\u043e\u043f\u0440\u0438\u044f\u0442\u0438\u0438 \u043e\u0431\u0449\u0438\u043d\u044b, \u043e\u043a. 1963 \u0433. \u041a\u043e\u043b\u043b\u0435\u043a\u0446\u0438\u044f \u0415\u0432\u0440\u0435\u0439\u0441\u043a\u043e\u0439 \u041e\u0431\u0449\u0438\u043d\u044b \u0412\u0438\u0441\u0431\u0430\u0434\u0435\u043d\u0430\"><\/a>\r\n\t\t\t\t\t\t<div class=\"w-post-elm post_image usg_post_image_1 stretched\"><a href=\"https:\/\/juedisches-wiesbaden.de\/ru\/envira\/entwicklung-der-gemeinde\/attachment\/veranstaltung_gemeinde3-2\/\" aria-label=\"\u0414-\u0440 \u0424\u0440\u0438\u0434\u0440\u0438\u0445 \u0420\u0430\u0439\u0445\u043c\u0430\u043d (\u0432 \u0446\u0435\u043d\u0442\u0440\u0435), \u043f\u0440\u0435\u0434\u0441\u0435\u0434\u0430\u0442\u0435\u043b\u044c \u0435\u0432\u0440\u0435\u0439\u0441\u043a\u043e\u0439 \u043e\u0431\u0449\u0438\u043d\u044b \u0412\u0438\u0441\u0431\u0430\u0434\u0435\u043d\u0430, \u0441 \u0412\u0438\u043b\u044c\u0433\u0435\u043b\u044c\u043c\u043e\u043c \u0424\u0440\u043e\u0439\u043d\u0434\u043e\u043c (\u0441\u043b\u0435\u0432\u0430), \u043f\u0440\u0435\u0434\u0441\u0435\u0434\u0430\u0442\u0435\u043b\u0435\u043c \u041e\u0431\u0449\u0435\u0441\u0442\u0432\u0430 \u0445\u0440\u0438\u0441\u0442\u0438\u0430\u043d\u0441\u043a\u043e-\u0435\u0432\u0440\u0435\u0439\u0441\u043a\u043e\u0433\u043e \u0441\u043e\u0442\u0440\u0443\u0434\u043d\u0438\u0447\u0435\u0441\u0442\u0432\u0430, \u043d\u0430 \u043c\u0435\u0440\u043e\u043f\u0440\u0438\u044f\u0442\u0438\u0438 \u043e\u0431\u0449\u0438\u043d\u044b, \u043e\u043a. 1963 \u0433. \u041a\u043e\u043b\u043b\u0435\u043a\u0446\u0438\u044f \u0415\u0432\u0440\u0435\u0439\u0441\u043a\u043e\u0439 \u041e\u0431\u0449\u0438\u043d\u044b \u0412\u0438\u0441\u0431\u0430\u0434\u0435\u043d\u0430\"><img loading=\"lazy\" decoding=\"async\" width=\"600\" height=\"426\" src=\"https:\/\/juedisches-wiesbaden.de\/wp-content\/uploads\/2021\/08\/Veranstaltung_Gemeinde3-scaled.jpg\" class=\"attachment-us_600_600_crop size-us_600_600_crop\" alt=\"\u0414-\u0440 \u0424\u0440\u0438\u0434\u0440\u0438\u0445 \u0420\u0430\u0439\u0445\u043c\u0430\u043d (\u0432 \u0446\u0435\u043d\u0442\u0440\u0435), \u043f\u0440\u0435\u0434\u0441\u0435\u0434\u0430\u0442\u0435\u043b\u044c \u0435\u0432\u0440\u0435\u0439\u0441\u043a\u043e\u0439 \u043e\u0431\u0449\u0438\u043d\u044b \u0412\u0438\u0441\u0431\u0430\u0434\u0435\u043d\u0430, \u0441 \u0412\u0438\u043b\u044c\u0433\u0435\u043b\u044c\u043c\u043e\u043c \u0424\u0440\u043e\u0439\u043d\u0434\u043e\u043c (\u0441\u043b\u0435\u0432\u0430), \u043f\u0440\u0435\u0434\u0441\u0435\u0434\u0430\u0442\u0435\u043b\u0435\u043c \u041e\u0431\u0449\u0435\u0441\u0442\u0432\u0430 \u0445\u0440\u0438\u0441\u0442\u0438\u0430\u043d\u0441\u043a\u043e-\u0435\u0432\u0440\u0435\u0439\u0441\u043a\u043e\u0433\u043e \u0441\u043e\u0442\u0440\u0443\u0434\u043d\u0438\u0447\u0435\u0441\u0442\u0432\u0430, \u043d\u0430 \u043c\u0435\u0440\u043e\u043f\u0440\u0438\u044f\u0442\u0438\u0438 \u043e\u0431\u0449\u0438\u043d\u044b, \u043e\u043a. 1963 \u0433. \u041a\u043e\u043b\u043b\u0435\u043a\u0446\u0438\u044f \u0415\u0432\u0440\u0435\u0439\u0441\u043a\u043e\u0439 \u041e\u0431\u0449\u0438\u043d\u044b \u0412\u0438\u0441\u0431\u0430\u0434\u0435\u043d\u0430\" srcset=\"https:\/\/juedisches-wiesbaden.de\/wp-content\/uploads\/2021\/08\/Veranstaltung_Gemeinde3-scaled.jpg 2560w, https:\/\/juedisches-wiesbaden.de\/wp-content\/uploads\/2021\/08\/Veranstaltung_Gemeinde3-scaled-300x213.jpg 300w, https:\/\/juedisches-wiesbaden.de\/wp-content\/uploads\/2021\/08\/Veranstaltung_Gemeinde3-scaled-1024x727.jpg 1024w\" sizes=\"auto, (max-width: 600px) 100vw, 600px\" \/><\/a><\/div><h2 class=\"w-post-elm post_title usg_post_title_1 entry-title color_link_inherit\"><a href=\"https:\/\/juedisches-wiesbaden.de\/ru\/envira\/entwicklung-der-gemeinde\/attachment\/veranstaltung_gemeinde3-2\/\">\u0414-\u0440 \u0424\u0440\u0438\u0434\u0440\u0438\u0445 \u0420\u0430\u0439\u0445\u043c\u0430\u043d (\u0432 \u0446\u0435\u043d\u0442\u0440\u0435), \u043f\u0440\u0435\u0434\u0441\u0435\u0434\u0430\u0442\u0435\u043b\u044c \u0435\u0432\u0440\u0435\u0439\u0441\u043a\u043e\u0439 \u043e\u0431\u0449\u0438\u043d\u044b \u0412\u0438\u0441\u0431\u0430\u0434\u0435\u043d\u0430, \u0441 \u0412\u0438\u043b\u044c\u0433\u0435\u043b\u044c\u043c\u043e\u043c \u0424\u0440\u043e\u0439\u043d\u0434\u043e\u043c (\u0441\u043b\u0435\u0432\u0430), \u043f\u0440\u0435\u0434\u0441\u0435\u0434\u0430\u0442\u0435\u043b\u0435\u043c \u041e\u0431\u0449\u0435\u0441\u0442\u0432\u0430 \u0445\u0440\u0438\u0441\u0442\u0438\u0430\u043d\u0441\u043a\u043e-\u0435\u0432\u0440\u0435\u0439\u0441\u043a\u043e\u0433\u043e \u0441\u043e\u0442\u0440\u0443\u0434\u043d\u0438\u0447\u0435\u0441\u0442\u0432\u0430, \u043d\u0430 \u043c\u0435\u0440\u043e\u043f\u0440\u0438\u044f\u0442\u0438\u0438 \u043e\u0431\u0449\u0438\u043d\u044b, \u043e\u043a. 1963 \u0433. \u041a\u043e\u043b\u043b\u0435\u043a\u0446\u0438\u044f \u0415\u0432\u0440\u0435\u0439\u0441\u043a\u043e\u0439 \u041e\u0431\u0449\u0438\u043d\u044b \u0412\u0438\u0441\u0431\u0430\u0434\u0435\u043d\u0430<\/a><\/h2>\t\t<\/div>\r\n\t<\/article>\r\n\t<article class=\"w-grid-item post-939 attachment type-attachment status-inherit hentry\" data-id=\"939\">\r\n\t\t<div class=\"w-grid-item-h\">\r\n\t\t\t\t\t\t\t<a class=\"w-grid-item-anchor\" href=\"https:\/\/juedisches-wiesbaden.de\/wp-content\/uploads\/2021\/08\/Tafel-im-Eingangsberich-der-Synagoge-c-I.-Eisenshtat.jpg\" ref=\"magnificPopupGrid\" title=\"\u041c\u0435\u043c\u043e\u0440\u0438\u0430\u043b\u044c\u043d\u0430\u044f \u0434\u043e\u0441\u043a\u0430 \u0432 \u0447\u0435\u0441\u0442\u044c \u043f\u043e\u0432\u0442\u043e\u0440\u043d\u043e\u0433\u043e \u043e\u0441\u0432\u044f\u0449\u0435\u043d\u0438\u044f \u0441\u0438\u043d\u0430\u0433\u043e\u0433\u0438 \u0432 1946 \u0433. \u0424\u043e\u0442\u043e\u0433\u0440\u0430\u0444: \u0418\u0433\u043e\u0440\u044c \u0410\u0439\u0437\u0435\u043d\u0448\u0442\u0430\u0442. \u041a\u043e\u043b\u043b\u0435\u043a\u0446\u0438\u044f \u0415\u0432\u0440\u0435\u0439\u0441\u043a\u0430\u044f \u043e\u0431\u0449\u0438\u043d\u0430 \u0412\u0438\u0441\u0431\u0430\u0434\u0435\u043d\u0430\"><\/a>\r\n\t\t\t\t\t\t<div class=\"w-post-elm post_image usg_post_image_1 stretched\"><a href=\"https:\/\/juedisches-wiesbaden.de\/ru\/envira\/entwicklung-der-gemeinde\/attachment\/tafel-im-eingangsberich-der-synagoge-c-i-eisenshtat-2\/\" aria-label=\"\u041c\u0435\u043c\u043e\u0440\u0438\u0430\u043b\u044c\u043d\u0430\u044f \u0434\u043e\u0441\u043a\u0430 \u0432 \u0447\u0435\u0441\u0442\u044c \u043f\u043e\u0432\u0442\u043e\u0440\u043d\u043e\u0433\u043e \u043e\u0441\u0432\u044f\u0449\u0435\u043d\u0438\u044f \u0441\u0438\u043d\u0430\u0433\u043e\u0433\u0438 \u0432 1946 \u0433. \u0424\u043e\u0442\u043e\u0433\u0440\u0430\u0444: \u0418\u0433\u043e\u0440\u044c \u0410\u0439\u0437\u0435\u043d\u0448\u0442\u0430\u0442. \u041a\u043e\u043b\u043b\u0435\u043a\u0446\u0438\u044f \u0415\u0432\u0440\u0435\u0439\u0441\u043a\u0430\u044f \u043e\u0431\u0449\u0438\u043d\u0430 \u0412\u0438\u0441\u0431\u0430\u0434\u0435\u043d\u0430\"><img loading=\"lazy\" decoding=\"async\" width=\"587\" height=\"600\" src=\"https:\/\/juedisches-wiesbaden.de\/wp-content\/uploads\/2021\/08\/Tafel-im-Eingangsberich-der-Synagoge-c-I.-Eisenshtat.jpg\" class=\"attachment-us_600_600_crop size-us_600_600_crop\" alt=\"\u041c\u0435\u043c\u043e\u0440\u0438\u0430\u043b\u044c\u043d\u0430\u044f \u0434\u043e\u0441\u043a\u0430 \u0432 \u0447\u0435\u0441\u0442\u044c \u043f\u043e\u0432\u0442\u043e\u0440\u043d\u043e\u0433\u043e \u043e\u0441\u0432\u044f\u0449\u0435\u043d\u0438\u044f \u0441\u0438\u043d\u0430\u0433\u043e\u0433\u0438 \u0432 1946 \u0433. \u0424\u043e\u0442\u043e\u0433\u0440\u0430\u0444: \u0418\u0433\u043e\u0440\u044c \u0410\u0439\u0437\u0435\u043d\u0448\u0442\u0430\u0442. \u041a\u043e\u043b\u043b\u0435\u043a\u0446\u0438\u044f \u0415\u0432\u0440\u0435\u0439\u0441\u043a\u0430\u044f \u043e\u0431\u0449\u0438\u043d\u0430 \u0412\u0438\u0441\u0431\u0430\u0434\u0435\u043d\u0430\" srcset=\"https:\/\/juedisches-wiesbaden.de\/wp-content\/uploads\/2021\/08\/Tafel-im-Eingangsberich-der-Synagoge-c-I.-Eisenshtat.jpg 780w, https:\/\/juedisches-wiesbaden.de\/wp-content\/uploads\/2021\/08\/Tafel-im-Eingangsberich-der-Synagoge-c-I.-Eisenshtat-294x300.jpg 294w\" sizes=\"auto, (max-width: 587px) 100vw, 587px\" \/><\/a><\/div><h2 class=\"w-post-elm post_title usg_post_title_1 entry-title color_link_inherit\"><a href=\"https:\/\/juedisches-wiesbaden.de\/ru\/envira\/entwicklung-der-gemeinde\/attachment\/tafel-im-eingangsberich-der-synagoge-c-i-eisenshtat-2\/\">\u041c\u0435\u043c\u043e\u0440\u0438\u0430\u043b\u044c\u043d\u0430\u044f \u0434\u043e\u0441\u043a\u0430 \u0432 \u0447\u0435\u0441\u0442\u044c \u043f\u043e\u0432\u0442\u043e\u0440\u043d\u043e\u0433\u043e \u043e\u0441\u0432\u044f\u0449\u0435\u043d\u0438\u044f \u0441\u0438\u043d\u0430\u0433\u043e\u0433\u0438 \u0432 1946 \u0433. \u0424\u043e\u0442\u043e\u0433\u0440\u0430\u0444: \u0418\u0433\u043e\u0440\u044c \u0410\u0439\u0437\u0435\u043d\u0448\u0442\u0430\u0442. \u041a\u043e\u043b\u043b\u0435\u043a\u0446\u0438\u044f \u0415\u0432\u0440\u0435\u0439\u0441\u043a\u0430\u044f \u043e\u0431\u0449\u0438\u043d\u0430 \u0412\u0438\u0441\u0431\u0430\u0434\u0435\u043d\u0430<\/a><\/h2>\t\t<\/div>\r\n\t<\/article>\r\n\t<article class=\"w-grid-item post-935 attachment type-attachment status-inherit hentry\" data-id=\"935\">\r\n\t\t<div class=\"w-grid-item-h\">\r\n\t\t\t\t\t\t\t<a class=\"w-grid-item-anchor\" href=\"https:\/\/juedisches-wiesbaden.de\/wp-content\/uploads\/2021\/08\/P1290307-scaled.jpg\" ref=\"magnificPopupGrid\" title=\"\u0413\u043e\u043b\u043e\u0441\u043e\u0432\u0430\u043d\u0438\u0435 \u0432\u043e \u0432\u0440\u0435\u043c\u044f \u043e\u0431\u0449\u0435\u0433\u043e \u0441\u043e\u0431\u0440\u0430\u043d\u0438\u044f \u0435\u0432\u0440\u0435\u0439\u0441\u043a\u043e\u0439 \u043e\u0431\u0449\u0438\u043d\u044b \u0412\u0438\u0441\u0431\u0430\u0434\u0435\u043d\u0430. \u0424\u043e\u0442\u043e\u0433\u0440\u0430\u0444: \u0418\u0433\u043e\u0440\u044c \u0410\u0439\u0437\u0435\u043d\u0448\u0442\u0430\u0442. \u041a\u043e\u043b\u043b\u0435\u043a\u0446\u0438\u044f \u0415\u0432\u0440\u0435\u0439\u0441\u043a\u0430\u044f \u043e\u0431\u0449\u0438\u043d\u0430 \u0412\u0438\u0441\u0431\u0430\u0434\u0435\u043d\u0430\"><\/a>\r\n\t\t\t\t\t\t<div class=\"w-post-elm post_image usg_post_image_1 stretched\"><a href=\"https:\/\/juedisches-wiesbaden.de\/ru\/envira\/entwicklung-der-gemeinde\/attachment\/p1290307-2\/\" aria-label=\"\u0413\u043e\u043b\u043e\u0441\u043e\u0432\u0430\u043d\u0438\u0435 \u0432\u043e \u0432\u0440\u0435\u043c\u044f \u043e\u0431\u0449\u0435\u0433\u043e \u0441\u043e\u0431\u0440\u0430\u043d\u0438\u044f \u0435\u0432\u0440\u0435\u0439\u0441\u043a\u043e\u0439 \u043e\u0431\u0449\u0438\u043d\u044b \u0412\u0438\u0441\u0431\u0430\u0434\u0435\u043d\u0430. \u0424\u043e\u0442\u043e\u0433\u0440\u0430\u0444: \u0418\u0433\u043e\u0440\u044c \u0410\u0439\u0437\u0435\u043d\u0448\u0442\u0430\u0442. \u041a\u043e\u043b\u043b\u0435\u043a\u0446\u0438\u044f \u0415\u0432\u0440\u0435\u0439\u0441\u043a\u0430\u044f \u043e\u0431\u0449\u0438\u043d\u0430 \u0412\u0438\u0441\u0431\u0430\u0434\u0435\u043d\u0430\"><img loading=\"lazy\" decoding=\"async\" width=\"600\" height=\"221\" src=\"https:\/\/juedisches-wiesbaden.de\/wp-content\/uploads\/2021\/08\/P1290307-scaled.jpg\" class=\"attachment-us_600_600_crop size-us_600_600_crop\" alt=\"\u0413\u043e\u043b\u043e\u0441\u043e\u0432\u0430\u043d\u0438\u0435 \u0432\u043e \u0432\u0440\u0435\u043c\u044f \u043e\u0431\u0449\u0435\u0433\u043e \u0441\u043e\u0431\u0440\u0430\u043d\u0438\u044f \u0435\u0432\u0440\u0435\u0439\u0441\u043a\u043e\u0439 \u043e\u0431\u0449\u0438\u043d\u044b \u0412\u0438\u0441\u0431\u0430\u0434\u0435\u043d\u0430. \u0424\u043e\u0442\u043e\u0433\u0440\u0430\u0444: \u0418\u0433\u043e\u0440\u044c \u0410\u0439\u0437\u0435\u043d\u0448\u0442\u0430\u0442. \u041a\u043e\u043b\u043b\u0435\u043a\u0446\u0438\u044f \u0415\u0432\u0440\u0435\u0439\u0441\u043a\u0430\u044f \u043e\u0431\u0449\u0438\u043d\u0430 \u0412\u0438\u0441\u0431\u0430\u0434\u0435\u043d\u0430\" srcset=\"https:\/\/juedisches-wiesbaden.de\/wp-content\/uploads\/2021\/08\/P1290307-scaled.jpg 2560w, https:\/\/juedisches-wiesbaden.de\/wp-content\/uploads\/2021\/08\/P1290307-scaled-300x111.jpg 300w, https:\/\/juedisches-wiesbaden.de\/wp-content\/uploads\/2021\/08\/P1290307-scaled-1024x377.jpg 1024w\" sizes=\"auto, (max-width: 600px) 100vw, 600px\" \/><\/a><\/div><h2 class=\"w-post-elm post_title usg_post_title_1 entry-title color_link_inherit\"><a href=\"https:\/\/juedisches-wiesbaden.de\/ru\/envira\/entwicklung-der-gemeinde\/attachment\/p1290307-2\/\">\u0413\u043e\u043b\u043e\u0441\u043e\u0432\u0430\u043d\u0438\u0435 \u0432\u043e \u0432\u0440\u0435\u043c\u044f \u043e\u0431\u0449\u0435\u0433\u043e \u0441\u043e\u0431\u0440\u0430\u043d\u0438\u044f \u0435\u0432\u0440\u0435\u0439\u0441\u043a\u043e\u0439 \u043e\u0431\u0449\u0438\u043d\u044b \u0412\u0438\u0441\u0431\u0430\u0434\u0435\u043d\u0430. \u0424\u043e\u0442\u043e\u0433\u0440\u0430\u0444: \u0418\u0433\u043e\u0440\u044c \u0410\u0439\u0437\u0435\u043d\u0448\u0442\u0430\u0442. \u041a\u043e\u043b\u043b\u0435\u043a\u0446\u0438\u044f \u0415\u0432\u0440\u0435\u0439\u0441\u043a\u0430\u044f \u043e\u0431\u0449\u0438\u043d\u0430 \u0412\u0438\u0441\u0431\u0430\u0434\u0435\u043d\u0430<\/a><\/h2>\t\t<\/div>\r\n\t<\/article>\r\n\t<article class=\"w-grid-item post-930 attachment type-attachment status-inherit hentry\" data-id=\"930\">\r\n\t\t<div class=\"w-grid-item-h\">\r\n\t\t\t\t\t\t\t<a class=\"w-grid-item-anchor\" href=\"https:\/\/juedisches-wiesbaden.de\/wp-content\/uploads\/2021\/08\/Beitragsbild-K.d.oe_.R.jpg\" ref=\"magnificPopupGrid\" title=\"\u0411\u043b\u0430\u043d\u043a \u043f\u0438\u0441\u044c\u043c\u0430 \u0441 \u043d\u043e\u0432\u043e\u0439 \u043f\u0435\u0447\u0430\u0442\u044c\u044e \u043f\u043e\u0441\u043b\u0435 1950 \u0433. HHStAW Dept. 503 No. 7394\"><\/a>\r\n\t\t\t\t\t\t<div class=\"w-post-elm post_image usg_post_image_1 stretched\"><a href=\"https:\/\/juedisches-wiesbaden.de\/ru\/beitragsbild-k-d-oe-r-2\/\" aria-label=\"\u0411\u043b\u0430\u043d\u043a \u043f\u0438\u0441\u044c\u043c\u0430 \u0441 \u043d\u043e\u0432\u043e\u0439 \u043f\u0435\u0447\u0430\u0442\u044c\u044e \u043f\u043e\u0441\u043b\u0435 1950 \u0433. HHStAW Dept. 503 No. 7394\"><img loading=\"lazy\" decoding=\"async\" width=\"600\" height=\"400\" src=\"https:\/\/juedisches-wiesbaden.de\/wp-content\/uploads\/2021\/08\/Beitragsbild-K.d.oe_.R.jpg\" class=\"attachment-us_600_600_crop size-us_600_600_crop\" alt=\"\u0411\u043b\u0430\u043d\u043a \u043f\u0438\u0441\u044c\u043c\u0430 \u0441 \u043d\u043e\u0432\u043e\u0439 \u043f\u0435\u0447\u0430\u0442\u044c\u044e \u043f\u043e\u0441\u043b\u0435 1950 \u0433. HHStAW Dept. 503 No. 7394\" srcset=\"https:\/\/juedisches-wiesbaden.de\/wp-content\/uploads\/2021\/08\/Beitragsbild-K.d.oe_.R.jpg 1140w, https:\/\/juedisches-wiesbaden.de\/wp-content\/uploads\/2021\/08\/Beitragsbild-K.d.oe_.R-300x200.jpg 300w, https:\/\/juedisches-wiesbaden.de\/wp-content\/uploads\/2021\/08\/Beitragsbild-K.d.oe_.R-1024x683.jpg 1024w\" sizes=\"auto, (max-width: 600px) 100vw, 600px\" \/><\/a><\/div><h2 class=\"w-post-elm post_title usg_post_title_1 entry-title color_link_inherit\"><a href=\"https:\/\/juedisches-wiesbaden.de\/ru\/beitragsbild-k-d-oe-r-2\/\">\u0411\u043b\u0430\u043d\u043a \u043f\u0438\u0441\u044c\u043c\u0430 \u0441 \u043d\u043e\u0432\u043e\u0439 \u043f\u0435\u0447\u0430\u0442\u044c\u044e \u043f\u043e\u0441\u043b\u0435 1950 \u0433. HHStAW Dept. 503 No. 7394<\/a><\/h2>\t\t<\/div>\r\n\t<\/article>\r\n<\/div><div class=\"w-grid-preloader\"><div class=\"g-preloader type_1\">\r\n\t<div><\/div>\r\n<\/div>\r\n<\/div>\t<div class=\"w-grid-json hidden\" onclick='return {&quot;action&quot;:&quot;us_ajax_grid&quot;,&quot;ajax_url&quot;:&quot;https:\\\/\\\/juedisches-wiesbaden.de\\\/wp-admin\\\/admin-ajax.php&quot;,&quot;infinite_scroll&quot;:0,&quot;max_num_pages&quot;:1,&quot;pagination&quot;:&quot;none&quot;,&quot;permalink_url&quot;:&quot;https:\\\/\\\/juedisches-wiesbaden.de\\\/ru\\\/wp-json\\\/wp\\\/v2\\\/pages\\\/1181\\\/&quot;,&quot;template_vars&quot;:{&quot;columns&quot;:&quot;2&quot;,&quot;exclude_items&quot;:&quot;none&quot;,&quot;img_size&quot;:&quot;default&quot;,&quot;ignore_items_size&quot;:false,&quot;items_layout&quot;:&quot;2790&quot;,&quot;items_offset&quot;:&quot;1&quot;,&quot;load_animation&quot;:&quot;none&quot;,&quot;overriding_link&quot;:&quot;popup_post_image&quot;,&quot;post_id&quot;:1181,&quot;query_args&quot;:{&quot;post_type&quot;:[&quot;attachment&quot;],&quot;post__in&quot;:[&quot;936&quot;,&quot;940&quot;,&quot;932&quot;,&quot;927&quot;],&quot;post_status&quot;:&quot;inherit&quot;,&quot;post_mime_type&quot;:&quot;image&quot;,&quot;posts_per_page&quot;:&quot;22&quot;},&quot;orderby_query_args&quot;:{&quot;orderby&quot;:{&quot;date&quot;:&quot;DESC&quot;}},&quot;type&quot;:&quot;grid&quot;,&quot;us_grid_ajax_index&quot;:1,&quot;us_grid_filter_params&quot;:null,&quot;us_grid_index&quot;:1,&quot;_us_grid_post_type&quot;:&quot;attachment&quot;,&quot;lang&quot;:&quot;ru&quot;}}'><\/div>\r\n\t<\/div><\/div><\/div><\/div><\/div><\/div><\/section>","protected":false},"excerpt":{"rendered":"","protected":false},"author":5,"featured_media":930,"parent":0,"menu_order":0,"comment_status":"closed","ping_status":"closed","template":"","meta":{"inline_featured_image":false,"footnotes":""},"class_list":["post-1181","page","type-page","status-publish","has-post-thumbnail","hentry"],"_links":{"self":[{"href":"https:\/\/juedisches-wiesbaden.de\/ru\/wp-json\/wp\/v2\/pages\/1181","targetHints":{"allow":["GET"]}}],"collection":[{"href":"https:\/\/juedisches-wiesbaden.de\/ru\/wp-json\/wp\/v2\/pages"}],"about":[{"href":"https:\/\/juedisches-wiesbaden.de\/ru\/wp-json\/wp\/v2\/types\/page"}],"author":[{"embeddable":true,"href":"https:\/\/juedisches-wiesbaden.de\/ru\/wp-json\/wp\/v2\/users\/5"}],"replies":[{"embeddable":true,"href":"https:\/\/juedisches-wiesbaden.de\/ru\/wp-json\/wp\/v2\/comments?post=1181"}],"version-history":[{"count":17,"href":"https:\/\/juedisches-wiesbaden.de\/ru\/wp-json\/wp\/v2\/pages\/1181\/revisions"}],"predecessor-version":[{"id":3549,"href":"https:\/\/juedisches-wiesbaden.de\/ru\/wp-json\/wp\/v2\/pages\/1181\/revisions\/3549"}],"wp:featuredmedia":[{"embeddable":true,"href":"https:\/\/juedisches-wiesbaden.de\/ru\/wp-json\/wp\/v2\/media\/930"}],"wp:attachment":[{"href":"https:\/\/juedisches-wiesbaden.de\/ru\/wp-json\/wp\/v2\/media?parent=1181"}],"curies":[{"name":"wp","href":"https:\/\/api.w.org\/{rel}","templated":true}]}}